{"id":48961,"date":"2024-04-04T04:27:32","date_gmt":"2024-04-04T04:27:32","guid":{"rendered":"https:\/\/e.kosmolat.eu\/product\/eclu-dusas-zeleja-un-samp-2in1-sport-100-ml\/"},"modified":"2025-09-20T03:30:46","modified_gmt":"2025-09-20T03:30:46","slug":"i_eclu-dusas-zeleja-un-samp-2in1-sport-100-ml","status":"publish","type":"product","link":"https:\/\/e.kosmolat.eu\/lt\/produktas\/i_eclu-dusas-zeleja-un-samp-2in1-sport-100-ml\/","title":{"rendered":"I_ECOLATIER URBAN Du\u0161o \u017eel\u0117 ir \u0161amp\u016bnas 2 in 1 Sport, 100 ml"},"content":{"rendered":"<p>Idealus produktas &scaron;velniam k\u016bno ir plauk\u0173 valymui. Nat\u016bral\u016bs aliejai ir ekstraktai puosel\u0117ja plaukus ir dr\u0117kina od\u0105.<\/p>\n<p><strong>Aktyv\u016bs ingredientai:<\/strong><\/p>\n<ul>\n<li><strong>Greipfrut\u0173 aliejus<\/strong> yra nat\u016bralus antioksidantas. Atgaivina, tonizuoja od\u0105 ir pakelia nuotaik\u0105.<\/li>\n<li><strong>Verben\u0173 ekstraktas<\/strong> atkuria ir tonizuoja od\u0105, tod\u0117l ji tampa stangresn\u0117 ir gaivesn\u0117. Oda yra i&scaron;valyta, pamaitinta, atrodo sveika ir elastinga.<\/li>\n<li><strong>Krotono med\u017eio dervos ekstraktas (drakono kraujas), moring\u0173 ekstraktas, vitaminai B5, B6, C ir E<\/strong> pasi\u017eymi dideliu antioksidaciniu aktyvumu ir atkuria apsaugin\u012f odos barjer\u0105.<\/li>\n<\/ul>\n<p><strong>Naudojimas:<\/strong> paskirstykite ant dr\u0117gn\u0173 plauk\u0173 ir odos, suputokite, nuplaukite &scaron;iltu vandeniu. Tik i&scaron;oriniam naudojimui.<br \/>\n&nbsp;<\/p>\n","protected":false},"excerpt":{"rendered":"<p>Idealus produktas &scaron;velniam k\u016bno ir plauk\u0173 valymui. Nat\u016bral\u016bs aliejai ir ekstraktai puosel\u0117ja plaukus ir dr\u0117kina od\u0105. Aktyv\u016bs ingredientai: Greipfrut\u0173 aliejus yra nat\u016bralus antioksidantas. Atgaivina, tonizuoja od\u0105 ir pakelia nuotaik\u0105. Verben\u0173 ekstraktas atkuria ir tonizuoja od\u0105, tod\u0117l ji tampa stangresn\u0117 ir gaivesn\u0117. Oda yra i&scaron;valyta, pamaitinta, atrodo sveika ir elastinga. Krotono med\u017eio dervos ekstraktas (drakono kraujas), [&#8230;]\n","protected":false},"featured_media":90986,"template":"","meta":[],"product_cat":[2181],"product_tag":[],"class_list":{"0":"post-48961","1":"product","2":"type-product","3":"status-publish","4":"has-post-thumbnail","6":"product_brand-ecolab_cs-lt","7":"product_cat-bez-kategorijas-lt","9":"first","10":"outofstock","11":"taxable","12":"shipping-taxable","13":"product-type-simple"},"_links":{"self":[{"href":"https:\/\/e.kosmolat.eu\/lt\/wp-json\/wp\/v2\/product\/48961","targetHints":{"allow":["GET"]}}],"collection":[{"href":"https:\/\/e.kosmolat.eu\/lt\/wp-json\/wp\/v2\/product"}],"about":[{"href":"https:\/\/e.kosmolat.eu\/lt\/wp-json\/wp\/v2\/types\/product"}],"wp:featuredmedia":[{"embeddable":true,"href":"https:\/\/e.kosmolat.eu\/lt\/wp-json\/wp\/v2\/media\/90986"}],"wp:attachment":[{"href":"https:\/\/e.kosmolat.eu\/lt\/wp-json\/wp\/v2\/media?parent=48961"}],"wp:term":[{"taxonomy":"product_cat","embeddable":true,"href":"https:\/\/e.kosmolat.eu\/lt\/wp-json\/wp\/v2\/product_cat?post=48961"},{"taxonomy":"product_tag","embeddable":true,"href":"https:\/\/e.kosmolat.eu\/lt\/wp-json\/wp\/v2\/product_tag?post=48961"}],"curies":[{"name":"wp","href":"https:\/\/api.w.org\/{rel}","templated":true}]}}