{"id":48953,"date":"2024-04-04T04:27:19","date_gmt":"2024-04-04T04:27:19","guid":{"rendered":"https:\/\/e.kosmolat.eu\/product\/eclu-dusas-zeleja-sea-minerals-matcha-600-ml\/"},"modified":"2026-04-10T07:59:36","modified_gmt":"2026-04-10T07:59:36","slug":"eclu-dusas-zeleja-sea-minerals-matcha-600-ml","status":"publish","type":"product","link":"https:\/\/e.kosmolat.eu\/lt\/produktas\/eclu-dusas-zeleja-sea-minerals-matcha-600-ml\/","title":{"rendered":"ECOLATIER URBAN Du\u0161o \u017eel\u0117 Sea Minerals &#038; Matcha, 600 ml"},"content":{"rendered":"<p>Kruop&scaron;\u010diai atrinkti nat\u016bral\u016bs ekstraktai ir aliejai &scaron;velniai valo ir dr\u0117kina od\u0105. Gelis suteikia odai subtil\u0173 aromat\u0105 ir pagerina nuotaik\u0105.<\/p>\n<p><strong>Aktyv\u016bs ingredientai:<\/strong><\/p>\n<ul>\n<li><strong>J\u016bros mineralai<\/strong> prisotina od\u0105 maistin\u0117mis med\u017eiagomis, padidina odos tonus\u0105 ir elastingum\u0105.<\/li>\n<li><strong>Matcha<\/strong> <strong>\u017ealiosios arbatos ekstraktas<\/strong> u\u017etikrina gil\u0173 ir &scaron;veln\u0173 odos valym\u0105, tonizuoja ir maitina od\u0105.<\/li>\n<li><strong>Krotono med\u017eio sak\u0173 ekstraktas (drakono kraujas), moring\u0173 ekstraktas, vitaminai B5, B6, C ir E<\/strong> pasi\u017eymi dideliu antioksidaciniu aktyvumu ir atkuria apsaugin\u012f odos barjer\u0105.<\/li>\n<\/ul>\n<p><strong>Naudojimas:<\/strong> tepkite ant dr\u0117gnos odos, suputokite, nuplaukite &scaron;iltu vandeniu. Tik i&scaron;oriniam naudojimui.<\/p>\n","protected":false},"excerpt":{"rendered":"<p>Kruop&scaron;\u010diai atrinkti nat\u016bral\u016bs ekstraktai ir aliejai &scaron;velniai valo ir dr\u0117kina od\u0105. Gelis suteikia odai subtil\u0173 aromat\u0105 ir pagerina nuotaik\u0105. Aktyv\u016bs ingredientai: J\u016bros mineralai prisotina od\u0105 maistin\u0117mis med\u017eiagomis, padidina odos tonus\u0105 ir elastingum\u0105. Matcha \u017ealiosios arbatos ekstraktas u\u017etikrina gil\u0173 ir &scaron;veln\u0173 odos valym\u0105, tonizuoja ir maitina od\u0105. Krotono med\u017eio sak\u0173 ekstraktas (drakono kraujas), moring\u0173 ekstraktas, vitaminai [&#8230;]\n","protected":false},"featured_media":90982,"template":"","meta":[],"product_cat":[1691],"product_tag":[],"class_list":{"0":"post-48953","1":"product","2":"type-product","3":"status-publish","4":"has-post-thumbnail","6":"product_brand-ecolab_cs-lt","7":"product_cat-duso-geliai","9":"first","10":"instock","11":"taxable","12":"shipping-taxable","13":"product-type-simple"},"_links":{"self":[{"href":"https:\/\/e.kosmolat.eu\/lt\/wp-json\/wp\/v2\/product\/48953","targetHints":{"allow":["GET"]}}],"collection":[{"href":"https:\/\/e.kosmolat.eu\/lt\/wp-json\/wp\/v2\/product"}],"about":[{"href":"https:\/\/e.kosmolat.eu\/lt\/wp-json\/wp\/v2\/types\/product"}],"wp:featuredmedia":[{"embeddable":true,"href":"https:\/\/e.kosmolat.eu\/lt\/wp-json\/wp\/v2\/media\/90982"}],"wp:attachment":[{"href":"https:\/\/e.kosmolat.eu\/lt\/wp-json\/wp\/v2\/media?parent=48953"}],"wp:term":[{"taxonomy":"product_cat","embeddable":true,"href":"https:\/\/e.kosmolat.eu\/lt\/wp-json\/wp\/v2\/product_cat?post=48953"},{"taxonomy":"product_tag","embeddable":true,"href":"https:\/\/e.kosmolat.eu\/lt\/wp-json\/wp\/v2\/product_tag?post=48953"}],"curies":[{"name":"wp","href":"https:\/\/api.w.org\/{rel}","templated":true}]}}