{"id":48937,"date":"2024-04-04T04:25:27","date_gmt":"2024-04-04T04:25:27","guid":{"rendered":"https:\/\/e.kosmolat.eu\/product\/eclu-dusas-zeleja-grapefruit-clementine-600-ml\/"},"modified":"2026-04-13T15:00:50","modified_gmt":"2026-04-13T15:00:50","slug":"eclu-dusas-zeleja-grapefruit-clementine-600-ml","status":"publish","type":"product","link":"https:\/\/e.kosmolat.eu\/lt\/produktas\/eclu-dusas-zeleja-grapefruit-clementine-600-ml\/","title":{"rendered":"ECOLATIER URBAN Du\u0161o \u017eel\u0117 Grapefruit &#038; Clementine, 600 ml"},"content":{"rendered":"<p>Kruop&scaron;\u010diai atrinkti nat\u016bral\u016bs ekstraktai ir aliejai &scaron;velniai valo ir dr\u0117kina od\u0105. Gelis suteikia odai subtil\u0173 aromat\u0105 ir pagerina nuotaik\u0105.<\/p>\n<p><strong>Aktyv\u016bs ingredientai:<\/strong><\/p>\n<ul>\n<li><strong>Greipfrut\u0173 aliejuje<\/strong> yra vaisi\u0173 r\u016bg&scaron;\u010di\u0173 ir ferment\u0173, kurie teigiamai veikia od\u0105 ir j\u0105 atkuria. Oda i&scaron;valyta, pamaitinta, sveika ir elastinga.<\/li>\n<li><strong>Mandarin\u0173 ekstraktas<\/strong> atpalaiduoja ir ma\u017eina stres\u0105.<\/li>\n<li><strong>Krotono med\u017eio sak\u0173 ekstraktas (drakono kraujas), moring\u0173 ekstraktas, vitaminai B5, B6, C ir E<\/strong> pasi\u017eymi dideliu antioksidaciniu aktyvumu ir atkuria apsaugin\u012f odos barjer\u0105.<\/li>\n<\/ul>\n<p><strong>Naudojimas:<\/strong> tepkite ant dr\u0117gnos odos, suputokite, nuplaukite &scaron;iltu vandeniu. Tik i&scaron;oriniam naudojimui.<br \/>\n&nbsp;<\/p>\n","protected":false},"excerpt":{"rendered":"<p>Kruop&scaron;\u010diai atrinkti nat\u016bral\u016bs ekstraktai ir aliejai &scaron;velniai valo ir dr\u0117kina od\u0105. Gelis suteikia odai subtil\u0173 aromat\u0105 ir pagerina nuotaik\u0105. Aktyv\u016bs ingredientai: Greipfrut\u0173 aliejuje yra vaisi\u0173 r\u016bg&scaron;\u010di\u0173 ir ferment\u0173, kurie teigiamai veikia od\u0105 ir j\u0105 atkuria. Oda i&scaron;valyta, pamaitinta, sveika ir elastinga. Mandarin\u0173 ekstraktas atpalaiduoja ir ma\u017eina stres\u0105. Krotono med\u017eio sak\u0173 ekstraktas (drakono kraujas), moring\u0173 ekstraktas, [&#8230;]\n","protected":false},"featured_media":90974,"template":"","meta":[],"product_cat":[1691],"product_tag":[],"class_list":{"0":"post-48937","1":"product","2":"type-product","3":"status-publish","4":"has-post-thumbnail","6":"product_brand-ecolab_cs-lt","7":"product_cat-duso-geliai","9":"first","10":"instock","11":"taxable","12":"shipping-taxable","13":"product-type-simple"},"_links":{"self":[{"href":"https:\/\/e.kosmolat.eu\/lt\/wp-json\/wp\/v2\/product\/48937","targetHints":{"allow":["GET"]}}],"collection":[{"href":"https:\/\/e.kosmolat.eu\/lt\/wp-json\/wp\/v2\/product"}],"about":[{"href":"https:\/\/e.kosmolat.eu\/lt\/wp-json\/wp\/v2\/types\/product"}],"wp:featuredmedia":[{"embeddable":true,"href":"https:\/\/e.kosmolat.eu\/lt\/wp-json\/wp\/v2\/media\/90974"}],"wp:attachment":[{"href":"https:\/\/e.kosmolat.eu\/lt\/wp-json\/wp\/v2\/media?parent=48937"}],"wp:term":[{"taxonomy":"product_cat","embeddable":true,"href":"https:\/\/e.kosmolat.eu\/lt\/wp-json\/wp\/v2\/product_cat?post=48937"},{"taxonomy":"product_tag","embeddable":true,"href":"https:\/\/e.kosmolat.eu\/lt\/wp-json\/wp\/v2\/product_tag?post=48937"}],"curies":[{"name":"wp","href":"https:\/\/api.w.org\/{rel}","templated":true}]}}