{"id":48921,"date":"2024-04-04T04:24:49","date_gmt":"2024-04-04T04:24:49","guid":{"rendered":"https:\/\/e.kosmolat.eu\/product\/ecl-dus-ella-dr-organic-argana-250-ml\/"},"modified":"2026-04-14T05:52:42","modified_gmt":"2026-04-14T05:52:42","slug":"ecl-dus-ella-dr-organic-argana-250-ml","status":"publish","type":"product","link":"https:\/\/e.kosmolat.eu\/lt\/produktas\/ecl-dus-ella-dr-organic-argana-250-ml\/","title":{"rendered":"ECOLATIER Du\u0161o aliejus Deep Reviving Organic Argana, 250 ml"},"content":{"rendered":"<p>&Scaron;velniai valo ir tonizuoja od\u0105. Aliejus susilietus su vandeniu virsta subtiliomis putomis. Oda tampa &scaron;velni ir sveika. Du&scaron;o aliejus suteikia odai lengv\u0105 aromat\u0105. Tinka visiems odos tipams. Tinka veganams.<\/p>\n<p><strong>Ingredientai:<\/strong> <strong>organinis &scaron;alto spaudimo argan\u0173 aliejus<\/strong> yra praturtintas neso\u010di\u0173j\u0173 riebal\u0173 r\u016bg&scaron;timis ir vitaminu E, kurie yra naudingi odos sveikatai. Aliejus greitai susigeria ir prasiskverbia \u012f od\u0105, pagerina jos elastingum\u0105 ir dr\u0117kina.<\/p>\n<p><strong>Veikliosios med\u017eiagos:<\/strong> <strong>rakta\u017eoli\u0173 aliejus <\/strong>efektyviai dr\u0117kina ir mink&scaron;tina od\u0105.&nbsp;<strong>Biolipid\u0173 kompleksas<\/strong> padeda atkurti odos mikrobiom\u0105, palaikyti sveik\u0105 mikroflor\u0105 ir giliai dr\u0117kinti.<\/p>\n<p><strong>Naudojimas:<\/strong> tepkite ant dr\u0117gnos odos, tada nuplaukite &scaron;iltu vandeniu. Tik i&scaron;oriniam naudojimui.<br \/>\n&nbsp;<\/p>\n","protected":false},"excerpt":{"rendered":"<p>&Scaron;velniai valo ir tonizuoja od\u0105. Aliejus susilietus su vandeniu virsta subtiliomis putomis. Oda tampa &scaron;velni ir sveika. Du&scaron;o aliejus suteikia odai lengv\u0105 aromat\u0105. Tinka visiems odos tipams. Tinka veganams. Ingredientai: organinis &scaron;alto spaudimo argan\u0173 aliejus yra praturtintas neso\u010di\u0173j\u0173 riebal\u0173 r\u016bg&scaron;timis ir vitaminu E, kurie yra naudingi odos sveikatai. Aliejus greitai susigeria ir prasiskverbia \u012f od\u0105, [&#8230;]\n","protected":false},"featured_media":90966,"template":"","meta":[],"product_cat":[1691],"product_tag":[],"class_list":{"0":"post-48921","1":"product","2":"type-product","3":"status-publish","4":"has-post-thumbnail","6":"product_brand-ecolab_cs-lt","7":"product_cat-duso-geliai","9":"first","10":"instock","11":"taxable","12":"shipping-taxable","13":"product-type-simple"},"_links":{"self":[{"href":"https:\/\/e.kosmolat.eu\/lt\/wp-json\/wp\/v2\/product\/48921","targetHints":{"allow":["GET"]}}],"collection":[{"href":"https:\/\/e.kosmolat.eu\/lt\/wp-json\/wp\/v2\/product"}],"about":[{"href":"https:\/\/e.kosmolat.eu\/lt\/wp-json\/wp\/v2\/types\/product"}],"wp:featuredmedia":[{"embeddable":true,"href":"https:\/\/e.kosmolat.eu\/lt\/wp-json\/wp\/v2\/media\/90966"}],"wp:attachment":[{"href":"https:\/\/e.kosmolat.eu\/lt\/wp-json\/wp\/v2\/media?parent=48921"}],"wp:term":[{"taxonomy":"product_cat","embeddable":true,"href":"https:\/\/e.kosmolat.eu\/lt\/wp-json\/wp\/v2\/product_cat?post=48921"},{"taxonomy":"product_tag","embeddable":true,"href":"https:\/\/e.kosmolat.eu\/lt\/wp-json\/wp\/v2\/product_tag?post=48921"}],"curies":[{"name":"wp","href":"https:\/\/api.w.org\/{rel}","templated":true}]}}