{"id":48913,"date":"2024-04-04T04:24:32","date_gmt":"2024-04-04T04:24:32","guid":{"rendered":"https:\/\/e.kosmolat.eu\/product\/eclp-dusas-zeleja-relax-400-ml\/"},"modified":"2026-04-15T11:56:43","modified_gmt":"2026-04-15T11:56:43","slug":"eclp-dusas-zeleja-relax-400-ml","status":"publish","type":"product","link":"https:\/\/e.kosmolat.eu\/lt\/produktas\/eclp-dusas-zeleja-relax-400-ml\/","title":{"rendered":"ECOLATIER POWER Du\u0161o \u017eel\u0117 Relax, 400 ml"},"content":{"rendered":"<p>Du&scaron;o \u017eel\u0117 efektyviai valo, dr\u0117kina, mink&scaron;tina ir tonizuoja od\u0105. Nat\u016bralus levand\u0173 aliejus ir &scaron;alavij\u0173 ekstraktas suteikia maksimal\u0173 atsipalaidavim\u0105 po sunkios dienos, padeda pasinerti \u012f ramyb\u0117s ir atsipalaidavimo pasaul\u012f.<\/p>\n<p><strong>Aktyv\u016bs ingredientai:<\/strong><\/p>\n<ul>\n<li><strong>Levand\u0173 aliejus <\/strong>maitina ir dr\u0117kina od\u0105, suteikdamas raminam\u0105j\u012f ir atpalaiduojant\u012f poveik\u012f.<\/li>\n<li><strong>&Scaron;alavij\u0173 ekstraktas<\/strong> pasi\u017eymi atkuriamuoju poveikiu, prailgina &scaron;varos ir gaivos poj\u016bt\u012f.<\/li>\n<\/ul>\n<p><strong>Naudojimas:<\/strong> tepkite ant dr\u0117gnos odos, suputokite, nuplaukite &scaron;iltu vandeniu. Tik i&scaron;oriniam naudojimui.<br \/>\n&nbsp;<\/p>\n","protected":false},"excerpt":{"rendered":"<p>Du&scaron;o \u017eel\u0117 efektyviai valo, dr\u0117kina, mink&scaron;tina ir tonizuoja od\u0105. Nat\u016bralus levand\u0173 aliejus ir &scaron;alavij\u0173 ekstraktas suteikia maksimal\u0173 atsipalaidavim\u0105 po sunkios dienos, padeda pasinerti \u012f ramyb\u0117s ir atsipalaidavimo pasaul\u012f. Aktyv\u016bs ingredientai: Levand\u0173 aliejus maitina ir dr\u0117kina od\u0105, suteikdamas raminam\u0105j\u012f ir atpalaiduojant\u012f poveik\u012f. &Scaron;alavij\u0173 ekstraktas pasi\u017eymi atkuriamuoju poveikiu, prailgina &scaron;varos ir gaivos poj\u016bt\u012f. Naudojimas: tepkite ant dr\u0117gnos [&#8230;]\n","protected":false},"featured_media":90962,"template":"","meta":[],"product_cat":[1691],"product_tag":[],"class_list":{"0":"post-48913","1":"product","2":"type-product","3":"status-publish","4":"has-post-thumbnail","6":"product_brand-ecolab_cs-lt","7":"product_cat-duso-geliai","9":"first","10":"instock","11":"taxable","12":"shipping-taxable","13":"product-type-simple"},"_links":{"self":[{"href":"https:\/\/e.kosmolat.eu\/lt\/wp-json\/wp\/v2\/product\/48913","targetHints":{"allow":["GET"]}}],"collection":[{"href":"https:\/\/e.kosmolat.eu\/lt\/wp-json\/wp\/v2\/product"}],"about":[{"href":"https:\/\/e.kosmolat.eu\/lt\/wp-json\/wp\/v2\/types\/product"}],"wp:featuredmedia":[{"embeddable":true,"href":"https:\/\/e.kosmolat.eu\/lt\/wp-json\/wp\/v2\/media\/90962"}],"wp:attachment":[{"href":"https:\/\/e.kosmolat.eu\/lt\/wp-json\/wp\/v2\/media?parent=48913"}],"wp:term":[{"taxonomy":"product_cat","embeddable":true,"href":"https:\/\/e.kosmolat.eu\/lt\/wp-json\/wp\/v2\/product_cat?post=48913"},{"taxonomy":"product_tag","embeddable":true,"href":"https:\/\/e.kosmolat.eu\/lt\/wp-json\/wp\/v2\/product_tag?post=48913"}],"curies":[{"name":"wp","href":"https:\/\/api.w.org\/{rel}","templated":true}]}}