{"id":48905,"date":"2024-04-04T04:24:17","date_gmt":"2024-04-04T04:24:17","guid":{"rendered":"https:\/\/e.kosmolat.eu\/product\/ecl-dusas-zeleja-lf-organic-cannabis-350-ml\/"},"modified":"2026-04-01T05:17:33","modified_gmt":"2026-04-01T05:17:33","slug":"ecl-dusas-zeleja-lf-organic-cannabis-350-ml","status":"publish","type":"product","link":"https:\/\/e.kosmolat.eu\/lt\/produktas\/ecl-dusas-zeleja-lf-organic-cannabis-350-ml\/","title":{"rendered":"ECOLATIER Du\u0161o \u017eel\u0117 Lifting &#038; Firming Organic Cannabis, 350 ml"},"content":{"rendered":"<p>&Scaron;velniai valo ir tonizuoja od\u0105. Tinka visiems odos tipams. Tinka veganams.<\/p>\n<p><strong>Ingredientai:<\/strong>&nbsp;<strong>organinis &scaron;alto spaudimo kanapi\u0173 aliejuje<\/strong> yra daug omega riebal\u0173 r\u016bg&scaron;\u010di\u0173 ir vitamin\u0173. Lengva, neriebi tekst\u016bra greitai \u012fsigeria \u012f od\u0105, neu\u017ekem&scaron;a por\u0173, prisotina l\u0105steles naudingais elementais ir palaiko sveik\u0105 odos apsaugin\u012f barjer\u0105. Naudojamas k\u016bno prie\u017ei\u016brai, nes apsaugo l\u0105steles nuo at&scaron;iauri\u0173 klimato s\u0105lyg\u0173, dehidratacijos ir tar&scaron;os.<\/p>\n<p><strong>Veikliosios med\u017eiagos:<\/strong> <strong>vetiverij\u0173 aliejus<\/strong> gaivina ir jaunina od\u0105, suteikia jai stangrumo ir elastingumo, suteikia energijos ir tonizuoja.&nbsp;<strong>Pelyn\u0173 ekstraktas<\/strong> intensyviai dr\u0117kina ir maitina od\u0105, palikdamas j\u0105 lygi\u0105 ir &scaron;velni\u0105.<\/p>\n<p><strong>Naudojimas:<\/strong> tepkite ant dr\u0117gnos odos, suputokite, nuplaukite &scaron;iltu vandeniu. Tik i&scaron;oriniam naudojimui.<br \/>\n&nbsp;<\/p>\n","protected":false},"excerpt":{"rendered":"<p>&Scaron;velniai valo ir tonizuoja od\u0105. Tinka visiems odos tipams. Tinka veganams. Ingredientai:&nbsp;organinis &scaron;alto spaudimo kanapi\u0173 aliejuje yra daug omega riebal\u0173 r\u016bg&scaron;\u010di\u0173 ir vitamin\u0173. Lengva, neriebi tekst\u016bra greitai \u012fsigeria \u012f od\u0105, neu\u017ekem&scaron;a por\u0173, prisotina l\u0105steles naudingais elementais ir palaiko sveik\u0105 odos apsaugin\u012f barjer\u0105. Naudojamas k\u016bno prie\u017ei\u016brai, nes apsaugo l\u0105steles nuo at&scaron;iauri\u0173 klimato s\u0105lyg\u0173, dehidratacijos ir tar&scaron;os. [&#8230;]\n","protected":false},"featured_media":90958,"template":"","meta":[],"product_cat":[1691],"product_tag":[],"class_list":{"0":"post-48905","1":"product","2":"type-product","3":"status-publish","4":"has-post-thumbnail","6":"product_brand-ecolab_cs-lt","7":"product_cat-duso-geliai","9":"first","10":"instock","11":"taxable","12":"shipping-taxable","13":"product-type-simple"},"_links":{"self":[{"href":"https:\/\/e.kosmolat.eu\/lt\/wp-json\/wp\/v2\/product\/48905","targetHints":{"allow":["GET"]}}],"collection":[{"href":"https:\/\/e.kosmolat.eu\/lt\/wp-json\/wp\/v2\/product"}],"about":[{"href":"https:\/\/e.kosmolat.eu\/lt\/wp-json\/wp\/v2\/types\/product"}],"wp:featuredmedia":[{"embeddable":true,"href":"https:\/\/e.kosmolat.eu\/lt\/wp-json\/wp\/v2\/media\/90958"}],"wp:attachment":[{"href":"https:\/\/e.kosmolat.eu\/lt\/wp-json\/wp\/v2\/media?parent=48905"}],"wp:term":[{"taxonomy":"product_cat","embeddable":true,"href":"https:\/\/e.kosmolat.eu\/lt\/wp-json\/wp\/v2\/product_cat?post=48905"},{"taxonomy":"product_tag","embeddable":true,"href":"https:\/\/e.kosmolat.eu\/lt\/wp-json\/wp\/v2\/product_tag?post=48905"}],"curies":[{"name":"wp","href":"https:\/\/api.w.org\/{rel}","templated":true}]}}