{"id":48889,"date":"2024-04-04T04:23:46","date_gmt":"2024-04-04T04:23:46","guid":{"rendered":"https:\/\/e.kosmolat.eu\/product\/eclp-dusas-zeleja-energy-400-ml\/"},"modified":"2026-04-10T07:59:18","modified_gmt":"2026-04-10T07:59:18","slug":"eclp-dusas-zeleja-energy-400-ml","status":"publish","type":"product","link":"https:\/\/e.kosmolat.eu\/lt\/produktas\/eclp-dusas-zeleja-energy-400-ml\/","title":{"rendered":"ECOLATIER POWER Du\u0161o \u017eel\u0117 Energy, 400 ml"},"content":{"rendered":"<p>Du&scaron;o \u017eel\u0117 efektyviai valo, dr\u0117kina, mink&scaron;tina od\u0105 ir turi tonizuojant\u012f poveik\u012f. Malonus aromatas suteikia ilgai i&scaron;liekant\u012f gaivumo, \u017evalumo ir energijos poj\u016bt\u012f visai dienai.<\/p>\n<p><strong>Aktyv\u016bs ingredientai:<\/strong><\/p>\n<ul>\n<li><strong>Apelsin\u0173 aliejus<\/strong> dr\u0117kina ir gaivina od\u0105, atkuria jos tonus\u0105 ir elastingum\u0105.<\/li>\n<li><strong>Bergamo\u010di\u0173 ekstraktas<\/strong> tonizuoja, dr\u0117kina ir gaivina od\u0105.<\/li>\n<\/ul>\n<p><strong>Naudojimas:<\/strong> tepkite ant dr\u0117gnos odos, suputokite, nuplaukite &scaron;iltu vandeniu. Tik i&scaron;oriniam naudojimui.<br \/>\n&nbsp;<\/p>\n","protected":false},"excerpt":{"rendered":"<p>Du&scaron;o \u017eel\u0117 efektyviai valo, dr\u0117kina, mink&scaron;tina od\u0105 ir turi tonizuojant\u012f poveik\u012f. Malonus aromatas suteikia ilgai i&scaron;liekant\u012f gaivumo, \u017evalumo ir energijos poj\u016bt\u012f visai dienai. Aktyv\u016bs ingredientai: Apelsin\u0173 aliejus dr\u0117kina ir gaivina od\u0105, atkuria jos tonus\u0105 ir elastingum\u0105. Bergamo\u010di\u0173 ekstraktas tonizuoja, dr\u0117kina ir gaivina od\u0105. Naudojimas: tepkite ant dr\u0117gnos odos, suputokite, nuplaukite &scaron;iltu vandeniu. Tik i&scaron;oriniam naudojimui. [&#8230;]\n","protected":false},"featured_media":90950,"template":"","meta":[],"product_cat":[1691],"product_tag":[],"class_list":{"0":"post-48889","1":"product","2":"type-product","3":"status-publish","4":"has-post-thumbnail","6":"product_brand-ecolab_cs-lt","7":"product_cat-duso-geliai","9":"first","10":"instock","11":"taxable","12":"shipping-taxable","13":"product-type-simple"},"_links":{"self":[{"href":"https:\/\/e.kosmolat.eu\/lt\/wp-json\/wp\/v2\/product\/48889","targetHints":{"allow":["GET"]}}],"collection":[{"href":"https:\/\/e.kosmolat.eu\/lt\/wp-json\/wp\/v2\/product"}],"about":[{"href":"https:\/\/e.kosmolat.eu\/lt\/wp-json\/wp\/v2\/types\/product"}],"wp:featuredmedia":[{"embeddable":true,"href":"https:\/\/e.kosmolat.eu\/lt\/wp-json\/wp\/v2\/media\/90950"}],"wp:attachment":[{"href":"https:\/\/e.kosmolat.eu\/lt\/wp-json\/wp\/v2\/media?parent=48889"}],"wp:term":[{"taxonomy":"product_cat","embeddable":true,"href":"https:\/\/e.kosmolat.eu\/lt\/wp-json\/wp\/v2\/product_cat?post=48889"},{"taxonomy":"product_tag","embeddable":true,"href":"https:\/\/e.kosmolat.eu\/lt\/wp-json\/wp\/v2\/product_tag?post=48889"}],"curies":[{"name":"wp","href":"https:\/\/api.w.org\/{rel}","templated":true}]}}