{"id":48881,"date":"2024-04-04T04:23:32","date_gmt":"2024-04-04T04:23:32","guid":{"rendered":"https:\/\/e.kosmolat.eu\/product\/ecl-dusas-zeleja-dn-organic-avocado-350-ml\/"},"modified":"2025-09-20T03:28:18","modified_gmt":"2025-09-20T03:28:18","slug":"i_ecl-dusas-zeleja-dn-organic-avocado-350-ml","status":"publish","type":"product","link":"https:\/\/e.kosmolat.eu\/lt\/produktas\/i_ecl-dusas-zeleja-dn-organic-avocado-350-ml\/","title":{"rendered":"I_ECOLATIER Du\u0161o \u017eel\u0117 Deep Nutrition Organic Avocado, 350 ml"},"content":{"rendered":"<p>&Scaron;velniai valo ir tonizuoja od\u0105. Tinka visiems odos tipams. Tinka veganams.<\/p>\n<p><strong>Ingredientai:<\/strong> organinis &scaron;alto spaudimo avokad\u0173 aliejus turi vitamin\u0173 ir antioksidant\u0173, skatina kolageno gamyb\u0105, atkuria odos barjerines funkcijas. Praturtintas vitaminais B, D, E, F ir polineso\u010diosiomis riebal\u0173 r\u016bg&scaron;timis. Veiksmingai maitina ir mink&scaron;tina od\u0105, pa&scaron;alina i&scaron;saus\u0117jim\u0105.<\/p>\n<p><strong>Veikliosios med\u017eiagos:<\/strong> apelsin\u0173 aliejus atkuria odos pH balans\u0105, mink&scaron;tina j\u0105, i&scaron;lygina tonus\u0105, suteikia energijos ir gaivina. Fig\u0173 ekstraktas stiprina ir ramina od\u0105, taip pat turi anticeliulitin\u012f poveik\u012f. Amino r\u016bg&scaron;tys dr\u0117kina ir atkuria od\u0105.<\/p>\n<p><strong>Naudojimas:<\/strong> tepkite ant dr\u0117gnos odos, suputokite, nuplaukite &scaron;iltu vandeniu. Tik i&scaron;oriniam naudojimui.<br \/>\n&nbsp;<\/p>\n","protected":false},"excerpt":{"rendered":"<p>&Scaron;velniai valo ir tonizuoja od\u0105. Tinka visiems odos tipams. Tinka veganams. Ingredientai: organinis &scaron;alto spaudimo avokad\u0173 aliejus turi vitamin\u0173 ir antioksidant\u0173, skatina kolageno gamyb\u0105, atkuria odos barjerines funkcijas. Praturtintas vitaminais B, D, E, F ir polineso\u010diosiomis riebal\u0173 r\u016bg&scaron;timis. Veiksmingai maitina ir mink&scaron;tina od\u0105, pa&scaron;alina i&scaron;saus\u0117jim\u0105. Veikliosios med\u017eiagos: apelsin\u0173 aliejus atkuria odos pH balans\u0105, mink&scaron;tina j\u0105, [&#8230;]\n","protected":false},"featured_media":90946,"template":"","meta":[],"product_cat":[2181],"product_tag":[],"class_list":{"0":"post-48881","1":"product","2":"type-product","3":"status-publish","4":"has-post-thumbnail","6":"product_brand-ecolab_cs-lt","7":"product_cat-bez-kategorijas-lt","9":"first","10":"outofstock","11":"taxable","12":"shipping-taxable","13":"product-type-simple"},"_links":{"self":[{"href":"https:\/\/e.kosmolat.eu\/lt\/wp-json\/wp\/v2\/product\/48881","targetHints":{"allow":["GET"]}}],"collection":[{"href":"https:\/\/e.kosmolat.eu\/lt\/wp-json\/wp\/v2\/product"}],"about":[{"href":"https:\/\/e.kosmolat.eu\/lt\/wp-json\/wp\/v2\/types\/product"}],"wp:featuredmedia":[{"embeddable":true,"href":"https:\/\/e.kosmolat.eu\/lt\/wp-json\/wp\/v2\/media\/90946"}],"wp:attachment":[{"href":"https:\/\/e.kosmolat.eu\/lt\/wp-json\/wp\/v2\/media?parent=48881"}],"wp:term":[{"taxonomy":"product_cat","embeddable":true,"href":"https:\/\/e.kosmolat.eu\/lt\/wp-json\/wp\/v2\/product_cat?post=48881"},{"taxonomy":"product_tag","embeddable":true,"href":"https:\/\/e.kosmolat.eu\/lt\/wp-json\/wp\/v2\/product_tag?post=48881"}],"curies":[{"name":"wp","href":"https:\/\/api.w.org\/{rel}","templated":true}]}}