{"id":48873,"date":"2024-04-04T04:23:17","date_gmt":"2024-04-04T04:23:17","guid":{"rendered":"https:\/\/e.kosmolat.eu\/product\/ecl-micelara-dusas-zel-dh-organic-aloe-vera-350-ml\/"},"modified":"2026-04-16T10:40:06","modified_gmt":"2026-04-16T10:40:06","slug":"ecl-micelara-dusas-zel-dh-organic-aloe-vera-350-ml","status":"publish","type":"product","link":"https:\/\/e.kosmolat.eu\/lt\/produktas\/ecl-micelara-dusas-zel-dh-organic-aloe-vera-350-ml\/","title":{"rendered":"ECOLATIER Micelinis du\u0161o gelis Deep Hydration Organic Aloe Vera, 350 ml"},"content":{"rendered":"<p>Micelinis gelis &scaron;velniai valo ir tonizuoja od\u0105. Tinka visiems odos tipams. Tinka veganams.&nbsp;<\/p>\n<p>Alavij\u0173 ekstrakte gausu vitamin\u0173, amino r\u016bg&scaron;\u010di\u0173, mineral\u0173, polisacharid\u0173, fitoncid\u0173, skatina l\u0105steli\u0173 atsinaujinim\u0105 epitelio lygmenyje, giliai maitina, dr\u0117kina ir mink&scaron;tina od\u0105.&nbsp;Laim\u0173 aliejus i&scaron;lygina odos atspalv\u012f, gerina odos elastingum\u0105 ir stangrum\u0105.&nbsp;Ajer\u0173 ekstraktas &ndash; pasi\u017eymi gaivinan\u010diu poveikiu, ma\u017eina odos sausum\u0105 ir giliai j\u0105 dr\u0117kina.<\/p>\n<p><strong>Naudojimas:<\/strong> tepkite ant dr\u0117gnos odos, suputokite, nuplaukite &scaron;iltu vandeniu. Tik i&scaron;oriniam naudojimui.<\/p>\n","protected":false},"excerpt":{"rendered":"<p>Micelinis gelis &scaron;velniai valo ir tonizuoja od\u0105. Tinka visiems odos tipams. Tinka veganams.&nbsp; Alavij\u0173 ekstrakte gausu vitamin\u0173, amino r\u016bg&scaron;\u010di\u0173, mineral\u0173, polisacharid\u0173, fitoncid\u0173, skatina l\u0105steli\u0173 atsinaujinim\u0105 epitelio lygmenyje, giliai maitina, dr\u0117kina ir mink&scaron;tina od\u0105.&nbsp;Laim\u0173 aliejus i&scaron;lygina odos atspalv\u012f, gerina odos elastingum\u0105 ir stangrum\u0105.&nbsp;Ajer\u0173 ekstraktas &ndash; pasi\u017eymi gaivinan\u010diu poveikiu, ma\u017eina odos sausum\u0105 ir giliai j\u0105 dr\u0117kina. Naudojimas: [&#8230;]\n","protected":false},"featured_media":90942,"template":"","meta":[],"product_cat":[1691],"product_tag":[],"class_list":{"0":"post-48873","1":"product","2":"type-product","3":"status-publish","4":"has-post-thumbnail","6":"product_brand-ecolab_cs-lt","7":"product_cat-duso-geliai","9":"first","10":"instock","11":"taxable","12":"shipping-taxable","13":"product-type-simple"},"_links":{"self":[{"href":"https:\/\/e.kosmolat.eu\/lt\/wp-json\/wp\/v2\/product\/48873","targetHints":{"allow":["GET"]}}],"collection":[{"href":"https:\/\/e.kosmolat.eu\/lt\/wp-json\/wp\/v2\/product"}],"about":[{"href":"https:\/\/e.kosmolat.eu\/lt\/wp-json\/wp\/v2\/types\/product"}],"wp:featuredmedia":[{"embeddable":true,"href":"https:\/\/e.kosmolat.eu\/lt\/wp-json\/wp\/v2\/media\/90942"}],"wp:attachment":[{"href":"https:\/\/e.kosmolat.eu\/lt\/wp-json\/wp\/v2\/media?parent=48873"}],"wp:term":[{"taxonomy":"product_cat","embeddable":true,"href":"https:\/\/e.kosmolat.eu\/lt\/wp-json\/wp\/v2\/product_cat?post=48873"},{"taxonomy":"product_tag","embeddable":true,"href":"https:\/\/e.kosmolat.eu\/lt\/wp-json\/wp\/v2\/product_tag?post=48873"}],"curies":[{"name":"wp","href":"https:\/\/api.w.org\/{rel}","templated":true}]}}