{"id":48865,"date":"2024-04-04T04:23:03","date_gmt":"2024-04-04T04:23:03","guid":{"rendered":"https:\/\/e.kosmolat.eu\/product\/ecl-intimas-higienas-zeleja-sensitive-250-ml\/"},"modified":"2026-04-15T07:37:06","modified_gmt":"2026-04-15T07:37:06","slug":"ecl-intimas-higienas-zeleja-sensitive-250-ml","status":"publish","type":"product","link":"https:\/\/e.kosmolat.eu\/lt\/produktas\/ecl-intimas-higienas-zeleja-sensitive-250-ml\/","title":{"rendered":"ECOLATIER Gelis intymiai higienai Sensitive, 250 ml"},"content":{"rendered":"<p>Intymios higienos gelis su prebiotiku ir migdol\u0173 aliejumi sukurtas specialiai kasdieniam labai jautrios odos valymui. \u0160velni prausimosi formul\u0117 \u0161velniai valo od\u0105, naikina nemalonius kvapus, mink\u0161tina ir suteikia nuostab\u0173 gaivumo poj\u016bt\u012f.<\/p>\n<p>\u2022 Migdol\u0173 aliejus ypa\u010d palankiai veikia saus\u0105 ir jautri\u0105 od\u0105.<br \/>\n\u2022 Organinis alyvuogi\u0173 ekstraktas dr\u0117kina, maitina ir mink\u0161tina od\u0105.<br \/>\n\u2022 Nat\u016bralus prebiotikas sustiprina nat\u016bralias apsaugines odos funkcijas ir atkuria nat\u016brali\u0105 intymios zonos mikroflor\u0105.<\/p>\n<p>Naudojimas: nedidel\u012f kiek\u012f tepkite ant intymi\u0173 k\u016bno viet\u0173, suputokite, tada nuplaukite vandeniu. Tik i\u0161oriniam naudojimui. Laikyti vaikams nepasiekiamoje vietoje.<\/p>\n","protected":false},"excerpt":{"rendered":"<p>Intymios higienos gelis su prebiotiku ir migdol\u0173 aliejumi sukurtas specialiai kasdieniam labai jautrios odos valymui. \u0160velni prausimosi formul\u0117 \u0161velniai valo od\u0105, naikina nemalonius kvapus, mink\u0161tina ir suteikia nuostab\u0173 gaivumo poj\u016bt\u012f. \u2022 Migdol\u0173 aliejus ypa\u010d palankiai veikia saus\u0105 ir jautri\u0105 od\u0105. \u2022 Organinis alyvuogi\u0173 ekstraktas dr\u0117kina, maitina ir mink\u0161tina od\u0105. \u2022 Nat\u016bralus prebiotikas sustiprina nat\u016bralias apsaugines [&#8230;]\n","protected":false},"featured_media":90938,"template":"","meta":[],"product_cat":[1374],"product_tag":[],"class_list":{"0":"post-48865","1":"product","2":"type-product","3":"status-publish","4":"has-post-thumbnail","6":"product_brand-ecolab_cs-lt","7":"product_cat-intymi-higiena","9":"first","10":"instock","11":"taxable","12":"shipping-taxable","13":"product-type-simple"},"_links":{"self":[{"href":"https:\/\/e.kosmolat.eu\/lt\/wp-json\/wp\/v2\/product\/48865","targetHints":{"allow":["GET"]}}],"collection":[{"href":"https:\/\/e.kosmolat.eu\/lt\/wp-json\/wp\/v2\/product"}],"about":[{"href":"https:\/\/e.kosmolat.eu\/lt\/wp-json\/wp\/v2\/types\/product"}],"wp:featuredmedia":[{"embeddable":true,"href":"https:\/\/e.kosmolat.eu\/lt\/wp-json\/wp\/v2\/media\/90938"}],"wp:attachment":[{"href":"https:\/\/e.kosmolat.eu\/lt\/wp-json\/wp\/v2\/media?parent=48865"}],"wp:term":[{"taxonomy":"product_cat","embeddable":true,"href":"https:\/\/e.kosmolat.eu\/lt\/wp-json\/wp\/v2\/product_cat?post=48865"},{"taxonomy":"product_tag","embeddable":true,"href":"https:\/\/e.kosmolat.eu\/lt\/wp-json\/wp\/v2\/product_tag?post=48865"}],"curies":[{"name":"wp","href":"https:\/\/api.w.org\/{rel}","templated":true}]}}