{"id":48849,"date":"2024-04-04T04:21:57","date_gmt":"2024-04-04T04:21:57","guid":{"rendered":"https:\/\/e.kosmolat.eu\/product\/ecl-intimas-higienas-zeleja-comfort-250-ml\/"},"modified":"2025-09-20T03:27:19","modified_gmt":"2025-09-20T03:27:19","slug":"i_ecl-intimas-higienas-zeleja-comfort-250-ml","status":"publish","type":"product","link":"https:\/\/e.kosmolat.eu\/lt\/produktas\/i_ecl-intimas-higienas-zeleja-comfort-250-ml\/","title":{"rendered":"I_ECOLATIER Gelis intymiai higienai Comfort, 250 ml"},"content":{"rendered":"<p>Intymios higienos gelis su pieno r\u016bg\u0161timi, prebiotiku ir medviln\u0117s ekstraktu rekomenduojamas kasdieniniam naudojimui ryte ir vakare. Suteikia tinkam\u0105 prie\u017ei\u016br\u0105 ir komfort\u0105 intymiai zonai. Suma\u017eina diskomforto jausm\u0105 intymioje srityje ir kovoja su tokiais nemaloniais poj\u016b\u010diais kaip deginimas, nie\u017eulys, paraudimas.<\/p>\n<p>Pieno r\u016bg\u0161tis palaiko nat\u016bral\u0173 5,2 pH lyg\u012f intymioje zonoje.<br \/>\nMedviln\u0117s ekstraktas \u0161velniai ramina ir mink\u0161tina od\u0105 intymioje srityje.<\/p>\n<p>Naudojimas: nedidel\u012f kiek\u012f tepkite ant intymi\u0173 k\u016bno viet\u0173, suputokite, tada nuplaukite vandeniu. Tik i\u0161oriniam naudojimui. Laikyti vaikams nepasiekiamoje vietoje.<\/p>\n","protected":false},"excerpt":{"rendered":"<p>Intymios higienos gelis su pieno r\u016bg\u0161timi, prebiotiku ir medviln\u0117s ekstraktu rekomenduojamas kasdieniniam naudojimui ryte ir vakare. Suteikia tinkam\u0105 prie\u017ei\u016br\u0105 ir komfort\u0105 intymiai zonai. Suma\u017eina diskomforto jausm\u0105 intymioje srityje ir kovoja su tokiais nemaloniais poj\u016b\u010diais kaip deginimas, nie\u017eulys, paraudimas. Pieno r\u016bg\u0161tis palaiko nat\u016bral\u0173 5,2 pH lyg\u012f intymioje zonoje. Medviln\u0117s ekstraktas \u0161velniai ramina ir mink\u0161tina od\u0105 intymioje [&#8230;]\n","protected":false},"featured_media":90930,"template":"","meta":[],"product_cat":[2181],"product_tag":[],"class_list":{"0":"post-48849","1":"product","2":"type-product","3":"status-publish","4":"has-post-thumbnail","6":"product_brand-ecolab_cs-lt","7":"product_cat-bez-kategorijas-lt","9":"first","10":"outofstock","11":"taxable","12":"shipping-taxable","13":"product-type-simple"},"_links":{"self":[{"href":"https:\/\/e.kosmolat.eu\/lt\/wp-json\/wp\/v2\/product\/48849","targetHints":{"allow":["GET"]}}],"collection":[{"href":"https:\/\/e.kosmolat.eu\/lt\/wp-json\/wp\/v2\/product"}],"about":[{"href":"https:\/\/e.kosmolat.eu\/lt\/wp-json\/wp\/v2\/types\/product"}],"wp:featuredmedia":[{"embeddable":true,"href":"https:\/\/e.kosmolat.eu\/lt\/wp-json\/wp\/v2\/media\/90930"}],"wp:attachment":[{"href":"https:\/\/e.kosmolat.eu\/lt\/wp-json\/wp\/v2\/media?parent=48849"}],"wp:term":[{"taxonomy":"product_cat","embeddable":true,"href":"https:\/\/e.kosmolat.eu\/lt\/wp-json\/wp\/v2\/product_cat?post=48849"},{"taxonomy":"product_tag","embeddable":true,"href":"https:\/\/e.kosmolat.eu\/lt\/wp-json\/wp\/v2\/product_tag?post=48849"}],"curies":[{"name":"wp","href":"https:\/\/api.w.org\/{rel}","templated":true}]}}