{"id":48841,"date":"2024-04-04T04:21:39","date_gmt":"2024-04-04T04:21:39","guid":{"rendered":"https:\/\/e.kosmolat.eu\/product\/ecl-baby-skidr-bernu-kremziep-soft-care-0-250-ml\/"},"modified":"2026-04-16T10:39:49","modified_gmt":"2026-04-16T10:39:49","slug":"ecl-baby-skidr-bernu-kremziep-soft-care-0-250-ml","status":"publish","type":"product","link":"https:\/\/e.kosmolat.eu\/lt\/produktas\/ecl-baby-skidr-bernu-kremziep-soft-care-0-250-ml\/","title":{"rendered":"ECOLATIER BABY Skystas k\u016bdiki\u0173 muilas-kremas Soft Care 0+, 250 ml"},"content":{"rendered":"<p>&Scaron;velniai pri\u017ei\u016bri k\u016bdikio od\u0105 nuo pirm\u0173j\u0173 gyvenimo dien\u0173. Nat\u016bral\u016bs ekstraktai &scaron;velniai valo ir maitina k\u016bdikio od\u0105. Kreminis muilas nesukelia dirginimo ir sausumo, teigiamai veikia jautri\u0105 od\u0105, j\u0105 dr\u0117kina.&nbsp;Alyvuogi\u0173 aliejus turi vitamino E ir riebal\u0173 r\u016bg&scaron;\u010di\u0173, intensyviai dr\u0117kina ir maitina od\u0105. Medviln\u0117s ekstraktas idealiai tinka jautriausios odos prie\u017ei\u016brai, j\u0105 mink&scaron;tina ir dr\u0117kina.&nbsp;<\/p>\n<p><strong>Naudojimas: <\/strong>tepkite ant dr\u0117gnos odos ir plauk\u0173, suputokite, nuplaukite &scaron;iltu vandeniu. Tik i&scaron;oriniam naudojimui. Laikyti vaikams nepasiekiamoje vietoje.<br \/>\n&nbsp;<\/p>\n","protected":false},"excerpt":{"rendered":"<p>&Scaron;velniai pri\u017ei\u016bri k\u016bdikio od\u0105 nuo pirm\u0173j\u0173 gyvenimo dien\u0173. Nat\u016bral\u016bs ekstraktai &scaron;velniai valo ir maitina k\u016bdikio od\u0105. Kreminis muilas nesukelia dirginimo ir sausumo, teigiamai veikia jautri\u0105 od\u0105, j\u0105 dr\u0117kina.&nbsp;Alyvuogi\u0173 aliejus turi vitamino E ir riebal\u0173 r\u016bg&scaron;\u010di\u0173, intensyviai dr\u0117kina ir maitina od\u0105. Medviln\u0117s ekstraktas idealiai tinka jautriausios odos prie\u017ei\u016brai, j\u0105 mink&scaron;tina ir dr\u0117kina.&nbsp; Naudojimas: tepkite ant dr\u0117gnos [&#8230;]\n","protected":false},"featured_media":90926,"template":"","meta":[],"product_cat":[1363],"product_tag":[],"class_list":{"0":"post-48841","1":"product","2":"type-product","3":"status-publish","4":"has-post-thumbnail","6":"product_brand-ecolab_cs-lt","7":"product_cat-kuno-prieziuros-kosmetika","9":"first","10":"instock","11":"taxable","12":"shipping-taxable","13":"product-type-simple"},"_links":{"self":[{"href":"https:\/\/e.kosmolat.eu\/lt\/wp-json\/wp\/v2\/product\/48841","targetHints":{"allow":["GET"]}}],"collection":[{"href":"https:\/\/e.kosmolat.eu\/lt\/wp-json\/wp\/v2\/product"}],"about":[{"href":"https:\/\/e.kosmolat.eu\/lt\/wp-json\/wp\/v2\/types\/product"}],"wp:featuredmedia":[{"embeddable":true,"href":"https:\/\/e.kosmolat.eu\/lt\/wp-json\/wp\/v2\/media\/90926"}],"wp:attachment":[{"href":"https:\/\/e.kosmolat.eu\/lt\/wp-json\/wp\/v2\/media?parent=48841"}],"wp:term":[{"taxonomy":"product_cat","embeddable":true,"href":"https:\/\/e.kosmolat.eu\/lt\/wp-json\/wp\/v2\/product_cat?post=48841"},{"taxonomy":"product_tag","embeddable":true,"href":"https:\/\/e.kosmolat.eu\/lt\/wp-json\/wp\/v2\/product_tag?post=48841"}],"curies":[{"name":"wp","href":"https:\/\/api.w.org\/{rel}","templated":true}]}}