{"id":48833,"date":"2024-04-04T04:21:27","date_gmt":"2024-04-04T04:21:27","guid":{"rendered":"https:\/\/e.kosmolat.eu\/product\/ecl-baby-lidz-bernu-vannosanai-ar-dabigo-ekstr-kompleksu-8-in-1-0-250-ml\/"},"modified":"2026-04-01T05:16:33","modified_gmt":"2026-04-01T05:16:33","slug":"ecl-baby-lidz-bernu-vannosanai-ar-dabigo-ekstr-kompleksu-8-in-1-0-250-ml","status":"publish","type":"product","link":"https:\/\/e.kosmolat.eu\/lt\/produktas\/ecl-baby-lidz-bernu-vannosanai-ar-dabigo-ekstr-kompleksu-8-in-1-0-250-ml\/","title":{"rendered":"ECOLATIER BABY K\u016bdiki\u0173 vonel\u0117 su nat\u016braliu ekstrakt\u0173 kompleksu 0+, 250 ml"},"content":{"rendered":"<p>\u0160velniai pri\u017ei\u016bri k\u016bdikio od\u0105 nuo pirm\u0173j\u0173 gyvenimo dien\u0173. Nat\u016bralus ekstrakt\u0173 kompleksas maitina od\u0105 ir ramina prie\u0161 mieg\u0105. Rekomenduojamas kaip priedas prie maudymosi voni\u0173.<br \/>\nMedetk\u0173, ramun\u0117li\u0173, laki\u0161i\u0173, sukta\u017eoli\u0173,melis\u0173 ir m\u0117t\u0173 ekstraktai puikiai apsaugo ir nuramina gle\u017en\u0105 k\u016bdikio od\u0105. Levand\u0173 ekstraktas taip pat turi raminam\u0105j\u012f poveik\u012f. Be to, liep\u017eied\u017ei\u0173 ekstraktas mink\u0161tina od\u0105.<\/p>\n<p>Naudojimas: \u012f voni\u0105 \u012fpilkite 2 kam\u0161telius. Po maudyni\u0173 od\u0105 nuplaukite \u0161variu vandeniu. Naudoti pri\u017ei\u016brint suaugusiems. Tik i\u0161oriniam naudojimui. Laikyti vaikams nepasiekiamoje vietoje.<\/p>\n","protected":false},"excerpt":{"rendered":"<p>\u0160velniai pri\u017ei\u016bri k\u016bdikio od\u0105 nuo pirm\u0173j\u0173 gyvenimo dien\u0173. Nat\u016bralus ekstrakt\u0173 kompleksas maitina od\u0105 ir ramina prie\u0161 mieg\u0105. Rekomenduojamas kaip priedas prie maudymosi voni\u0173. Medetk\u0173, ramun\u0117li\u0173, laki\u0161i\u0173, sukta\u017eoli\u0173,melis\u0173 ir m\u0117t\u0173 ekstraktai puikiai apsaugo ir nuramina gle\u017en\u0105 k\u016bdikio od\u0105. Levand\u0173 ekstraktas taip pat turi raminam\u0105j\u012f poveik\u012f. Be to, liep\u017eied\u017ei\u0173 ekstraktas mink\u0161tina od\u0105. Naudojimas: \u012f voni\u0105 \u012fpilkite 2 [&#8230;]\n","protected":false},"featured_media":90922,"template":"","meta":[],"product_cat":[1799],"product_tag":[],"class_list":{"0":"post-48833","1":"product","2":"type-product","3":"status-publish","4":"has-post-thumbnail","6":"product_brand-ecolab_cs-lt","7":"product_cat-duso-geliai-muilas-vonios-putos","9":"first","10":"instock","11":"taxable","12":"shipping-taxable","13":"product-type-simple"},"_links":{"self":[{"href":"https:\/\/e.kosmolat.eu\/lt\/wp-json\/wp\/v2\/product\/48833","targetHints":{"allow":["GET"]}}],"collection":[{"href":"https:\/\/e.kosmolat.eu\/lt\/wp-json\/wp\/v2\/product"}],"about":[{"href":"https:\/\/e.kosmolat.eu\/lt\/wp-json\/wp\/v2\/types\/product"}],"wp:featuredmedia":[{"embeddable":true,"href":"https:\/\/e.kosmolat.eu\/lt\/wp-json\/wp\/v2\/media\/90922"}],"wp:attachment":[{"href":"https:\/\/e.kosmolat.eu\/lt\/wp-json\/wp\/v2\/media?parent=48833"}],"wp:term":[{"taxonomy":"product_cat","embeddable":true,"href":"https:\/\/e.kosmolat.eu\/lt\/wp-json\/wp\/v2\/product_cat?post=48833"},{"taxonomy":"product_tag","embeddable":true,"href":"https:\/\/e.kosmolat.eu\/lt\/wp-json\/wp\/v2\/product_tag?post=48833"}],"curies":[{"name":"wp","href":"https:\/\/api.w.org\/{rel}","templated":true}]}}