{"id":48825,"date":"2024-04-04T04:20:49","date_gmt":"2024-04-04T04:20:49","guid":{"rendered":"https:\/\/e.kosmolat.eu\/product\/eclp-antiperspirants-invisible-protection-50-ml\/"},"modified":"2026-04-17T08:54:23","modified_gmt":"2026-04-17T08:54:23","slug":"eclp-antiperspirants-invisible-protection-50-ml","status":"publish","type":"product","link":"https:\/\/e.kosmolat.eu\/lt\/produktas\/eclp-antiperspirants-invisible-protection-50-ml\/","title":{"rendered":"ECOLATIER POWER Antiperspirantas Invisible Protection, 50 ml"},"content":{"rendered":"<p>Patikimai apsaugo nuo prakaito, reguliuoja gaus\u0173 prakaitavim\u0105 ir padeda pa\u0161alinti nemalonius kvapus. Kruop\u0161\u010diai pri\u017ei\u016bri od\u0105 ir palieka gaivumo poj\u016bt\u012f visai dienai. Priemon\u0119 lengva naudoti, greitai d\u017ei\u016bsta ir nepalieka \u017eymi\u0173 ant drabu\u017ei\u0173. <\/p>\n<p>Aktyv\u016bs ingredientai:<br \/>\n\u2022 Pantenolis mink\u0161tina ir atkuria od\u0105.<br \/>\n\u2022 Medviln\u0117s ekstraktas mink\u0161tina od\u0105 ir apsaugo nuo sudirginimo.<br \/>\n\u2022 Avi\u017e\u0173 aliejus ramina, dr\u0117kina ir maitina od\u0105.<\/p>\n<p>Naudojimas: Tepkite ant \u0161varios, sausos odos, kol visi\u0161kai \u012fsigers. Tik i\u0161oriniam naudojimui.<\/p>\n","protected":false},"excerpt":{"rendered":"<p>Patikimai apsaugo nuo prakaito, reguliuoja gaus\u0173 prakaitavim\u0105 ir padeda pa\u0161alinti nemalonius kvapus. Kruop\u0161\u010diai pri\u017ei\u016bri od\u0105 ir palieka gaivumo poj\u016bt\u012f visai dienai. Priemon\u0119 lengva naudoti, greitai d\u017ei\u016bsta ir nepalieka \u017eymi\u0173 ant drabu\u017ei\u0173. Aktyv\u016bs ingredientai: \u2022 Pantenolis mink\u0161tina ir atkuria od\u0105. \u2022 Medviln\u0117s ekstraktas mink\u0161tina od\u0105 ir apsaugo nuo sudirginimo. \u2022 Avi\u017e\u0173 aliejus ramina, dr\u0117kina ir maitina [&#8230;]\n","protected":false},"featured_media":90918,"template":"","meta":[],"product_cat":[1694],"product_tag":[],"class_list":{"0":"post-48825","1":"product","2":"type-product","3":"status-publish","4":"has-post-thumbnail","6":"product_brand-ecolab_cs-lt","7":"product_cat-dezodorantai-vyrams-2","9":"first","10":"instock","11":"taxable","12":"shipping-taxable","13":"product-type-simple"},"_links":{"self":[{"href":"https:\/\/e.kosmolat.eu\/lt\/wp-json\/wp\/v2\/product\/48825","targetHints":{"allow":["GET"]}}],"collection":[{"href":"https:\/\/e.kosmolat.eu\/lt\/wp-json\/wp\/v2\/product"}],"about":[{"href":"https:\/\/e.kosmolat.eu\/lt\/wp-json\/wp\/v2\/types\/product"}],"wp:featuredmedia":[{"embeddable":true,"href":"https:\/\/e.kosmolat.eu\/lt\/wp-json\/wp\/v2\/media\/90918"}],"wp:attachment":[{"href":"https:\/\/e.kosmolat.eu\/lt\/wp-json\/wp\/v2\/media?parent=48825"}],"wp:term":[{"taxonomy":"product_cat","embeddable":true,"href":"https:\/\/e.kosmolat.eu\/lt\/wp-json\/wp\/v2\/product_cat?post=48825"},{"taxonomy":"product_tag","embeddable":true,"href":"https:\/\/e.kosmolat.eu\/lt\/wp-json\/wp\/v2\/product_tag?post=48825"}],"curies":[{"name":"wp","href":"https:\/\/api.w.org\/{rel}","templated":true}]}}