{"id":48817,"date":"2024-04-04T04:20:32","date_gmt":"2024-04-04T04:20:32","guid":{"rendered":"https:\/\/e.kosmolat.eu\/product\/eclp-antiperspirants-freshness-comfort-50-ml\/"},"modified":"2026-04-01T05:16:16","modified_gmt":"2026-04-01T05:16:16","slug":"eclp-antiperspirants-freshness-comfort-50-ml","status":"publish","type":"product","link":"https:\/\/e.kosmolat.eu\/lt\/produktas\/eclp-antiperspirants-freshness-comfort-50-ml\/","title":{"rendered":"ECOLATIER POWER Antiperspirantas Freshness &#038; Comfort, 50 ml"},"content":{"rendered":"<p>Patikimai apsaugo nuo prakaito, reguliuoja gaus\u0173 prakaitavim\u0105 ir padeda pa\u0161alinti nemalonius kvapus. Kruop\u0161\u010diai pri\u017ei\u016bri od\u0105 ir palieka gaivumo poj\u016bt\u012f visai dienai. Priemon\u0119 lengva naudoti, greitai d\u017ei\u016bsta ir nepalieka \u017eymi\u0173 ant drabu\u017ei\u0173. <\/p>\n<p>Aktyv\u016bs ingredientai:<br \/>\n\u2022 Bergamo\u010di\u0173 ekstraktas turi tonizuojant\u012f ir dr\u0117kinam\u0105j\u012f poveik\u012f.<br \/>\n\u2022 \u017daliosios arbatos ekstraktas pasi\u017eymi antioksidaciniu ir dezodoruojan\u010diu poveikiu.<br \/>\n\u2022 Liep\u0173 aliejus mink\u0161tina ir gaivina od\u0105.<\/p>\n<p>Naudojimas: Tepkite ant \u0161varios, sausos odos, kol visi\u0161kai \u012fsigers. Tik i\u0161oriniam naudojimui.<\/p>\n","protected":false},"excerpt":{"rendered":"<p>Patikimai apsaugo nuo prakaito, reguliuoja gaus\u0173 prakaitavim\u0105 ir padeda pa\u0161alinti nemalonius kvapus. Kruop\u0161\u010diai pri\u017ei\u016bri od\u0105 ir palieka gaivumo poj\u016bt\u012f visai dienai. Priemon\u0119 lengva naudoti, greitai d\u017ei\u016bsta ir nepalieka \u017eymi\u0173 ant drabu\u017ei\u0173. Aktyv\u016bs ingredientai: \u2022 Bergamo\u010di\u0173 ekstraktas turi tonizuojant\u012f ir dr\u0117kinam\u0105j\u012f poveik\u012f. \u2022 \u017daliosios arbatos ekstraktas pasi\u017eymi antioksidaciniu ir dezodoruojan\u010diu poveikiu. \u2022 Liep\u0173 aliejus mink\u0161tina ir [&#8230;]\n","protected":false},"featured_media":90914,"template":"","meta":[],"product_cat":[1694],"product_tag":[],"class_list":{"0":"post-48817","1":"product","2":"type-product","3":"status-publish","4":"has-post-thumbnail","6":"product_brand-ecolab_cs-lt","7":"product_cat-dezodorantai-vyrams-2","9":"first","10":"instock","11":"taxable","12":"shipping-taxable","13":"product-type-simple"},"_links":{"self":[{"href":"https:\/\/e.kosmolat.eu\/lt\/wp-json\/wp\/v2\/product\/48817","targetHints":{"allow":["GET"]}}],"collection":[{"href":"https:\/\/e.kosmolat.eu\/lt\/wp-json\/wp\/v2\/product"}],"about":[{"href":"https:\/\/e.kosmolat.eu\/lt\/wp-json\/wp\/v2\/types\/product"}],"wp:featuredmedia":[{"embeddable":true,"href":"https:\/\/e.kosmolat.eu\/lt\/wp-json\/wp\/v2\/media\/90914"}],"wp:attachment":[{"href":"https:\/\/e.kosmolat.eu\/lt\/wp-json\/wp\/v2\/media?parent=48817"}],"wp:term":[{"taxonomy":"product_cat","embeddable":true,"href":"https:\/\/e.kosmolat.eu\/lt\/wp-json\/wp\/v2\/product_cat?post=48817"},{"taxonomy":"product_tag","embeddable":true,"href":"https:\/\/e.kosmolat.eu\/lt\/wp-json\/wp\/v2\/product_tag?post=48817"}],"curies":[{"name":"wp","href":"https:\/\/api.w.org\/{rel}","templated":true}]}}