{"id":48809,"date":"2024-04-04T04:20:08","date_gmt":"2024-04-04T04:20:08","guid":{"rendered":"https:\/\/e.kosmolat.eu\/product\/ecl-termoaizsarg-sprejs-matu-veidos-vg-organic-cannabis-200-ml\/"},"modified":"2026-04-15T10:02:21","modified_gmt":"2026-04-15T10:02:21","slug":"ecl-termoaizsarg-sprejs-matu-veidos-vg-organic-cannabis-200-ml","status":"publish","type":"product","link":"https:\/\/e.kosmolat.eu\/lt\/produktas\/ecl-termoaizsarg-sprejs-matu-veidos-vg-organic-cannabis-200-ml\/","title":{"rendered":"ECOLATIER Nuo kar\u0161\u010dio apsaugantis plauk\u0173 formavimo pur\u0161kiklis Volume &#038; Growth Organic Cannabis, 200"},"content":{"rendered":"<p>Apsaugo plaukus nuo auk\u0161t\u0173 temperat\u016br\u0173 ir trapumo formuojant  \u0161ukuosen\u0105 kar\u010diu, maitina, garbanos tampa \u0161velnios ir \u017evilgan\u010dios. Tinka vis\u0173 tip\u0173 plaukams. Tinka veganams.<\/p>\n<p>Ingredientai: Organiniame \u0161alto spaudimo kanapi\u0173 aliejuje yra daug omega riebi\u0173j\u0173 r\u016bg\u0161\u010di\u0173 ir vitamin\u0173. Lengva, neriebi formul\u0117 ma\u017eina plauk\u0173 slinkim\u0105 ir atkuria sausus bei pa\u017eeistus plaukus. <\/p>\n<p>Aktyv\u016bs ingredientai:<br \/>\n\u2022 Ry\u017ei\u0173 baltymai atkuria ir stiprina plaukus, taip pat intensyviai maitina nuo \u0161akn\u0173 iki galiuk\u0173.<br \/>\n\u2022 Kiparis\u0173 aliejus pasi\u017eymi antioksidacin\u0117mis savyb\u0117mis, stiprina plauk\u0173 folikulus, apsaugo nuo plauk\u0173 slinkimo ir suteikia jiems blizgesio ir blizgesio.<br \/>\n\u2022 Vitaminas E u\u017etikrina plauk\u0173 elastingum\u0105 ir \u017evilges\u012f.<\/p>\n<p>Naudojimas: purk\u0161ti ant dr\u0117gn\u0173 plauk\u0173 ir prad\u0117ti formuoti. Vengti patekimo \u012f akis. Patekus \u012f akis, nedelsiant gausiai praplauti vandeniu. Tik i\u0161oriniam naudojimui.<\/p>\n","protected":false},"excerpt":{"rendered":"<p>Apsaugo plaukus nuo auk\u0161t\u0173 temperat\u016br\u0173 ir trapumo formuojant \u0161ukuosen\u0105 kar\u010diu, maitina, garbanos tampa \u0161velnios ir \u017evilgan\u010dios. Tinka vis\u0173 tip\u0173 plaukams. Tinka veganams. Ingredientai: Organiniame \u0161alto spaudimo kanapi\u0173 aliejuje yra daug omega riebi\u0173j\u0173 r\u016bg\u0161\u010di\u0173 ir vitamin\u0173. Lengva, neriebi formul\u0117 ma\u017eina plauk\u0173 slinkim\u0105 ir atkuria sausus bei pa\u017eeistus plaukus. Aktyv\u016bs ingredientai: \u2022 Ry\u017ei\u0173 baltymai atkuria ir stiprina [&#8230;]\n","protected":false},"featured_media":90898,"template":"","meta":[],"product_cat":[2181],"product_tag":[],"class_list":{"0":"post-48809","1":"product","2":"type-product","3":"status-publish","4":"has-post-thumbnail","6":"product_brand-ecolab_cs-lt","7":"product_cat-bez-kategorijas-lt","9":"first","10":"instock","11":"taxable","12":"shipping-taxable","13":"product-type-simple"},"_links":{"self":[{"href":"https:\/\/e.kosmolat.eu\/lt\/wp-json\/wp\/v2\/product\/48809","targetHints":{"allow":["GET"]}}],"collection":[{"href":"https:\/\/e.kosmolat.eu\/lt\/wp-json\/wp\/v2\/product"}],"about":[{"href":"https:\/\/e.kosmolat.eu\/lt\/wp-json\/wp\/v2\/types\/product"}],"wp:featuredmedia":[{"embeddable":true,"href":"https:\/\/e.kosmolat.eu\/lt\/wp-json\/wp\/v2\/media\/90898"}],"wp:attachment":[{"href":"https:\/\/e.kosmolat.eu\/lt\/wp-json\/wp\/v2\/media?parent=48809"}],"wp:term":[{"taxonomy":"product_cat","embeddable":true,"href":"https:\/\/e.kosmolat.eu\/lt\/wp-json\/wp\/v2\/product_cat?post=48809"},{"taxonomy":"product_tag","embeddable":true,"href":"https:\/\/e.kosmolat.eu\/lt\/wp-json\/wp\/v2\/product_tag?post=48809"}],"curies":[{"name":"wp","href":"https:\/\/api.w.org\/{rel}","templated":true}]}}