{"id":48793,"date":"2024-04-04T04:16:41","date_gmt":"2024-04-04T04:16:41","guid":{"rendered":"https:\/\/e.kosmolat.eu\/product\/ecl-matu-maska-vg-organic-cannabis-250-ml\/"},"modified":"2025-09-20T03:24:56","modified_gmt":"2025-09-20T03:24:56","slug":"ecl-matu-maska-vg-organic-cannabis-250-ml","status":"publish","type":"product","link":"https:\/\/e.kosmolat.eu\/lt\/produktas\/ecl-matu-maska-vg-organic-cannabis-250-ml\/","title":{"rendered":"ECOLATIER Plauk\u0173 kauk\u0117 Volume &#038; Growth Organic Cannabis , 250 ml"},"content":{"rendered":"<p>Kauk\u0117, turinti daug maistini\u0173 med\u017eiag\u0173, prasiskverbia \u012f plauko strukt\u016br\u0105, atkurdama j\u012f per vis\u0105 ilg\u012f ir apsaugodama nuo l\u016b\u017ein\u0117jimo. Padeda atgaivinti sausus plaukus, suteikdama jiems sveik\u0105 blizges\u012f. Tinka vis\u0173 tip\u0173 plaukams. Tinka veganams.<br \/>\nIngredientai: Organiniame \u0161alto spaudimo kanapi\u0173 aliejuje yra daug omega riebi\u0173j\u0173 r\u016bg\u0161\u010di\u0173 ir vitamin\u0173. Lengva, neriebi formul\u0117 ma\u017eina plauk\u0173 slinkim\u0105 ir atkuria sausus bei pa\u017eeistus plaukus. <\/p>\n<p>Aktyv\u016bs ingredientai:<br \/>\n\u2022 Ry\u017ei\u0173 baltymai atkuria plaukus, intensyviai maitina nuo \u0161akn\u0173 iki galiuk\u0173, stiprina plaukus, suteikia jiems apimties ir tonizuoja galvos od\u0105.<br \/>\n\u2022 Niacinamidas aktyvina plauk\u0173 folikulus, o tai skatina plauk\u0173 augim\u0105 ir stipr\u0117jim\u0105, maitina ir atstato, skatina kolageno gamyb\u0105, suteikdamas plaukams sveiko \u017evilgesio.<br \/>\n\u2022 Kiparis\u0173 aliejus ramina galvos od\u0105, stiprina \u0161aknis ir daro plaukus elastingesnius.<\/p>\n<p>Naudojimas: Tepkite ant dr\u0117gn\u0173 plauk\u0173, palikite 2-5 minutes, nuplaukite \u0161iltu vandeniu. Tik i\u0161oriniam naudojimui.<\/p>\n","protected":false},"excerpt":{"rendered":"<p>Kauk\u0117, turinti daug maistini\u0173 med\u017eiag\u0173, prasiskverbia \u012f plauko strukt\u016br\u0105, atkurdama j\u012f per vis\u0105 ilg\u012f ir apsaugodama nuo l\u016b\u017ein\u0117jimo. Padeda atgaivinti sausus plaukus, suteikdama jiems sveik\u0105 blizges\u012f. Tinka vis\u0173 tip\u0173 plaukams. Tinka veganams. Ingredientai: Organiniame \u0161alto spaudimo kanapi\u0173 aliejuje yra daug omega riebi\u0173j\u0173 r\u016bg\u0161\u010di\u0173 ir vitamin\u0173. Lengva, neriebi formul\u0117 ma\u017eina plauk\u0173 slinkim\u0105 ir atkuria sausus bei [&#8230;]\n","protected":false},"featured_media":90890,"template":"","meta":[],"product_cat":[2181],"product_tag":[],"class_list":{"0":"post-48793","1":"product","2":"type-product","3":"status-publish","4":"has-post-thumbnail","6":"product_brand-ecolab_cs-lt","7":"product_cat-bez-kategorijas-lt","9":"first","10":"outofstock","11":"taxable","12":"shipping-taxable","13":"product-type-simple"},"_links":{"self":[{"href":"https:\/\/e.kosmolat.eu\/lt\/wp-json\/wp\/v2\/product\/48793","targetHints":{"allow":["GET"]}}],"collection":[{"href":"https:\/\/e.kosmolat.eu\/lt\/wp-json\/wp\/v2\/product"}],"about":[{"href":"https:\/\/e.kosmolat.eu\/lt\/wp-json\/wp\/v2\/types\/product"}],"wp:featuredmedia":[{"embeddable":true,"href":"https:\/\/e.kosmolat.eu\/lt\/wp-json\/wp\/v2\/media\/90890"}],"wp:attachment":[{"href":"https:\/\/e.kosmolat.eu\/lt\/wp-json\/wp\/v2\/media?parent=48793"}],"wp:term":[{"taxonomy":"product_cat","embeddable":true,"href":"https:\/\/e.kosmolat.eu\/lt\/wp-json\/wp\/v2\/product_cat?post=48793"},{"taxonomy":"product_tag","embeddable":true,"href":"https:\/\/e.kosmolat.eu\/lt\/wp-json\/wp\/v2\/product_tag?post=48793"}],"curies":[{"name":"wp","href":"https:\/\/api.w.org\/{rel}","templated":true}]}}