{"id":48785,"date":"2024-04-04T04:16:26","date_gmt":"2024-04-04T04:16:26","guid":{"rendered":"https:\/\/e.kosmolat.eu\/product\/ecl-matu-maska-ns-organic-avocado-250-ml\/"},"modified":"2026-04-16T10:39:34","modified_gmt":"2026-04-16T10:39:34","slug":"ecl-matu-maska-ns-organic-avocado-250-ml","status":"publish","type":"product","link":"https:\/\/e.kosmolat.eu\/lt\/produktas\/ecl-matu-maska-ns-organic-avocado-250-ml\/","title":{"rendered":"ECOLATIER Plauk\u0173 kauk\u0117 Nutrition &#038; Strength Organic Avocado, 250 ml"},"content":{"rendered":"<p>Kauk\u0117, turinti daug maistini\u0173 med\u017eiag\u0173, prasiskverbia \u012f plauko strukt\u016br\u0105, atkurdama j\u012f per vis\u0105 ilg\u012f ir apsaugodama nuo l\u016b\u017ein\u0117jimo. Padeda atgaivinti sausus plaukus, suteikdama jiems sveik\u0105 blizges\u012f. Tinka vis\u0173 tip\u0173 plaukams. Tinka veganams.<\/p>\n<p>Ingredientai: Organinis \u0161alto spaudimo avokad\u0173 aliejus turi vitamin\u0173 ir antioksidant\u0173, skatina kolageno gamyb\u0105 ir atkuria odos barjerin\u0119 funkcij\u0105. Praturtintas vitaminais B, C, D, E ir polineso\u010diosiomis riebal\u0173 r\u016bg\u0161timis, kurios efektyviai atkuria, stiprina ir maitina plaukus.<\/p>\n<p>Aktyv\u016bs ingredientai:<br \/>\nKakavos sviestas dr\u0117kina ir maitina plaukus vitaminais, atkuria nat\u016bral\u0173 j\u0173 gro\u017e\u012f ir stiprum\u0105.<br \/>\n\u0160alavij\u0173 ekstraktas tonizuoja galvos od\u0105, stiprina plaukus ir suteikia jiems ilgalaik\u012f gaivum\u0105.<br \/>\nInulinas apsaugo nuo galvos odos ir plauk\u0173 i\u0161saus\u0117jimo, mink\u0161tina ir lygina, valo ir suteikia plaukams nat\u016bralaus \u017evilgesio ir \u017evilgesio.<\/p>\n<p>Naudojimas: Tepkite ant dr\u0117gn\u0173 plauk\u0173, palikite 2-5 minutes, nuplaukite \u0161iltu vandeniu. Tik i\u0161oriniam naudojimui.<\/p>\n","protected":false},"excerpt":{"rendered":"<p>Kauk\u0117, turinti daug maistini\u0173 med\u017eiag\u0173, prasiskverbia \u012f plauko strukt\u016br\u0105, atkurdama j\u012f per vis\u0105 ilg\u012f ir apsaugodama nuo l\u016b\u017ein\u0117jimo. Padeda atgaivinti sausus plaukus, suteikdama jiems sveik\u0105 blizges\u012f. Tinka vis\u0173 tip\u0173 plaukams. Tinka veganams. Ingredientai: Organinis \u0161alto spaudimo avokad\u0173 aliejus turi vitamin\u0173 ir antioksidant\u0173, skatina kolageno gamyb\u0105 ir atkuria odos barjerin\u0119 funkcij\u0105. Praturtintas vitaminais B, C, D, [&#8230;]\n","protected":false},"featured_media":78490,"template":"","meta":[],"product_cat":[1256],"product_tag":[],"class_list":{"0":"post-48785","1":"product","2":"type-product","3":"status-publish","4":"has-post-thumbnail","6":"product_brand-ecolab_cs-lt","7":"product_cat-plauku-kaukes","9":"first","10":"outofstock","11":"taxable","12":"shipping-taxable","13":"product-type-simple"},"_links":{"self":[{"href":"https:\/\/e.kosmolat.eu\/lt\/wp-json\/wp\/v2\/product\/48785","targetHints":{"allow":["GET"]}}],"collection":[{"href":"https:\/\/e.kosmolat.eu\/lt\/wp-json\/wp\/v2\/product"}],"about":[{"href":"https:\/\/e.kosmolat.eu\/lt\/wp-json\/wp\/v2\/types\/product"}],"wp:featuredmedia":[{"embeddable":true,"href":"https:\/\/e.kosmolat.eu\/lt\/wp-json\/wp\/v2\/media\/78490"}],"wp:attachment":[{"href":"https:\/\/e.kosmolat.eu\/lt\/wp-json\/wp\/v2\/media?parent=48785"}],"wp:term":[{"taxonomy":"product_cat","embeddable":true,"href":"https:\/\/e.kosmolat.eu\/lt\/wp-json\/wp\/v2\/product_cat?post=48785"},{"taxonomy":"product_tag","embeddable":true,"href":"https:\/\/e.kosmolat.eu\/lt\/wp-json\/wp\/v2\/product_tag?post=48785"}],"curies":[{"name":"wp","href":"https:\/\/api.w.org\/{rel}","templated":true}]}}