{"id":48777,"date":"2024-04-04T04:16:12","date_gmt":"2024-04-04T04:16:12","guid":{"rendered":"https:\/\/e.kosmolat.eu\/product\/ecl-matu-maska-hf-organic-aloe-vera-250-ml\/"},"modified":"2026-04-16T10:39:18","modified_gmt":"2026-04-16T10:39:18","slug":"ecl-matu-maska-hf-organic-aloe-vera-250-ml","status":"publish","type":"product","link":"https:\/\/e.kosmolat.eu\/lt\/produktas\/ecl-matu-maska-hf-organic-aloe-vera-250-ml\/","title":{"rendered":"ECOLATIER Plauk\u0173 kauk\u0117 Hydrating &#038; Fortifying Organic Aloe Vera, 250 ml"},"content":{"rendered":"<p>Kauk\u0117, turinti daug maistini\u0173 med\u017eiag\u0173, prasiskverbia \u012f plauko strukt\u016br\u0105, atkurdama j\u012f per vis\u0105 ilg\u012f ir apsaugodama nuo l\u016b\u017ein\u0117jimo. Padeda atgaivinti sausus plaukus, suteikdama jiems sveik\u0105 blizges\u012f. Tinka vis\u0173 tip\u0173 plaukams. Tinka veganams<\/p>\n<p>Ingredientai: Alavij\u0173 ekstrakte gausu vitamin\u0173, amino r\u016bg\u0161\u010di\u0173, mineral\u0173, polisacharid\u0173, fitoncid\u0173, skatina l\u0105steli\u0173 atsinaujinim\u0105, giliai maitina galvos od\u0105 ir stiprina plaukus.<\/p>\n<p>Aktyv\u016bs ingredientai:<br \/>\n\u2022 Taukmed\u017ei\u0173 sviestas stiprina plaukus ir aktyvina j\u0173 augim\u0105.<br \/>\n\u2022 Ry\u017ei\u0173 baltymai atkuria plaukus, suteikia intensyvi\u0105 mityb\u0105 nuo \u0161akn\u0173 iki galiuk\u0173, stiprina plaukus ir tonizuoja galvos od\u0105. <\/p>\n<p>Naudojimas: Tepkite ant dr\u0117gn\u0173 plauk\u0173, palikite 2-5 minutes, nuplaukite \u0161iltu vandeniu. Tik i\u0161oriniam naudojimui.<\/p>\n","protected":false},"excerpt":{"rendered":"<p>Kauk\u0117, turinti daug maistini\u0173 med\u017eiag\u0173, prasiskverbia \u012f plauko strukt\u016br\u0105, atkurdama j\u012f per vis\u0105 ilg\u012f ir apsaugodama nuo l\u016b\u017ein\u0117jimo. Padeda atgaivinti sausus plaukus, suteikdama jiems sveik\u0105 blizges\u012f. Tinka vis\u0173 tip\u0173 plaukams. Tinka veganams Ingredientai: Alavij\u0173 ekstrakte gausu vitamin\u0173, amino r\u016bg\u0161\u010di\u0173, mineral\u0173, polisacharid\u0173, fitoncid\u0173, skatina l\u0105steli\u0173 atsinaujinim\u0105, giliai maitina galvos od\u0105 ir stiprina plaukus. Aktyv\u016bs ingredientai: \u2022 [&#8230;]\n","protected":false},"featured_media":90886,"template":"","meta":[],"product_cat":[1256],"product_tag":[],"class_list":{"0":"post-48777","1":"product","2":"type-product","3":"status-publish","4":"has-post-thumbnail","6":"product_brand-ecolab_cs-lt","7":"product_cat-plauku-kaukes","9":"first","10":"instock","11":"taxable","12":"shipping-taxable","13":"product-type-simple"},"_links":{"self":[{"href":"https:\/\/e.kosmolat.eu\/lt\/wp-json\/wp\/v2\/product\/48777","targetHints":{"allow":["GET"]}}],"collection":[{"href":"https:\/\/e.kosmolat.eu\/lt\/wp-json\/wp\/v2\/product"}],"about":[{"href":"https:\/\/e.kosmolat.eu\/lt\/wp-json\/wp\/v2\/types\/product"}],"wp:featuredmedia":[{"embeddable":true,"href":"https:\/\/e.kosmolat.eu\/lt\/wp-json\/wp\/v2\/media\/90886"}],"wp:attachment":[{"href":"https:\/\/e.kosmolat.eu\/lt\/wp-json\/wp\/v2\/media?parent=48777"}],"wp:term":[{"taxonomy":"product_cat","embeddable":true,"href":"https:\/\/e.kosmolat.eu\/lt\/wp-json\/wp\/v2\/product_cat?post=48777"},{"taxonomy":"product_tag","embeddable":true,"href":"https:\/\/e.kosmolat.eu\/lt\/wp-json\/wp\/v2\/product_tag?post=48777"}],"curies":[{"name":"wp","href":"https:\/\/api.w.org\/{rel}","templated":true}]}}