{"id":48769,"date":"2024-04-04T04:15:55","date_gmt":"2024-04-04T04:15:55","guid":{"rendered":"https:\/\/e.kosmolat.eu\/product\/ecl-matu-maska-dr-organic-argana-250-ml\/"},"modified":"2026-04-17T06:26:52","modified_gmt":"2026-04-17T06:26:52","slug":"ecl-matu-maska-dr-organic-argana-250-ml","status":"publish","type":"product","link":"https:\/\/e.kosmolat.eu\/lt\/produktas\/ecl-matu-maska-dr-organic-argana-250-ml\/","title":{"rendered":"ECOLATIER Plauk\u0173 kauk\u0117 Deep Reviving Organic Argana, 250 ml"},"content":{"rendered":"<p>Kauk\u0117, turinti daug maistini\u0173 med\u017eiag\u0173, prasiskverbia \u012f plauko strukt\u016br\u0105, atkurdama j\u012f per vis\u0105 ilg\u012f ir apsaugodama nuo l\u016b\u017ein\u0117jimo. Padeda atgaivinti sausus plaukus, suteikdama jiems sveik\u0105 blizges\u012f. Tinka vis\u0173 tip\u0173 plaukams. Tinka veganams.<\/p>\n<p>Ingredientai: Organiniame \u0161alto spaudimo argan\u0173 aliejuje gausu neso\u010di\u0173j\u0173 riebal\u0173 r\u016bg\u0161\u010di\u0173 ir vitamino E, kuris suteikia sveikus plaukus ir galvos od\u0105. Argano aliejus atkuria susilpn\u0117jusius ir sausus plaukus, padaro juos sveikus ir \u017evilgan\u010dius. <\/p>\n<p>Aktyv\u016bs ingredientai:<br \/>\n\u2022 Makadamij\u0173 aliejus maitina plaukus, sulaiko dr\u0117gm\u0119 ir didina plauk\u0173 elastingum\u0105.<br \/>\n\u2022 Biolipid\u0173 kompleksas padeda atkurti galvos odos mikrobiom\u0105 ir palaiko sveik\u0105 mikroflor\u0105, palengvindamas \u0161ukavim\u0105 ir u\u017etikrindamas plauk\u0173 glotnum\u0105 bei sveik\u0105 \u017evilges\u012f.<\/p>\n<p>Naudojimas: Tepkite ant dr\u0117gn\u0173 plauk\u0173, palikite 2-5 minutes, nuplaukite \u0161iltu vandeniu. Tik i\u0161oriniam naudojimui.<\/p>\n","protected":false},"excerpt":{"rendered":"<p>Kauk\u0117, turinti daug maistini\u0173 med\u017eiag\u0173, prasiskverbia \u012f plauko strukt\u016br\u0105, atkurdama j\u012f per vis\u0105 ilg\u012f ir apsaugodama nuo l\u016b\u017ein\u0117jimo. Padeda atgaivinti sausus plaukus, suteikdama jiems sveik\u0105 blizges\u012f. Tinka vis\u0173 tip\u0173 plaukams. Tinka veganams. Ingredientai: Organiniame \u0161alto spaudimo argan\u0173 aliejuje gausu neso\u010di\u0173j\u0173 riebal\u0173 r\u016bg\u0161\u010di\u0173 ir vitamino E, kuris suteikia sveikus plaukus ir galvos od\u0105. Argano aliejus atkuria [&#8230;]\n","protected":false},"featured_media":90882,"template":"","meta":[],"product_cat":[2181],"product_tag":[],"class_list":{"0":"post-48769","1":"product","2":"type-product","3":"status-publish","4":"has-post-thumbnail","6":"product_brand-ecolab_cs-lt","7":"product_cat-bez-kategorijas-lt","9":"first","10":"instock","11":"taxable","12":"shipping-taxable","13":"product-type-simple"},"_links":{"self":[{"href":"https:\/\/e.kosmolat.eu\/lt\/wp-json\/wp\/v2\/product\/48769","targetHints":{"allow":["GET"]}}],"collection":[{"href":"https:\/\/e.kosmolat.eu\/lt\/wp-json\/wp\/v2\/product"}],"about":[{"href":"https:\/\/e.kosmolat.eu\/lt\/wp-json\/wp\/v2\/types\/product"}],"wp:featuredmedia":[{"embeddable":true,"href":"https:\/\/e.kosmolat.eu\/lt\/wp-json\/wp\/v2\/media\/90882"}],"wp:attachment":[{"href":"https:\/\/e.kosmolat.eu\/lt\/wp-json\/wp\/v2\/media?parent=48769"}],"wp:term":[{"taxonomy":"product_cat","embeddable":true,"href":"https:\/\/e.kosmolat.eu\/lt\/wp-json\/wp\/v2\/product_cat?post=48769"},{"taxonomy":"product_tag","embeddable":true,"href":"https:\/\/e.kosmolat.eu\/lt\/wp-json\/wp\/v2\/product_tag?post=48769"}],"curies":[{"name":"wp","href":"https:\/\/api.w.org\/{rel}","templated":true}]}}