{"id":48745,"date":"2024-04-04T04:15:12","date_gmt":"2024-04-04T04:15:12","guid":{"rendered":"https:\/\/e.kosmolat.eu\/product\/ecl-matu-balzams-hf-organic-aloe-vera-250-ml\/"},"modified":"2026-03-31T20:41:02","modified_gmt":"2026-03-31T20:41:02","slug":"ecl-matu-balzams-hf-organic-aloe-vera-250-ml","status":"publish","type":"product","link":"https:\/\/e.kosmolat.eu\/lt\/produktas\/ecl-matu-balzams-hf-organic-aloe-vera-250-ml\/","title":{"rendered":"ECOLATIER plauk\u0173 balzamas Hydrating &#038; Fortifying Organic Aloe Vera, 250 ml"},"content":{"rendered":"<p>Balzamas \u0161velniai pri\u017ei\u016bri plaukus, blokuoja dr\u0117gm\u0119 ir i\u0161lygina net nepaklusnius plaukus. Suteikia plaukams sveik\u0105 i\u0161vaizd\u0105 ir apsaugo nuo l\u016b\u017ein\u0117jimo. Tinka vis\u0173 tip\u0173 plaukams. Tinka veganams<\/p>\n<p>Ingredientai: Alavij\u0173 ekstrakte gausu vitamin\u0173, amino r\u016bg\u0161\u010di\u0173, mineral\u0173, polisacharid\u0173, fitoncid\u0173, skatina l\u0105steli\u0173 atsinaujinim\u0105, giliai maitina galvos od\u0105 ir stiprina plaukus.<\/p>\n<p>Aktyv\u016bs ingredientai:<br \/>\n\u2022 Ry\u017ei\u0173 baltymai atkuria plaukus, suteikia intensyvi\u0105 mityb\u0105 nuo \u0161akn\u0173 iki galiuk\u0173, stiprina plaukus ir tonizuoja galvos od\u0105.<br \/>\n\u2022 Ajer\u0173 ekstraktas stiprina plaukus ir skatina j\u0173 augim\u0105.<\/p>\n<p>Naudojimas: Tepkite ant dr\u0117gn\u0173 plauk\u0173. Palikite 1-2 minutes, nuplaukite \u0161iltu vandeniu. Tik i\u0161oriniam naudojimui.<\/p>\n","protected":false},"excerpt":{"rendered":"<p>Balzamas \u0161velniai pri\u017ei\u016bri plaukus, blokuoja dr\u0117gm\u0119 ir i\u0161lygina net nepaklusnius plaukus. Suteikia plaukams sveik\u0105 i\u0161vaizd\u0105 ir apsaugo nuo l\u016b\u017ein\u0117jimo. Tinka vis\u0173 tip\u0173 plaukams. Tinka veganams Ingredientai: Alavij\u0173 ekstrakte gausu vitamin\u0173, amino r\u016bg\u0161\u010di\u0173, mineral\u0173, polisacharid\u0173, fitoncid\u0173, skatina l\u0105steli\u0173 atsinaujinim\u0105, giliai maitina galvos od\u0105 ir stiprina plaukus. Aktyv\u016bs ingredientai: \u2022 Ry\u017ei\u0173 baltymai atkuria plaukus, suteikia intensyvi\u0105 mityb\u0105 [&#8230;]\n","protected":false},"featured_media":90870,"template":"","meta":[],"product_cat":[1640],"product_tag":[],"class_list":{"0":"post-48745","1":"product","2":"type-product","3":"status-publish","4":"has-post-thumbnail","6":"product_brand-ecolab_cs-lt","7":"product_cat-balzamai","9":"first","10":"outofstock","11":"taxable","12":"shipping-taxable","13":"product-type-simple"},"_links":{"self":[{"href":"https:\/\/e.kosmolat.eu\/lt\/wp-json\/wp\/v2\/product\/48745","targetHints":{"allow":["GET"]}}],"collection":[{"href":"https:\/\/e.kosmolat.eu\/lt\/wp-json\/wp\/v2\/product"}],"about":[{"href":"https:\/\/e.kosmolat.eu\/lt\/wp-json\/wp\/v2\/types\/product"}],"wp:featuredmedia":[{"embeddable":true,"href":"https:\/\/e.kosmolat.eu\/lt\/wp-json\/wp\/v2\/media\/90870"}],"wp:attachment":[{"href":"https:\/\/e.kosmolat.eu\/lt\/wp-json\/wp\/v2\/media?parent=48745"}],"wp:term":[{"taxonomy":"product_cat","embeddable":true,"href":"https:\/\/e.kosmolat.eu\/lt\/wp-json\/wp\/v2\/product_cat?post=48745"},{"taxonomy":"product_tag","embeddable":true,"href":"https:\/\/e.kosmolat.eu\/lt\/wp-json\/wp\/v2\/product_tag?post=48745"}],"curies":[{"name":"wp","href":"https:\/\/api.w.org\/{rel}","templated":true}]}}