{"id":48729,"date":"2024-04-04T04:13:44","date_gmt":"2024-04-04T04:13:44","guid":{"rendered":"https:\/\/e.kosmolat.eu\/product\/ecl-samp-skrubis-matiem-un-galvas-ad-hf-organic-aloe-vera-300-g\/"},"modified":"2025-09-20T03:22:14","modified_gmt":"2025-09-20T03:22:14","slug":"ecl-samp-skrubis-matiem-un-galvas-ad-hf-organic-aloe-vera-300-g","status":"publish","type":"product","link":"https:\/\/e.kosmolat.eu\/lt\/produktas\/ecl-samp-skrubis-matiem-un-galvas-ad-hf-organic-aloe-vera-300-g\/","title":{"rendered":"ECOLATIER \u0160amp\u016bnas-\u0161veitiklis plaukams ir galvos odai Hydrating &#038; Fortifying Organic Aloe Vera, 300"},"content":{"rendered":"<p>\u0160amp\u016bnas-\u0161veitiklis leid\u017eia derinti efektyv\u0173 ir \u0161veln\u0173 galvos odos valym\u0105 bei intensyvi\u0105 prie\u017ei\u016br\u0105. Special\u016bs \u0161veitimo komponentai atlieka mikromasa\u017e\u0105, \u0161veln\u0173 valym\u0105 ir l\u0105steli\u0173 atnaujinim\u0105. <\/p>\n<p>Ingredientai: Alavij\u0173 ekstrakte gausu vitamin\u0173, amino r\u016bg\u0161\u010di\u0173, mineral\u0173, polisacharid\u0173 ir fitoncid\u0173, jis skatina l\u0105steli\u0173 atsinaujinim\u0105, giliai maitina galvos od\u0105, stiprina plaukus ir greitina j\u0173 augim\u0105.<\/p>\n<p>Aktyv\u016bs ingredientai:<br \/>\n\u2022 J\u016bros druska \u0161velniai nu\u0161vei\u010dia galvos od\u0105, prisotindama j\u0105 mineralais ir mikroelementais.<br \/>\n\u2022 Ry\u017ei\u0173 baltymai atkuria plaukus, suteikia intensyvi\u0105 mityb\u0105 nuo \u0161akn\u0173 iki galiuk\u0173, stiprina plaukus ir tonizuoja galvos od\u0105.<br \/>\n\u2022 Ajer\u0173 ekstraktas stiprina plaukus ir skatina j\u0173 augim\u0105. <\/p>\n<p>Naudojimas: Tepkite ant galvos odos ir plauk\u0173, \u0161velniai \u012fmasa\u017euokite ir nuplaukite \u0161iltu vandeniu. Tik i\u0161oriniam naudojimui.<\/p>\n","protected":false},"excerpt":{"rendered":"<p>\u0160amp\u016bnas-\u0161veitiklis leid\u017eia derinti efektyv\u0173 ir \u0161veln\u0173 galvos odos valym\u0105 bei intensyvi\u0105 prie\u017ei\u016br\u0105. Special\u016bs \u0161veitimo komponentai atlieka mikromasa\u017e\u0105, \u0161veln\u0173 valym\u0105 ir l\u0105steli\u0173 atnaujinim\u0105. Ingredientai: Alavij\u0173 ekstrakte gausu vitamin\u0173, amino r\u016bg\u0161\u010di\u0173, mineral\u0173, polisacharid\u0173 ir fitoncid\u0173, jis skatina l\u0105steli\u0173 atsinaujinim\u0105, giliai maitina galvos od\u0105, stiprina plaukus ir greitina j\u0173 augim\u0105. Aktyv\u016bs ingredientai: \u2022 J\u016bros druska \u0161velniai nu\u0161vei\u010dia galvos [&#8230;]\n","protected":false},"featured_media":90850,"template":"","meta":[],"product_cat":[2181],"product_tag":[],"class_list":{"0":"post-48729","1":"product","2":"type-product","3":"status-publish","4":"has-post-thumbnail","6":"product_brand-ecolab_cs-lt","7":"product_cat-bez-kategorijas-lt","9":"first","10":"outofstock","11":"taxable","12":"shipping-taxable","13":"product-type-simple"},"_links":{"self":[{"href":"https:\/\/e.kosmolat.eu\/lt\/wp-json\/wp\/v2\/product\/48729","targetHints":{"allow":["GET"]}}],"collection":[{"href":"https:\/\/e.kosmolat.eu\/lt\/wp-json\/wp\/v2\/product"}],"about":[{"href":"https:\/\/e.kosmolat.eu\/lt\/wp-json\/wp\/v2\/types\/product"}],"wp:featuredmedia":[{"embeddable":true,"href":"https:\/\/e.kosmolat.eu\/lt\/wp-json\/wp\/v2\/media\/90850"}],"wp:attachment":[{"href":"https:\/\/e.kosmolat.eu\/lt\/wp-json\/wp\/v2\/media?parent=48729"}],"wp:term":[{"taxonomy":"product_cat","embeddable":true,"href":"https:\/\/e.kosmolat.eu\/lt\/wp-json\/wp\/v2\/product_cat?post=48729"},{"taxonomy":"product_tag","embeddable":true,"href":"https:\/\/e.kosmolat.eu\/lt\/wp-json\/wp\/v2\/product_tag?post=48729"}],"curies":[{"name":"wp","href":"https:\/\/api.w.org\/{rel}","templated":true}]}}