{"id":48721,"date":"2024-04-04T04:13:28","date_gmt":"2024-04-04T04:13:28","guid":{"rendered":"https:\/\/e.kosmolat.eu\/product\/ecl-matu-sampuns-vg-organic-cannabis-250-ml\/"},"modified":"2026-04-22T09:43:44","modified_gmt":"2026-04-22T09:43:44","slug":"ecl-matu-sampuns-vg-organic-cannabis-250-ml","status":"publish","type":"product","link":"https:\/\/e.kosmolat.eu\/lt\/produktas\/ecl-matu-sampuns-vg-organic-cannabis-250-ml\/","title":{"rendered":"ECOLATIER \u0160amp\u016bnas Volume &#038; Growth Organic Cannabis, 250 ml"},"content":{"rendered":"<p>\u0160velniai valo plaukus ir r\u016bpinasi galvos oda. Tinka vis\u0173 tip\u0173 plaukams. Tinka veganams.<\/p>\n<p>\u0160alto spaudimo kanapi\u0173 aliejuje yra daug omega riebi\u0173j\u0173 r\u016bg\u0161\u010di\u0173 ir vitamin\u0173. Lengva, neriebi formul\u0117 ma\u017eina plauk\u0173 slinkim\u0105 ir atkuria sausus bei pa\u017eeistus plaukus. Apsaugo nuo at\u0161iauraus klimato, i\u0161saus\u0117jimo ir tar\u0161os.<\/p>\n<p>Aktyv\u016bs ingredientai:<br \/>\n\u2022 Pelyn\u0173 ekstraktas maitina ir stiprina plauk\u0173 folikulus, skatina plauk\u0173 augim\u0105, po kurio plaukai atrodo sveiki ir \u017evilgantys. Pelyno ekstraktas taip pat puikiai dr\u0117kina plaukus, pasi\u017eymi antistatiniu poveikiu ir i\u0161painioja plaukus.<br \/>\n\u2022 Niacinamidas aktyvina plauk\u0173 folikulus, o tai skatina plauk\u0173 augim\u0105 ir stipr\u0117jim\u0105, maitina ir atstato, skatina kolageno gamyb\u0105, suteikia plaukams sveiko \u017evilgesio.<br \/>\n\u2022 Ry\u017ei\u0173 baltymai atkuria plaukus, suteikia intensyvi\u0105 mityb\u0105 nuo \u0161akn\u0173 iki galiuk\u0173, stiprina plaukus ir tonizuoja galvos od\u0105.<\/p>\n<p>Naudojimas: Tepkite ant dr\u0117gn\u0173 plauk\u0173, suputokite, nuplaukite \u0161iltu vandeniu. Tik i\u0161oriniam naudojimui.<\/p>\n","protected":false},"excerpt":{"rendered":"<p>\u0160velniai valo plaukus ir r\u016bpinasi galvos oda. Tinka vis\u0173 tip\u0173 plaukams. Tinka veganams. \u0160alto spaudimo kanapi\u0173 aliejuje yra daug omega riebi\u0173j\u0173 r\u016bg\u0161\u010di\u0173 ir vitamin\u0173. Lengva, neriebi formul\u0117 ma\u017eina plauk\u0173 slinkim\u0105 ir atkuria sausus bei pa\u017eeistus plaukus. Apsaugo nuo at\u0161iauraus klimato, i\u0161saus\u0117jimo ir tar\u0161os. Aktyv\u016bs ingredientai: \u2022 Pelyn\u0173 ekstraktas maitina ir stiprina plauk\u0173 folikulus, skatina plauk\u0173 [&#8230;]\n","protected":false},"featured_media":90846,"template":"","meta":[],"product_cat":[2181],"product_tag":[],"class_list":{"0":"post-48721","1":"product","2":"type-product","3":"status-publish","4":"has-post-thumbnail","6":"product_brand-ecolab_cs-lt","7":"product_cat-bez-kategorijas-lt","9":"first","10":"instock","11":"taxable","12":"shipping-taxable","13":"product-type-simple"},"_links":{"self":[{"href":"https:\/\/e.kosmolat.eu\/lt\/wp-json\/wp\/v2\/product\/48721","targetHints":{"allow":["GET"]}}],"collection":[{"href":"https:\/\/e.kosmolat.eu\/lt\/wp-json\/wp\/v2\/product"}],"about":[{"href":"https:\/\/e.kosmolat.eu\/lt\/wp-json\/wp\/v2\/types\/product"}],"wp:featuredmedia":[{"embeddable":true,"href":"https:\/\/e.kosmolat.eu\/lt\/wp-json\/wp\/v2\/media\/90846"}],"wp:attachment":[{"href":"https:\/\/e.kosmolat.eu\/lt\/wp-json\/wp\/v2\/media?parent=48721"}],"wp:term":[{"taxonomy":"product_cat","embeddable":true,"href":"https:\/\/e.kosmolat.eu\/lt\/wp-json\/wp\/v2\/product_cat?post=48721"},{"taxonomy":"product_tag","embeddable":true,"href":"https:\/\/e.kosmolat.eu\/lt\/wp-json\/wp\/v2\/product_tag?post=48721"}],"curies":[{"name":"wp","href":"https:\/\/api.w.org\/{rel}","templated":true}]}}