{"id":48713,"date":"2024-04-04T04:13:12","date_gmt":"2024-04-04T04:13:12","guid":{"rendered":"https:\/\/e.kosmolat.eu\/product\/ecl-hair-shampoo-ns-organic-avocado-250-ml\/"},"modified":"2026-04-13T14:59:32","modified_gmt":"2026-04-13T14:59:32","slug":"ecl-matu-sampuns-ns-organic-avocado-250-ml","status":"publish","type":"product","link":"https:\/\/e.kosmolat.eu\/lt\/produktas\/ecl-matu-sampuns-ns-organic-avocado-250-ml\/","title":{"rendered":"ECOLATIER \u0160amp\u016bnas Nutrition &#038; Strength Organic Avocado , 250 ml"},"content":{"rendered":"<p>\u0160velniai valo plaukus ir r\u016bpinasi galvos oda. Tinka vis\u0173 tip\u0173 plaukams. Tinka veganams.<\/p>\n<p>Ingredientai: Organinis \u0161alto spaudimo avokad\u0173 aliejus turi vitamin\u0173 ir antioksidant\u0173, skatina kolageno gamyb\u0105, atkuria odos barjerines funkcijas. Praturtintas vitaminais B, C, D, E ir polineso\u010diosiomis riebal\u0173 r\u016bg\u0161timis, kurios efektyviai atkuria, stiprina ir maitina plaukus, nepalikdamos ant j\u0173 riebios pl\u0117vel\u0117s.<\/p>\n<p>Aktyv\u016bs ingredientai:<br \/>\n\u0160alavij\u0173 ekstraktas tonizuoja galvos od\u0105, stiprina plaukus ir suteikia jiems ilgalaik\u012f gaivum\u0105.<br \/>\nInulinas apsaugo nuo galvos odos ir plauk\u0173 i\u0161saus\u0117jimo, mink\u0161tina ir lygina, valo ir suteikia plaukams nat\u016bralaus \u017evilgesio ir spindesio.<\/p>\n<p>Naudojimas: Tepkite ant dr\u0117gn\u0173 plauk\u0173, suputokite, nuplaukite \u0161iltu vandeniu. Tik i\u0161oriniam naudojimui.<\/p>\n","protected":false},"excerpt":{"rendered":"<p>\u0160velniai valo plaukus ir r\u016bpinasi galvos oda. Tinka vis\u0173 tip\u0173 plaukams. Tinka veganams. Ingredientai: Organinis \u0161alto spaudimo avokad\u0173 aliejus turi vitamin\u0173 ir antioksidant\u0173, skatina kolageno gamyb\u0105, atkuria odos barjerines funkcijas. Praturtintas vitaminais B, C, D, E ir polineso\u010diosiomis riebal\u0173 r\u016bg\u0161timis, kurios efektyviai atkuria, stiprina ir maitina plaukus, nepalikdamos ant j\u0173 riebios pl\u0117vel\u0117s. Aktyv\u016bs ingredientai: \u0160alavij\u0173 [&#8230;]\n","protected":false},"featured_media":90842,"template":"","meta":[],"product_cat":[1251],"product_tag":[],"class_list":{"0":"post-48713","1":"product","2":"type-product","3":"status-publish","4":"has-post-thumbnail","6":"product_brand-ecolab_cs-lt","7":"product_cat-sampunai","9":"first","10":"instock","11":"taxable","12":"shipping-taxable","13":"product-type-simple"},"_links":{"self":[{"href":"https:\/\/e.kosmolat.eu\/lt\/wp-json\/wp\/v2\/product\/48713","targetHints":{"allow":["GET"]}}],"collection":[{"href":"https:\/\/e.kosmolat.eu\/lt\/wp-json\/wp\/v2\/product"}],"about":[{"href":"https:\/\/e.kosmolat.eu\/lt\/wp-json\/wp\/v2\/types\/product"}],"wp:featuredmedia":[{"embeddable":true,"href":"https:\/\/e.kosmolat.eu\/lt\/wp-json\/wp\/v2\/media\/90842"}],"wp:attachment":[{"href":"https:\/\/e.kosmolat.eu\/lt\/wp-json\/wp\/v2\/media?parent=48713"}],"wp:term":[{"taxonomy":"product_cat","embeddable":true,"href":"https:\/\/e.kosmolat.eu\/lt\/wp-json\/wp\/v2\/product_cat?post=48713"},{"taxonomy":"product_tag","embeddable":true,"href":"https:\/\/e.kosmolat.eu\/lt\/wp-json\/wp\/v2\/product_tag?post=48713"}],"curies":[{"name":"wp","href":"https:\/\/api.w.org\/{rel}","templated":true}]}}