{"id":48705,"date":"2024-04-04T04:12:49","date_gmt":"2024-04-04T04:12:49","guid":{"rendered":"https:\/\/e.kosmolat.eu\/product\/ecl-matu-sampuns-hf-organic-aloe-vera-250-ml\/"},"modified":"2026-04-22T09:43:30","modified_gmt":"2026-04-22T09:43:30","slug":"ecl-matu-sampuns-hf-organic-aloe-vera-250-ml","status":"publish","type":"product","link":"https:\/\/e.kosmolat.eu\/lt\/produktas\/ecl-matu-sampuns-hf-organic-aloe-vera-250-ml\/","title":{"rendered":"ECOLATIER \u0160amp\u016bnas Hydrating &#038; Fortifying Organic Aloe Vera, 250 ml"},"content":{"rendered":"<p>&Scaron;velniai valo plaukus ir r\u016bpinasi galvos oda. Tinka vis\u0173 tip\u0173 plaukams. Tinka veganams.<\/p>\n<p>Alavij\u0173 ekstrakte gausu vitamin\u0173, amino r\u016bg&scaron;\u010di\u0173, mineral\u0173, polisacharid\u0173, fitoncid\u0173, skatina l\u0105steli\u0173 atsinaujinim\u0105, giliai maitina galvos od\u0105 ir stiprina plaukus.<\/p>\n<p><strong>Aktyv\u016bs ingredientai:<\/strong><\/p>\n<ul>\n<li><strong>Ry\u017ei\u0173 baltymai<\/strong> atkuria plaukus, suteikia intensyvi\u0105 mityb\u0105 nuo &scaron;akn\u0173 iki galiuk\u0173, stiprina plaukus ir tonizuoja galvos od\u0105.<\/li>\n<li><strong>Ajer\u0173 ekstraktas<\/strong> stiprina plaukus ir skatina j\u0173 augim\u0105.<\/li>\n<li><strong>Aminor\u016bg&scaron;tys<\/strong> maitina, dr\u0117kina ir apsaugo plaukus nuo trapumo bei slinkimo.<\/li>\n<\/ul>\n<p><strong>Naudojimas:<\/strong> Tepkite ant dr\u0117gn\u0173 plauk\u0173, suputokite, nuplaukite &scaron;iltu vandeniu. Tik i&scaron;oriniam naudojimui.<br \/>\n&nbsp;<\/p>\n","protected":false},"excerpt":{"rendered":"<p>&Scaron;velniai valo plaukus ir r\u016bpinasi galvos oda. Tinka vis\u0173 tip\u0173 plaukams. Tinka veganams. Alavij\u0173 ekstrakte gausu vitamin\u0173, amino r\u016bg&scaron;\u010di\u0173, mineral\u0173, polisacharid\u0173, fitoncid\u0173, skatina l\u0105steli\u0173 atsinaujinim\u0105, giliai maitina galvos od\u0105 ir stiprina plaukus. Aktyv\u016bs ingredientai: Ry\u017ei\u0173 baltymai atkuria plaukus, suteikia intensyvi\u0105 mityb\u0105 nuo &scaron;akn\u0173 iki galiuk\u0173, stiprina plaukus ir tonizuoja galvos od\u0105. Ajer\u0173 ekstraktas stiprina plaukus [&#8230;]\n","protected":false},"featured_media":90838,"template":"","meta":[],"product_cat":[2181],"product_tag":[],"class_list":{"0":"post-48705","1":"product","2":"type-product","3":"status-publish","4":"has-post-thumbnail","6":"product_brand-ecolab_cs-lt","7":"product_cat-bez-kategorijas-lt","9":"first","10":"instock","11":"taxable","12":"shipping-taxable","13":"product-type-simple"},"_links":{"self":[{"href":"https:\/\/e.kosmolat.eu\/lt\/wp-json\/wp\/v2\/product\/48705","targetHints":{"allow":["GET"]}}],"collection":[{"href":"https:\/\/e.kosmolat.eu\/lt\/wp-json\/wp\/v2\/product"}],"about":[{"href":"https:\/\/e.kosmolat.eu\/lt\/wp-json\/wp\/v2\/types\/product"}],"wp:featuredmedia":[{"embeddable":true,"href":"https:\/\/e.kosmolat.eu\/lt\/wp-json\/wp\/v2\/media\/90838"}],"wp:attachment":[{"href":"https:\/\/e.kosmolat.eu\/lt\/wp-json\/wp\/v2\/media?parent=48705"}],"wp:term":[{"taxonomy":"product_cat","embeddable":true,"href":"https:\/\/e.kosmolat.eu\/lt\/wp-json\/wp\/v2\/product_cat?post=48705"},{"taxonomy":"product_tag","embeddable":true,"href":"https:\/\/e.kosmolat.eu\/lt\/wp-json\/wp\/v2\/product_tag?post=48705"}],"curies":[{"name":"wp","href":"https:\/\/api.w.org\/{rel}","templated":true}]}}