{"id":48697,"date":"2024-04-04T04:12:32","date_gmt":"2024-04-04T04:12:32","guid":{"rendered":"https:\/\/e.kosmolat.eu\/product\/ecl-matu-sampuns-dr-organic-argana-250-ml\/"},"modified":"2026-04-16T10:38:04","modified_gmt":"2026-04-16T10:38:04","slug":"ecl-matu-sampuns-dr-organic-argana-250-ml","status":"publish","type":"product","link":"https:\/\/e.kosmolat.eu\/lt\/produktas\/ecl-matu-sampuns-dr-organic-argana-250-ml\/","title":{"rendered":"ECOLATIER \u0160amp\u016bnas Deep Reviving Organic Argana, 250 ml"},"content":{"rendered":"<p>&Scaron;velniai valo plaukus ir r\u016bpinasi galvos oda. Tinka vis\u0173 tip\u0173 plaukams. Tinka veganams.<\/p>\n<p>&Scaron;alto spaudimo argan\u0173 aliejuje gausu neso\u010di\u0173j\u0173 riebi\u0173j\u0173 r\u016bg&scaron;\u010di\u0173 ir vitamino E, kuris suteikia sveikatos plaukams ir galvos odai. Argan\u0173 aliejus atkuria susilpn\u0117jusius ir sausus plaukus, padaro juos sveikus ir \u017evilgan\u010dius.<\/p>\n<p><strong>Aktyv\u016bs ingredientai:<\/strong><\/p>\n<ul>\n<li><strong>Migdol\u0173 aliejus<\/strong> giliai dr\u0117kina plaukus ir prisotina galvos od\u0105 vitaminais.<\/li>\n<li><strong>Kinro\u017ei\u0173 ekstraktas<\/strong> stiprina plaukus ir skatina j\u0173 augim\u0105.<\/li>\n<li><strong>Biolipid\u0173 kompleksas<\/strong> padeda atkurti galvos odos mikrobiom\u0105, palaikyti sveik\u0105 mikroflor\u0105 ir suteikia lygum\u0105 ir sveik\u0105 spindes\u012f.<\/li>\n<\/ul>\n<p><strong>Naudojimas:<\/strong> paskirstykite ant dr\u0117gn\u0173 plauk\u0173, suputokite, nuplaukite &scaron;iltu vandeniu. Tik i&scaron;oriniam naudojimui.<br \/>\n&nbsp;<\/p>\n","protected":false},"excerpt":{"rendered":"<p>&Scaron;velniai valo plaukus ir r\u016bpinasi galvos oda. Tinka vis\u0173 tip\u0173 plaukams. Tinka veganams. &Scaron;alto spaudimo argan\u0173 aliejuje gausu neso\u010di\u0173j\u0173 riebi\u0173j\u0173 r\u016bg&scaron;\u010di\u0173 ir vitamino E, kuris suteikia sveikatos plaukams ir galvos odai. Argan\u0173 aliejus atkuria susilpn\u0117jusius ir sausus plaukus, padaro juos sveikus ir \u017evilgan\u010dius. Aktyv\u016bs ingredientai: Migdol\u0173 aliejus giliai dr\u0117kina plaukus ir prisotina galvos od\u0105 vitaminais. [&#8230;]\n","protected":false},"featured_media":90834,"template":"","meta":[],"product_cat":[1251],"product_tag":[],"class_list":{"0":"post-48697","1":"product","2":"type-product","3":"status-publish","4":"has-post-thumbnail","6":"product_brand-ecolab_cs-lt","7":"product_cat-sampunai","9":"first","10":"instock","11":"taxable","12":"shipping-taxable","13":"product-type-simple"},"_links":{"self":[{"href":"https:\/\/e.kosmolat.eu\/lt\/wp-json\/wp\/v2\/product\/48697","targetHints":{"allow":["GET"]}}],"collection":[{"href":"https:\/\/e.kosmolat.eu\/lt\/wp-json\/wp\/v2\/product"}],"about":[{"href":"https:\/\/e.kosmolat.eu\/lt\/wp-json\/wp\/v2\/types\/product"}],"wp:featuredmedia":[{"embeddable":true,"href":"https:\/\/e.kosmolat.eu\/lt\/wp-json\/wp\/v2\/media\/90834"}],"wp:attachment":[{"href":"https:\/\/e.kosmolat.eu\/lt\/wp-json\/wp\/v2\/media?parent=48697"}],"wp:term":[{"taxonomy":"product_cat","embeddable":true,"href":"https:\/\/e.kosmolat.eu\/lt\/wp-json\/wp\/v2\/product_cat?post=48697"},{"taxonomy":"product_tag","embeddable":true,"href":"https:\/\/e.kosmolat.eu\/lt\/wp-json\/wp\/v2\/product_tag?post=48697"}],"curies":[{"name":"wp","href":"https:\/\/api.w.org\/{rel}","templated":true}]}}