{"id":48689,"date":"2024-04-04T04:12:19","date_gmt":"2024-04-04T04:12:19","guid":{"rendered":"https:\/\/e.kosmolat.eu\/product\/ecl-baby-bernu-sampuns-2-in-1-viegla-kemmesana-3-250-ml\/"},"modified":"2025-09-20T03:21:00","modified_gmt":"2025-09-20T03:21:00","slug":"i_ecl-baby-bernu-sampuns-2-in-1-viegla-kemmesana-3-250-ml","status":"publish","type":"product","link":"https:\/\/e.kosmolat.eu\/lt\/produktas\/i_ecl-baby-bernu-sampuns-2-in-1-viegla-kemmesana-3-250-ml\/","title":{"rendered":"I_ECOLATIER BABY Vaiki\u0161kas \u0161amp\u016bnas 2in1 Lengvas \u0161ukavimas 3+, 250 ml"},"content":{"rendered":"<p>Vaiki\u0161kas \u0161amp\u016bnas 2 viename \u0161velniai i\u0161valo k\u016bdikio plaukus ir od\u0105. Mink\u0161tina plaukus ir padeda i\u0161\u0161ukuoti nepaklusnias garbanas. Gryna, nat\u016brali formul\u0117 sukurta taip, kad suma\u017eint\u0173 alergini\u0173 reakcij\u0173 rizik\u0105 ir joje n\u0117ra ingredient\u0173, d\u0117l kuri\u0173 nerimauti. Nedirgina aki\u0173 ir nesausina k\u016bdikio odos. <\/p>\n<p>\u2022 Medviln\u0117s ekstraktas idealiai tinka jautriausios odos prie\u017ei\u016brai, j\u0105 maitina ir mink\u0161tina.<br \/>\n\u2022 Pieno r\u016bg\u0161tis palaiko nat\u016bral\u0173 k\u016bdikio odos pH lyg\u012f. <\/p>\n<p>Naudojimas: Tepkite ant dr\u0117gnos odos ir plauk\u0173, \u0161iek tiek suputokite. Nuplaukite \u0161variu vandeniu. I\u0161oriniam naudojimui. Laikyti vaikams nepasiekiamoje vietoje.<\/p>\n","protected":false},"excerpt":{"rendered":"<p>Vaiki\u0161kas \u0161amp\u016bnas 2 viename \u0161velniai i\u0161valo k\u016bdikio plaukus ir od\u0105. Mink\u0161tina plaukus ir padeda i\u0161\u0161ukuoti nepaklusnias garbanas. Gryna, nat\u016brali formul\u0117 sukurta taip, kad suma\u017eint\u0173 alergini\u0173 reakcij\u0173 rizik\u0105 ir joje n\u0117ra ingredient\u0173, d\u0117l kuri\u0173 nerimauti. Nedirgina aki\u0173 ir nesausina k\u016bdikio odos. \u2022 Medviln\u0117s ekstraktas idealiai tinka jautriausios odos prie\u017ei\u016brai, j\u0105 maitina ir mink\u0161tina. \u2022 Pieno r\u016bg\u0161tis [&#8230;]\n","protected":false},"featured_media":90830,"template":"","meta":[],"product_cat":[2181],"product_tag":[],"class_list":{"0":"post-48689","1":"product","2":"type-product","3":"status-publish","4":"has-post-thumbnail","6":"product_brand-ecolab_cs-lt","7":"product_cat-bez-kategorijas-lt","9":"first","10":"outofstock","11":"taxable","12":"shipping-taxable","13":"product-type-simple"},"_links":{"self":[{"href":"https:\/\/e.kosmolat.eu\/lt\/wp-json\/wp\/v2\/product\/48689","targetHints":{"allow":["GET"]}}],"collection":[{"href":"https:\/\/e.kosmolat.eu\/lt\/wp-json\/wp\/v2\/product"}],"about":[{"href":"https:\/\/e.kosmolat.eu\/lt\/wp-json\/wp\/v2\/types\/product"}],"wp:featuredmedia":[{"embeddable":true,"href":"https:\/\/e.kosmolat.eu\/lt\/wp-json\/wp\/v2\/media\/90830"}],"wp:attachment":[{"href":"https:\/\/e.kosmolat.eu\/lt\/wp-json\/wp\/v2\/media?parent=48689"}],"wp:term":[{"taxonomy":"product_cat","embeddable":true,"href":"https:\/\/e.kosmolat.eu\/lt\/wp-json\/wp\/v2\/product_cat?post=48689"},{"taxonomy":"product_tag","embeddable":true,"href":"https:\/\/e.kosmolat.eu\/lt\/wp-json\/wp\/v2\/product_tag?post=48689"}],"curies":[{"name":"wp","href":"https:\/\/api.w.org\/{rel}","templated":true}]}}