{"id":48673,"date":"2024-04-04T04:11:49","date_gmt":"2024-04-04T04:11:49","guid":{"rendered":"https:\/\/e.kosmolat.eu\/product\/organic-mimi-kermena-krems-dh-almond-yuzu-100-ml\/"},"modified":"2026-04-01T07:45:45","modified_gmt":"2026-04-01T07:45:45","slug":"organic-mimi-kermena-krems-dh-almond-yuzu-100-ml","status":"publish","type":"product","link":"https:\/\/e.kosmolat.eu\/lt\/produktas\/organic-mimi-kermena-krems-dh-almond-yuzu-100-ml\/","title":{"rendered":"ORGANIC MIMI K\u016bno kremas  Deep Hydrating  Almond &#038; Yuzu, 100 ml"},"content":{"rendered":"<p>Giliai dr\u0117kina i\u0161saus\u0117jusi\u0105 od\u0105 ir atkuria vandens ir lipid\u0173 balans\u0105.<\/p>\n<p>\u2022 Organinis  migdol\u0173 aliejus i\u0161lygina odos atspalv\u012f, gerina elastingum\u0105, j\u0105 mink\u0161tina ir dr\u0117kina.<br \/>\n\u2022 Yuzu (kvapni\u0173j\u0173 mandarin\u0173)ekstraktas intensyviai dr\u0117kina od\u0105 ir saugo j\u0105 nuo dr\u0117gm\u0117s praradimo.<\/p>\n<p>Naudojimas: nedidel\u012f kiek\u012f kremo u\u017etepkite ant \u0161varios odos, masa\u017euokite, kol visi\u0161kai \u012fsigers. Tik i\u0161oriniam naudojimui.<\/p>\n","protected":false},"excerpt":{"rendered":"<p>Giliai dr\u0117kina i\u0161saus\u0117jusi\u0105 od\u0105 ir atkuria vandens ir lipid\u0173 balans\u0105. \u2022 Organinis migdol\u0173 aliejus i\u0161lygina odos atspalv\u012f, gerina elastingum\u0105, j\u0105 mink\u0161tina ir dr\u0117kina. \u2022 Yuzu (kvapni\u0173j\u0173 mandarin\u0173)ekstraktas intensyviai dr\u0117kina od\u0105 ir saugo j\u0105 nuo dr\u0117gm\u0117s praradimo. Naudojimas: nedidel\u012f kiek\u012f kremo u\u017etepkite ant \u0161varios odos, masa\u017euokite, kol visi\u0161kai \u012fsigers. Tik i\u0161oriniam naudojimui.<\/p>\n","protected":false},"featured_media":90754,"template":"","meta":[],"product_cat":[1390],"product_tag":[],"class_list":{"0":"post-48673","1":"product","2":"type-product","3":"status-publish","4":"has-post-thumbnail","6":"product_brand-ecolab_cs-lt","7":"product_cat-kremai-aliejai-kuno-pienelis","9":"first","10":"instock","11":"taxable","12":"shipping-taxable","13":"product-type-simple"},"_links":{"self":[{"href":"https:\/\/e.kosmolat.eu\/lt\/wp-json\/wp\/v2\/product\/48673","targetHints":{"allow":["GET"]}}],"collection":[{"href":"https:\/\/e.kosmolat.eu\/lt\/wp-json\/wp\/v2\/product"}],"about":[{"href":"https:\/\/e.kosmolat.eu\/lt\/wp-json\/wp\/v2\/types\/product"}],"wp:featuredmedia":[{"embeddable":true,"href":"https:\/\/e.kosmolat.eu\/lt\/wp-json\/wp\/v2\/media\/90754"}],"wp:attachment":[{"href":"https:\/\/e.kosmolat.eu\/lt\/wp-json\/wp\/v2\/media?parent=48673"}],"wp:term":[{"taxonomy":"product_cat","embeddable":true,"href":"https:\/\/e.kosmolat.eu\/lt\/wp-json\/wp\/v2\/product_cat?post=48673"},{"taxonomy":"product_tag","embeddable":true,"href":"https:\/\/e.kosmolat.eu\/lt\/wp-json\/wp\/v2\/product_tag?post=48673"}],"curies":[{"name":"wp","href":"https:\/\/api.w.org\/{rel}","templated":true}]}}