{"id":48665,"date":"2024-04-04T04:11:33","date_gmt":"2024-04-04T04:11:33","guid":{"rendered":"https:\/\/e.kosmolat.eu\/product\/organic-mimi-kermena-krems-dh-almond-verbena-100-ml\/"},"modified":"2026-04-17T08:53:41","modified_gmt":"2026-04-17T08:53:41","slug":"organic-mimi-kermena-krems-dh-almond-verbena-100-ml","status":"publish","type":"product","link":"https:\/\/e.kosmolat.eu\/lt\/produktas\/organic-mimi-kermena-krems-dh-almond-verbena-100-ml\/","title":{"rendered":"ORGANIC MIMI K\u016bno kremas  Deep Hydrating Almond &#038; Verbena, 100 ml"},"content":{"rendered":"<p>Giliai dr\u0117kina i\u0161saus\u0117jusi\u0105 od\u0105 ir atkuria vandens ir lipid\u0173 balans\u0105.<\/p>\n<p>\u2022 Organinis  migdol\u0173 aliejus i\u0161lygina tonus\u0105 ir gerina odos elastingum\u0105, j\u0105 mink\u0161tindamas ir maitindamas.<br \/>\n\u2022 Verben\u0173 ekstraktas dr\u0117kina, palaiko odos vandens ir lipid\u0173 balans\u0105 ir daro j\u0105 \u0161ilkin\u0119.<\/p>\n<p>Naudojimas: nedidel\u012f kiek\u012f kremo u\u017etepkite ant \u0161varios odos, masa\u017euokite, kol visi\u0161kai \u012fsigers. Tik i\u0161oriniam naudojimui.<\/p>\n","protected":false},"excerpt":{"rendered":"<p>Giliai dr\u0117kina i\u0161saus\u0117jusi\u0105 od\u0105 ir atkuria vandens ir lipid\u0173 balans\u0105. \u2022 Organinis migdol\u0173 aliejus i\u0161lygina tonus\u0105 ir gerina odos elastingum\u0105, j\u0105 mink\u0161tindamas ir maitindamas. \u2022 Verben\u0173 ekstraktas dr\u0117kina, palaiko odos vandens ir lipid\u0173 balans\u0105 ir daro j\u0105 \u0161ilkin\u0119. Naudojimas: nedidel\u012f kiek\u012f kremo u\u017etepkite ant \u0161varios odos, masa\u017euokite, kol visi\u0161kai \u012fsigers. Tik i\u0161oriniam naudojimui.<\/p>\n","protected":false},"featured_media":90750,"template":"","meta":[],"product_cat":[1390],"product_tag":[],"class_list":{"0":"post-48665","1":"product","2":"type-product","3":"status-publish","4":"has-post-thumbnail","6":"product_brand-ecolab_cs-lt","7":"product_cat-kremai-aliejai-kuno-pienelis","9":"first","10":"instock","11":"taxable","12":"shipping-taxable","13":"product-type-simple"},"_links":{"self":[{"href":"https:\/\/e.kosmolat.eu\/lt\/wp-json\/wp\/v2\/product\/48665","targetHints":{"allow":["GET"]}}],"collection":[{"href":"https:\/\/e.kosmolat.eu\/lt\/wp-json\/wp\/v2\/product"}],"about":[{"href":"https:\/\/e.kosmolat.eu\/lt\/wp-json\/wp\/v2\/types\/product"}],"wp:featuredmedia":[{"embeddable":true,"href":"https:\/\/e.kosmolat.eu\/lt\/wp-json\/wp\/v2\/media\/90750"}],"wp:attachment":[{"href":"https:\/\/e.kosmolat.eu\/lt\/wp-json\/wp\/v2\/media?parent=48665"}],"wp:term":[{"taxonomy":"product_cat","embeddable":true,"href":"https:\/\/e.kosmolat.eu\/lt\/wp-json\/wp\/v2\/product_cat?post=48665"},{"taxonomy":"product_tag","embeddable":true,"href":"https:\/\/e.kosmolat.eu\/lt\/wp-json\/wp\/v2\/product_tag?post=48665"}],"curies":[{"name":"wp","href":"https:\/\/api.w.org\/{rel}","templated":true}]}}