{"id":48657,"date":"2024-04-04T04:11:21","date_gmt":"2024-04-04T04:11:21","guid":{"rendered":"https:\/\/e.kosmolat.eu\/product\/organic-mimi-kermena-kr-anticellulite-almond-papaya-200-ml\/"},"modified":"2026-04-17T06:25:02","modified_gmt":"2026-04-17T06:25:02","slug":"organic-mimi-kermena-kr-anticellulite-almond-papaya-200-ml","status":"publish","type":"product","link":"https:\/\/e.kosmolat.eu\/lt\/produktas\/organic-mimi-kermena-kr-anticellulite-almond-papaya-200-ml\/","title":{"rendered":"ORGANIC MIMI K\u016bno kremas Anticellulite Almond &#038; Papaya, 200 ml"},"content":{"rendered":"<p>Giliai dr\u0117kina i\u0161saus\u0117jusi\u0105 od\u0105 ir atkuria vandens ir lipid\u0173 balans\u0105.<\/p>\n<p>\u2022 Organinis migdol\u0173 aliejus suvienodina odos atspalv\u012f, dr\u0117kina ir maitina j\u0105.<br \/>\n\u2022 Greipfrut\u0173 eterinis aliejus ir papaj\u0173 ekstraktas turi atkuriam\u0105j\u012f ir tonizuojant\u012f poveik\u012f ir neleid\u017eia atsirasti \u201eapelsino \u017eievelei\u201c.<br \/>\n\u2022 Niacinamidas gerina odos b\u016bkl\u0119, skatina odos atsistatym\u0105 ir padeda i\u0161vengti celiulito atsiradimo.<\/p>\n<p>Naudojimas: nedidel\u012f kiek\u012f kremo u\u017etepkite ant \u0161varios odos, masa\u017euokite, kol visi\u0161kai \u012fsigers. Tinka kasdieniam naudojimui. Tik i\u0161oriniam naudojimui.<\/p>\n","protected":false},"excerpt":{"rendered":"<p>Giliai dr\u0117kina i\u0161saus\u0117jusi\u0105 od\u0105 ir atkuria vandens ir lipid\u0173 balans\u0105. \u2022 Organinis migdol\u0173 aliejus suvienodina odos atspalv\u012f, dr\u0117kina ir maitina j\u0105. \u2022 Greipfrut\u0173 eterinis aliejus ir papaj\u0173 ekstraktas turi atkuriam\u0105j\u012f ir tonizuojant\u012f poveik\u012f ir neleid\u017eia atsirasti \u201eapelsino \u017eievelei\u201c. \u2022 Niacinamidas gerina odos b\u016bkl\u0119, skatina odos atsistatym\u0105 ir padeda i\u0161vengti celiulito atsiradimo. Naudojimas: nedidel\u012f kiek\u012f kremo [&#8230;]\n","protected":false},"featured_media":90746,"template":"","meta":[],"product_cat":[2181],"product_tag":[],"class_list":{"0":"post-48657","1":"product","2":"type-product","3":"status-publish","4":"has-post-thumbnail","6":"product_brand-ecolab_cs-lt","7":"product_cat-bez-kategorijas-lt","9":"first","10":"instock","11":"taxable","12":"shipping-taxable","13":"product-type-simple"},"_links":{"self":[{"href":"https:\/\/e.kosmolat.eu\/lt\/wp-json\/wp\/v2\/product\/48657","targetHints":{"allow":["GET"]}}],"collection":[{"href":"https:\/\/e.kosmolat.eu\/lt\/wp-json\/wp\/v2\/product"}],"about":[{"href":"https:\/\/e.kosmolat.eu\/lt\/wp-json\/wp\/v2\/types\/product"}],"wp:featuredmedia":[{"embeddable":true,"href":"https:\/\/e.kosmolat.eu\/lt\/wp-json\/wp\/v2\/media\/90746"}],"wp:attachment":[{"href":"https:\/\/e.kosmolat.eu\/lt\/wp-json\/wp\/v2\/media?parent=48657"}],"wp:term":[{"taxonomy":"product_cat","embeddable":true,"href":"https:\/\/e.kosmolat.eu\/lt\/wp-json\/wp\/v2\/product_cat?post=48657"},{"taxonomy":"product_tag","embeddable":true,"href":"https:\/\/e.kosmolat.eu\/lt\/wp-json\/wp\/v2\/product_tag?post=48657"}],"curies":[{"name":"wp","href":"https:\/\/api.w.org\/{rel}","templated":true}]}}