{"id":48649,"date":"2024-04-04T04:11:09","date_gmt":"2024-04-04T04:11:09","guid":{"rendered":"https:\/\/e.kosmolat.eu\/product\/organic-mimi-body-butter-renewing-olive-papaya-200-ml\/"},"modified":"2026-04-13T14:58:22","modified_gmt":"2026-04-13T14:58:22","slug":"organic-mimi-kerm-sviestkrems-renewing-olive-papaya-200-ml","status":"publish","type":"product","link":"https:\/\/e.kosmolat.eu\/lt\/produktas\/organic-mimi-kerm-sviestkrems-renewing-olive-papaya-200-ml\/","title":{"rendered":"ORGANIC MIMI K\u016bno sviestas Renewing Olive &#038; Papaya, 200 ml"},"content":{"rendered":"<p>Giliai maitina ir efektyviai dr\u0117kina od\u0105, tod\u0117l ji tampa stangresn\u0117 ir elastingesn\u0117.<br \/>\n\u2022 Organiniai alyvuogi\u0173, taukmed\u017ei\u0173 ir kakavos sviestai maitina, dr\u0117kina ir atstato, saugo od\u0105 nuo neigiamo aplinkos poveikio.<br \/>\n\u2022 Papaj\u0173 ekstraktas pasi\u017eymi atkuriamuoju poveikiu, prisotina od\u0105 vitaminais ir amino r\u016bg\u0161timis, tod\u0117l ji tampa lygi ir \u0161velni.<\/p>\n<p>Naudojimas: nedidel\u012f kiek\u012f sviesto u\u017etepkite ant \u0161varios odos, masa\u017euokite, kol visi\u0161kai \u012fsigers. Tinka kasdieniam naudojimui. Tik i\u0161oriniam naudojimui.<\/p>\n","protected":false},"excerpt":{"rendered":"<p>Giliai maitina ir efektyviai dr\u0117kina od\u0105, tod\u0117l ji tampa stangresn\u0117 ir elastingesn\u0117. \u2022 Organiniai alyvuogi\u0173, taukmed\u017ei\u0173 ir kakavos sviestai maitina, dr\u0117kina ir atstato, saugo od\u0105 nuo neigiamo aplinkos poveikio. \u2022 Papaj\u0173 ekstraktas pasi\u017eymi atkuriamuoju poveikiu, prisotina od\u0105 vitaminais ir amino r\u016bg\u0161timis, tod\u0117l ji tampa lygi ir \u0161velni. Naudojimas: nedidel\u012f kiek\u012f sviesto u\u017etepkite ant \u0161varios odos, [&#8230;]\n","protected":false},"featured_media":90742,"template":"","meta":[],"product_cat":[1390],"product_tag":[],"class_list":{"0":"post-48649","1":"product","2":"type-product","3":"status-publish","4":"has-post-thumbnail","6":"product_brand-ecolab_cs-lt","7":"product_cat-kremai-aliejai-kuno-pienelis","9":"first","10":"instock","11":"taxable","12":"shipping-taxable","13":"product-type-simple"},"_links":{"self":[{"href":"https:\/\/e.kosmolat.eu\/lt\/wp-json\/wp\/v2\/product\/48649","targetHints":{"allow":["GET"]}}],"collection":[{"href":"https:\/\/e.kosmolat.eu\/lt\/wp-json\/wp\/v2\/product"}],"about":[{"href":"https:\/\/e.kosmolat.eu\/lt\/wp-json\/wp\/v2\/types\/product"}],"wp:featuredmedia":[{"embeddable":true,"href":"https:\/\/e.kosmolat.eu\/lt\/wp-json\/wp\/v2\/media\/90742"}],"wp:attachment":[{"href":"https:\/\/e.kosmolat.eu\/lt\/wp-json\/wp\/v2\/media?parent=48649"}],"wp:term":[{"taxonomy":"product_cat","embeddable":true,"href":"https:\/\/e.kosmolat.eu\/lt\/wp-json\/wp\/v2\/product_cat?post=48649"},{"taxonomy":"product_tag","embeddable":true,"href":"https:\/\/e.kosmolat.eu\/lt\/wp-json\/wp\/v2\/product_tag?post=48649"}],"curies":[{"name":"wp","href":"https:\/\/api.w.org\/{rel}","templated":true}]}}