{"id":48641,"date":"2024-04-04T04:10:54","date_gmt":"2024-04-04T04:10:54","guid":{"rendered":"https:\/\/e.kosmolat.eu\/product\/organic-mimi-body-butter-nutrition-hydrating-shea-cocoa-100-ml\/"},"modified":"2026-04-11T18:34:00","modified_gmt":"2026-04-11T18:34:00","slug":"organic-mimi-kerm-sviestkrems-nh-shea-cocoa-100-ml","status":"publish","type":"product","link":"https:\/\/e.kosmolat.eu\/lt\/produktas\/organic-mimi-kerm-sviestkrems-nh-shea-cocoa-100-ml\/","title":{"rendered":"ORGANIC MIMI K\u016bno sviestas Nutrition &#038; Hydration Shea &#038; Cocoa, 100 ml"},"content":{"rendered":"<p>Veiksmingai pri\u017ei\u016bri, maitina ir mink\u0161tina od\u0105.<\/p>\n<p>\u2022 Kakavos sviestas intensyviai maitina, dr\u0117kina ir mink\u0161tina.<br \/>\n\u2022 Organinis taukmed\u017ei\u0173 sviestas atkuria apsaugines odos funkcijas, suteikdamas jai elastingumo ir \u0161velnumo.<\/p>\n<p>Naudojimas: nedidel\u012f kiek\u012f sviesto u\u017etepkite ant \u0161varios odos, masa\u017euokite, kol visi\u0161kai \u012fsigers. Tik i\u0161oriniam naudojimui.<\/p>\n","protected":false},"excerpt":{"rendered":"<p>Veiksmingai pri\u017ei\u016bri, maitina ir mink\u0161tina od\u0105. \u2022 Kakavos sviestas intensyviai maitina, dr\u0117kina ir mink\u0161tina. \u2022 Organinis taukmed\u017ei\u0173 sviestas atkuria apsaugines odos funkcijas, suteikdamas jai elastingumo ir \u0161velnumo. Naudojimas: nedidel\u012f kiek\u012f sviesto u\u017etepkite ant \u0161varios odos, masa\u017euokite, kol visi\u0161kai \u012fsigers. Tik i\u0161oriniam naudojimui.<\/p>\n","protected":false},"featured_media":90738,"template":"","meta":[],"product_cat":[1390],"product_tag":[],"class_list":{"0":"post-48641","1":"product","2":"type-product","3":"status-publish","4":"has-post-thumbnail","6":"product_brand-ecolab_cs-lt","7":"product_cat-kremai-aliejai-kuno-pienelis","9":"first","10":"instock","11":"taxable","12":"shipping-taxable","13":"product-type-simple"},"_links":{"self":[{"href":"https:\/\/e.kosmolat.eu\/lt\/wp-json\/wp\/v2\/product\/48641","targetHints":{"allow":["GET"]}}],"collection":[{"href":"https:\/\/e.kosmolat.eu\/lt\/wp-json\/wp\/v2\/product"}],"about":[{"href":"https:\/\/e.kosmolat.eu\/lt\/wp-json\/wp\/v2\/types\/product"}],"wp:featuredmedia":[{"embeddable":true,"href":"https:\/\/e.kosmolat.eu\/lt\/wp-json\/wp\/v2\/media\/90738"}],"wp:attachment":[{"href":"https:\/\/e.kosmolat.eu\/lt\/wp-json\/wp\/v2\/media?parent=48641"}],"wp:term":[{"taxonomy":"product_cat","embeddable":true,"href":"https:\/\/e.kosmolat.eu\/lt\/wp-json\/wp\/v2\/product_cat?post=48641"},{"taxonomy":"product_tag","embeddable":true,"href":"https:\/\/e.kosmolat.eu\/lt\/wp-json\/wp\/v2\/product_tag?post=48641"}],"curies":[{"name":"wp","href":"https:\/\/api.w.org\/{rel}","templated":true}]}}