{"id":48633,"date":"2024-04-04T04:10:29","date_gmt":"2024-04-04T04:10:29","guid":{"rendered":"https:\/\/e.kosmolat.eu\/product\/organic-mimi-body-butter-nutrition-hydrating-mango-shea-100-ml\/"},"modified":"2026-04-16T10:37:25","modified_gmt":"2026-04-16T10:37:25","slug":"organic-mimi-kerm-sviestkrems-nh-mango-shea-100-ml","status":"publish","type":"product","link":"https:\/\/e.kosmolat.eu\/lt\/produktas\/organic-mimi-kerm-sviestkrems-nh-mango-shea-100-ml\/","title":{"rendered":"ORGANIC MIMI K\u016bno sviestas Nutrition &#038; Hydration Mango &#038; Shea, 100 \u043c\u0117"},"content":{"rendered":"<p>Veiksmingai pri\u017ei\u016bri, maitina ir mink\u0161tina od\u0105.<\/p>\n<p>\u2022 Organinis  mang\u0173 sviestas dr\u0117kina ir prisotina od\u0105 vitaminais, tod\u0117l ji tampa \u0161velni ir aksomin\u0117.<br \/>\n\u2022 Taukmed\u017ei\u0173 sviestas atkuria apsaugines odos funkcijas, daro j\u0105 \u0161velni\u0105 ir elasting\u0105.<\/p>\n<p>Naudojimas: nedidel\u012f kiek\u012f sviesto u\u017etepkite ant \u0161varios odos, masa\u017euokite, kol visi\u0161kai \u012fsigers. Tik i\u0161oriniam naudojimui.<\/p>\n","protected":false},"excerpt":{"rendered":"<p>Veiksmingai pri\u017ei\u016bri, maitina ir mink\u0161tina od\u0105. \u2022 Organinis mang\u0173 sviestas dr\u0117kina ir prisotina od\u0105 vitaminais, tod\u0117l ji tampa \u0161velni ir aksomin\u0117. \u2022 Taukmed\u017ei\u0173 sviestas atkuria apsaugines odos funkcijas, daro j\u0105 \u0161velni\u0105 ir elasting\u0105. Naudojimas: nedidel\u012f kiek\u012f sviesto u\u017etepkite ant \u0161varios odos, masa\u017euokite, kol visi\u0161kai \u012fsigers. Tik i\u0161oriniam naudojimui.<\/p>\n","protected":false},"featured_media":90734,"template":"","meta":[],"product_cat":[1390],"product_tag":[],"class_list":{"0":"post-48633","1":"product","2":"type-product","3":"status-publish","4":"has-post-thumbnail","6":"product_brand-ecolab_cs-lt","7":"product_cat-kremai-aliejai-kuno-pienelis","9":"first","10":"instock","11":"taxable","12":"shipping-taxable","13":"product-type-simple"},"_links":{"self":[{"href":"https:\/\/e.kosmolat.eu\/lt\/wp-json\/wp\/v2\/product\/48633","targetHints":{"allow":["GET"]}}],"collection":[{"href":"https:\/\/e.kosmolat.eu\/lt\/wp-json\/wp\/v2\/product"}],"about":[{"href":"https:\/\/e.kosmolat.eu\/lt\/wp-json\/wp\/v2\/types\/product"}],"wp:featuredmedia":[{"embeddable":true,"href":"https:\/\/e.kosmolat.eu\/lt\/wp-json\/wp\/v2\/media\/90734"}],"wp:attachment":[{"href":"https:\/\/e.kosmolat.eu\/lt\/wp-json\/wp\/v2\/media?parent=48633"}],"wp:term":[{"taxonomy":"product_cat","embeddable":true,"href":"https:\/\/e.kosmolat.eu\/lt\/wp-json\/wp\/v2\/product_cat?post=48633"},{"taxonomy":"product_tag","embeddable":true,"href":"https:\/\/e.kosmolat.eu\/lt\/wp-json\/wp\/v2\/product_tag?post=48633"}],"curies":[{"name":"wp","href":"https:\/\/api.w.org\/{rel}","templated":true}]}}