{"id":48625,"date":"2024-04-04T04:10:16","date_gmt":"2024-04-04T04:10:16","guid":{"rendered":"https:\/\/e.kosmolat.eu\/product\/organic-mimi-body-butter-lifting-mango-coffee-200-ml\/"},"modified":"2026-04-15T07:34:36","modified_gmt":"2026-04-15T07:34:36","slug":"organic-mimi-kerm-sviestkrems-lifting-mango-coffee-200-ml","status":"publish","type":"product","link":"https:\/\/e.kosmolat.eu\/lt\/produktas\/organic-mimi-kerm-sviestkrems-lifting-mango-coffee-200-ml\/","title":{"rendered":"ORGANIC MIMI K\u016bno sviestas Lifting Mango &#038; Coffee, 200 ml"},"content":{"rendered":"<p>Giliai maitina ir efektyviai dr\u0117kina od\u0105, suvienodina jos atspalv\u012f ir daro j\u0105 stangresne bei elastingesne.<\/p>\n<p>\u2022 Organinis mang\u0173 sviestas dr\u0117kina ir prisotina od\u0105 vitaminais, tod\u0117l ji tampa \u0161velni ir aksomin\u0117.<br \/>\n\u2022 Taukmed\u017ei\u0173 sviestas atkuria apsaugines odos funkcijas.<br \/>\n\u2022 \u017daliosios kavos aliejus tonizuoja ir stiprina od\u0105, tod\u0117l ji tampa elastingesn\u0117 ir stangresn\u0117.<\/p>\n<p>Naudojimas: nedidel\u012f kiek\u012f sviesto u\u017etepkite ant \u0161varios odos, masa\u017euokite, kol visi\u0161kai \u012fsigers. Tinka kasdieniam naudojimui. Tik i\u0161oriniam naudojimui.<\/p>\n","protected":false},"excerpt":{"rendered":"<p>Giliai maitina ir efektyviai dr\u0117kina od\u0105, suvienodina jos atspalv\u012f ir daro j\u0105 stangresne bei elastingesne. \u2022 Organinis mang\u0173 sviestas dr\u0117kina ir prisotina od\u0105 vitaminais, tod\u0117l ji tampa \u0161velni ir aksomin\u0117. \u2022 Taukmed\u017ei\u0173 sviestas atkuria apsaugines odos funkcijas. \u2022 \u017daliosios kavos aliejus tonizuoja ir stiprina od\u0105, tod\u0117l ji tampa elastingesn\u0117 ir stangresn\u0117. Naudojimas: nedidel\u012f kiek\u012f sviesto [&#8230;]\n","protected":false},"featured_media":90730,"template":"","meta":[],"product_cat":[1390],"product_tag":[],"class_list":{"0":"post-48625","1":"product","2":"type-product","3":"status-publish","4":"has-post-thumbnail","6":"product_brand-ecolab_cs-lt","7":"product_cat-kremai-aliejai-kuno-pienelis","9":"first","10":"instock","11":"taxable","12":"shipping-taxable","13":"product-type-simple"},"_links":{"self":[{"href":"https:\/\/e.kosmolat.eu\/lt\/wp-json\/wp\/v2\/product\/48625","targetHints":{"allow":["GET"]}}],"collection":[{"href":"https:\/\/e.kosmolat.eu\/lt\/wp-json\/wp\/v2\/product"}],"about":[{"href":"https:\/\/e.kosmolat.eu\/lt\/wp-json\/wp\/v2\/types\/product"}],"wp:featuredmedia":[{"embeddable":true,"href":"https:\/\/e.kosmolat.eu\/lt\/wp-json\/wp\/v2\/media\/90730"}],"wp:attachment":[{"href":"https:\/\/e.kosmolat.eu\/lt\/wp-json\/wp\/v2\/media?parent=48625"}],"wp:term":[{"taxonomy":"product_cat","embeddable":true,"href":"https:\/\/e.kosmolat.eu\/lt\/wp-json\/wp\/v2\/product_cat?post=48625"},{"taxonomy":"product_tag","embeddable":true,"href":"https:\/\/e.kosmolat.eu\/lt\/wp-json\/wp\/v2\/product_tag?post=48625"}],"curies":[{"name":"wp","href":"https:\/\/api.w.org\/{rel}","templated":true}]}}