{"id":48617,"date":"2024-04-04T04:10:03","date_gmt":"2024-04-04T04:10:03","guid":{"rendered":"https:\/\/e.kosmolat.eu\/product\/eclu-kermena-pieninss-nourishing-400-ml\/"},"modified":"2026-04-15T10:01:38","modified_gmt":"2026-04-15T10:01:38","slug":"eclu-kermena-pienins-nourishing-400-ml","status":"publish","type":"product","link":"https:\/\/e.kosmolat.eu\/lt\/produktas\/eclu-kermena-pienins-nourishing-400-ml\/","title":{"rendered":"ECOLATIER URBAN Maitinamasis k\u016bno pienelis, 400 ml"},"content":{"rendered":"<p>Sud\u0117tyje esantys nat\u016bral\u016bs ekstraktai ir aliejai maitina ir dr\u0117kina od\u0105. Subtili ir &scaron;velni tekst\u016bra leid\u017eia pamir&scaron;ti miesto &scaron;urmul\u012f. Ne\u012fkyrus ir subtilus aromatas suteikia harmonijos ir geros nuotaikos.<\/p>\n<p><strong>Aktyv\u016bs ingredientai:<\/strong><\/p>\n<ul>\n<li><strong>Feijoa ekstraktas<\/strong> turi vitamino C ir flavonoid\u0173, turi jauninant\u012f poveik\u012f odos l\u0105stel\u0117ms, didina elastingum\u0105.<\/li>\n<li><strong>Taukmed\u017ei\u0173 sviestas<\/strong> maitina ir atkuria od\u0105, suteikdamas jai aksominio &scaron;velnumo. Jo turtinga sud\u0117tis stiprina apsaugines odos funkcijas.<\/li>\n<li><strong>Krotono med\u017eio dervos ekstraktas (drakono kraujas), moring\u0173 ekstraktas, vitaminai B5, B6, C ir E <\/strong>pasi\u017eymi dideliu antioksidaciniu aktyvumu ir atkuria apsaugin\u012f odos barjer\u0105.<\/li>\n<\/ul>\n<p><strong>Naudojimas:<\/strong>&nbsp;tepkite od\u0105 pieneliu ir masa\u017euokite, kol visi&scaron;kai \u012fsigers. Tik i&scaron;oriniam naudojimui.<br \/>\n&nbsp;<\/p>\n","protected":false},"excerpt":{"rendered":"<p>Sud\u0117tyje esantys nat\u016bral\u016bs ekstraktai ir aliejai maitina ir dr\u0117kina od\u0105. Subtili ir &scaron;velni tekst\u016bra leid\u017eia pamir&scaron;ti miesto &scaron;urmul\u012f. Ne\u012fkyrus ir subtilus aromatas suteikia harmonijos ir geros nuotaikos. Aktyv\u016bs ingredientai: Feijoa ekstraktas turi vitamino C ir flavonoid\u0173, turi jauninant\u012f poveik\u012f odos l\u0105stel\u0117ms, didina elastingum\u0105. Taukmed\u017ei\u0173 sviestas maitina ir atkuria od\u0105, suteikdamas jai aksominio &scaron;velnumo. Jo turtinga [&#8230;]\n","protected":false},"featured_media":90726,"template":"","meta":[],"product_cat":[2181],"product_tag":[],"class_list":{"0":"post-48617","1":"product","2":"type-product","3":"status-publish","4":"has-post-thumbnail","6":"product_brand-ecolab_cs-lt","7":"product_cat-bez-kategorijas-lt","9":"first","10":"instock","11":"taxable","12":"shipping-taxable","13":"product-type-simple"},"_links":{"self":[{"href":"https:\/\/e.kosmolat.eu\/lt\/wp-json\/wp\/v2\/product\/48617","targetHints":{"allow":["GET"]}}],"collection":[{"href":"https:\/\/e.kosmolat.eu\/lt\/wp-json\/wp\/v2\/product"}],"about":[{"href":"https:\/\/e.kosmolat.eu\/lt\/wp-json\/wp\/v2\/types\/product"}],"wp:featuredmedia":[{"embeddable":true,"href":"https:\/\/e.kosmolat.eu\/lt\/wp-json\/wp\/v2\/media\/90726"}],"wp:attachment":[{"href":"https:\/\/e.kosmolat.eu\/lt\/wp-json\/wp\/v2\/media?parent=48617"}],"wp:term":[{"taxonomy":"product_cat","embeddable":true,"href":"https:\/\/e.kosmolat.eu\/lt\/wp-json\/wp\/v2\/product_cat?post=48617"},{"taxonomy":"product_tag","embeddable":true,"href":"https:\/\/e.kosmolat.eu\/lt\/wp-json\/wp\/v2\/product_tag?post=48617"}],"curies":[{"name":"wp","href":"https:\/\/api.w.org\/{rel}","templated":true}]}}