{"id":48601,"date":"2024-04-04T04:09:17","date_gmt":"2024-04-04T04:09:17","guid":{"rendered":"https:\/\/e.kosmolat.eu\/product\/eclu-roku-un-kermena-kr-nourishing-panthenol-400-ml\/"},"modified":"2026-04-18T12:54:14","modified_gmt":"2026-04-18T12:54:14","slug":"eclu-roku-un-kermena-kr-nourishing-panthenol-400-ml","status":"publish","type":"product","link":"https:\/\/e.kosmolat.eu\/lt\/produktas\/eclu-roku-un-kermena-kr-nourishing-panthenol-400-ml\/","title":{"rendered":"ECOLATIER URBAN Rank\u0173 ir k\u016bno kremas Nourishing Panthenol , 400 ml"},"content":{"rendered":"<p>Nat\u016brali\u0173 ekstrakt\u0173 ir aliej\u0173 pagrindu sukurtas maitinamasis kremas prasiskverbia \u012f giliuosius odos sluoksnius, j\u0105 dr\u0117kindamas ir maitindamas. &Scaron;velni tekst\u016bra ir aktyvi formul\u0117 skatina efektyv\u0173 odos atstatym\u0105. Reguliariai naudojant, pama\u017eu ger\u0117ja odos tekst\u016bra, i&scaron;silygina jos pavir&scaron;ius, atkuriama odos hidrolipid\u0173 pusiausvyra.<\/p>\n<p><strong>Aktyv\u016bs ingredientai:<\/strong><\/p>\n<ul>\n<li><strong>Maruli\u0173 aliejus<\/strong> praturtina od\u0105 naudingais mikroelementais ir antioksidantais, efektyviai dr\u0117kina od\u0105.<\/li>\n<li><strong>Taukmed\u017ei\u0173 sviestas <\/strong>maitina ir atkuria od\u0105, suteikdamas jai aksominio &scaron;velnumo. Jo turtinga sud\u0117tis stiprina apsaugines odos funkcijas.<\/li>\n<li><strong>Pantenolis<\/strong> mink&scaron;tina, ramina ir atkuria labai saus\u0105 ir pleiskanojan\u010di\u0105 od\u0105.<\/li>\n<li><strong>Krotono med\u017eio dervos ekstraktas (drakono kraujas), moring\u0173 ekstraktas, vitaminai B5, B6, C ir E <\/strong>pasi\u017eymi dideliu antioksidaciniu aktyvumu ir atkuria apsaugin\u012f odos barjer\u0105.<\/li>\n<\/ul>\n<p><strong>Naudojimas:<\/strong>&nbsp;tepkite krem\u0105 ant odos ir masa\u017euokite, kol visi&scaron;kai \u012fsigers. Tik i&scaron;oriniam naudojimui.<br \/>\n&nbsp;<\/p>\n","protected":false},"excerpt":{"rendered":"<p>Nat\u016brali\u0173 ekstrakt\u0173 ir aliej\u0173 pagrindu sukurtas maitinamasis kremas prasiskverbia \u012f giliuosius odos sluoksnius, j\u0105 dr\u0117kindamas ir maitindamas. &Scaron;velni tekst\u016bra ir aktyvi formul\u0117 skatina efektyv\u0173 odos atstatym\u0105. Reguliariai naudojant, pama\u017eu ger\u0117ja odos tekst\u016bra, i&scaron;silygina jos pavir&scaron;ius, atkuriama odos hidrolipid\u0173 pusiausvyra. Aktyv\u016bs ingredientai: Maruli\u0173 aliejus praturtina od\u0105 naudingais mikroelementais ir antioksidantais, efektyviai dr\u0117kina od\u0105. Taukmed\u017ei\u0173 sviestas maitina [&#8230;]\n","protected":false},"featured_media":90718,"template":"","meta":[],"product_cat":[1390],"product_tag":[],"class_list":{"0":"post-48601","1":"product","2":"type-product","3":"status-publish","4":"has-post-thumbnail","6":"product_brand-ecolab_cs-lt","7":"product_cat-kremai-aliejai-kuno-pienelis","9":"first","10":"instock","11":"taxable","12":"shipping-taxable","13":"product-type-simple"},"_links":{"self":[{"href":"https:\/\/e.kosmolat.eu\/lt\/wp-json\/wp\/v2\/product\/48601","targetHints":{"allow":["GET"]}}],"collection":[{"href":"https:\/\/e.kosmolat.eu\/lt\/wp-json\/wp\/v2\/product"}],"about":[{"href":"https:\/\/e.kosmolat.eu\/lt\/wp-json\/wp\/v2\/types\/product"}],"wp:featuredmedia":[{"embeddable":true,"href":"https:\/\/e.kosmolat.eu\/lt\/wp-json\/wp\/v2\/media\/90718"}],"wp:attachment":[{"href":"https:\/\/e.kosmolat.eu\/lt\/wp-json\/wp\/v2\/media?parent=48601"}],"wp:term":[{"taxonomy":"product_cat","embeddable":true,"href":"https:\/\/e.kosmolat.eu\/lt\/wp-json\/wp\/v2\/product_cat?post=48601"},{"taxonomy":"product_tag","embeddable":true,"href":"https:\/\/e.kosmolat.eu\/lt\/wp-json\/wp\/v2\/product_tag?post=48601"}],"curies":[{"name":"wp","href":"https:\/\/api.w.org\/{rel}","templated":true}]}}