{"id":48593,"date":"2024-04-04T04:09:05","date_gmt":"2024-04-04T04:09:05","guid":{"rendered":"https:\/\/e.kosmolat.eu\/product\/eclu-kermena-pienins-moisturizing-velvet-skin-100-ml\/"},"modified":"2026-04-11T18:32:30","modified_gmt":"2026-04-11T18:32:30","slug":"eclu-kermena-pienins-moisturizing-velvet-skin-100-ml","status":"publish","type":"product","link":"https:\/\/e.kosmolat.eu\/lt\/produktas\/eclu-kermena-pienins-moisturizing-velvet-skin-100-ml\/","title":{"rendered":"ECOLATIER URBAN Dr\u0117kinamasis k\u016bno pienelis Velvet Skin, 100 ml"},"content":{"rendered":"<p>Sud\u0117tyje esantys nat\u016bral\u016bs ekstraktai ir aliejai maitina ir dr\u0117kina od\u0105. Subtili ir &scaron;velni tekst\u016bra leid\u017eia pamir&scaron;ti miesto &scaron;urmul\u012f. Ne\u012fkyrus ir subtilus aromatas suteikia harmonijos ir geros nuotaikos.<\/p>\n<p><strong>Aktyv\u016bs ingredientai:<\/strong><\/p>\n<ul>\n<li><strong>&Scaron;ilkmed\u017ei\u0173 ekstraktas<\/strong> &scaron;velniai r\u016bpinasi sausa ir jautria oda, pasi\u017eymi ilgalaikiu dr\u0117kinamuoju poveikiu. Jis prisotina odos l\u0105steles dr\u0117gme, padeda atkurti stangrum\u0105 ir i&scaron;laikyti jaunyst\u0119 bei elastingum\u0105.<\/li>\n<li><strong>Avokad\u0173 aliejus<\/strong> turi gil\u0173 prasiskverbim\u0105, maitina ir atkuria od\u0105, efektyviai &scaron;alina i&scaron;saus\u0117jim\u0105.<\/li>\n<li><strong>Krotono med\u017eio dervos ekstraktas (drakono kraujas), moring\u0173 ekstraktas, vitaminai B5, B6, C ir E <\/strong>pasi\u017eymi dideliu antioksidaciniu aktyvumu ir atkuria apsaugin\u012f odos barjer\u0105.<\/li>\n<\/ul>\n<p><strong>Naudojimas: <\/strong>tepkite od\u0105 pieneliu ir masa\u017euokite, kol visi&scaron;kai \u012fsigers. Tik i&scaron;oriniam naudojimui.<\/p>\n","protected":false},"excerpt":{"rendered":"<p>Sud\u0117tyje esantys nat\u016bral\u016bs ekstraktai ir aliejai maitina ir dr\u0117kina od\u0105. Subtili ir &scaron;velni tekst\u016bra leid\u017eia pamir&scaron;ti miesto &scaron;urmul\u012f. Ne\u012fkyrus ir subtilus aromatas suteikia harmonijos ir geros nuotaikos. Aktyv\u016bs ingredientai: &Scaron;ilkmed\u017ei\u0173 ekstraktas &scaron;velniai r\u016bpinasi sausa ir jautria oda, pasi\u017eymi ilgalaikiu dr\u0117kinamuoju poveikiu. Jis prisotina odos l\u0105steles dr\u0117gme, padeda atkurti stangrum\u0105 ir i&scaron;laikyti jaunyst\u0119 bei elastingum\u0105. Avokad\u0173 [&#8230;]\n","protected":false},"featured_media":90714,"template":"","meta":[],"product_cat":[1390],"product_tag":[],"class_list":{"0":"post-48593","1":"product","2":"type-product","3":"status-publish","4":"has-post-thumbnail","6":"product_brand-ecolab_cs-lt","7":"product_cat-kremai-aliejai-kuno-pienelis","9":"first","10":"instock","11":"taxable","12":"shipping-taxable","13":"product-type-simple"},"_links":{"self":[{"href":"https:\/\/e.kosmolat.eu\/lt\/wp-json\/wp\/v2\/product\/48593","targetHints":{"allow":["GET"]}}],"collection":[{"href":"https:\/\/e.kosmolat.eu\/lt\/wp-json\/wp\/v2\/product"}],"about":[{"href":"https:\/\/e.kosmolat.eu\/lt\/wp-json\/wp\/v2\/types\/product"}],"wp:featuredmedia":[{"embeddable":true,"href":"https:\/\/e.kosmolat.eu\/lt\/wp-json\/wp\/v2\/media\/90714"}],"wp:attachment":[{"href":"https:\/\/e.kosmolat.eu\/lt\/wp-json\/wp\/v2\/media?parent=48593"}],"wp:term":[{"taxonomy":"product_cat","embeddable":true,"href":"https:\/\/e.kosmolat.eu\/lt\/wp-json\/wp\/v2\/product_cat?post=48593"},{"taxonomy":"product_tag","embeddable":true,"href":"https:\/\/e.kosmolat.eu\/lt\/wp-json\/wp\/v2\/product_tag?post=48593"}],"curies":[{"name":"wp","href":"https:\/\/api.w.org\/{rel}","templated":true}]}}