{"id":48585,"date":"2024-04-04T04:07:58","date_gmt":"2024-04-04T04:07:58","guid":{"rendered":"https:\/\/e.kosmolat.eu\/product\/ecl-kermena-skrubis-dr-organic-argana-300-g\/"},"modified":"2026-04-11T18:32:15","modified_gmt":"2026-04-11T18:32:15","slug":"ecl-kermena-skrubis-dr-organic-argana-300-g","status":"publish","type":"product","link":"https:\/\/e.kosmolat.eu\/lt\/produktas\/ecl-kermena-skrubis-dr-organic-argana-300-g\/","title":{"rendered":"ECOLATIER K\u016bno \u0161veitiklis Deep Reviving Organic Argana, 300 g"},"content":{"rendered":"<p>K\u016bno &scaron;veitiklis leid\u017eia derinti efektyv\u0173 ir &scaron;veln\u0173 odos valym\u0105 bei intensyvi\u0105 prie\u017ei\u016br\u0105.<\/p>\n<p>&Scaron;alto spaudimo argano aliejus yra praturtintas neso\u010di\u0173j\u0173 riebal\u0173 r\u016bg&scaron;timis ir vitaminu E, kurie yra naudingi odos sveikatai. Aliejus greitai susigeria ir prasiskverbia \u012f od\u0105, pagerina jos elastingum\u0105 ir dr\u0117kina.<\/p>\n<p><strong>Aktyv\u016bs ingredientai:<\/strong><\/p>\n<ul>\n<li><strong>J\u016bros druska<\/strong> &scaron;velniai valo od\u0105, praturtina j\u0105 mineralais ir mikroelementais, aktyvina epidermio atstatym\u0105.<\/li>\n<li><strong>Rakvi\u0173 aliejus<\/strong> giliai dr\u0117kina ir mink&scaron;tina od\u0105.<\/li>\n<\/ul>\n<p><strong>Naudojimas:<\/strong> Tepkite ant dr\u0117gnos odos, &scaron;velniai masa\u017euokite ir nuplaukite &scaron;iltu vandeniu. Tik i&scaron;oriniam naudojimui.<br \/>\n&nbsp;<\/p>\n","protected":false},"excerpt":{"rendered":"<p>K\u016bno &scaron;veitiklis leid\u017eia derinti efektyv\u0173 ir &scaron;veln\u0173 odos valym\u0105 bei intensyvi\u0105 prie\u017ei\u016br\u0105. &Scaron;alto spaudimo argano aliejus yra praturtintas neso\u010di\u0173j\u0173 riebal\u0173 r\u016bg&scaron;timis ir vitaminu E, kurie yra naudingi odos sveikatai. Aliejus greitai susigeria ir prasiskverbia \u012f od\u0105, pagerina jos elastingum\u0105 ir dr\u0117kina. Aktyv\u016bs ingredientai: J\u016bros druska &scaron;velniai valo od\u0105, praturtina j\u0105 mineralais ir mikroelementais, aktyvina epidermio [&#8230;]\n","protected":false},"featured_media":90710,"template":"","meta":[],"product_cat":[1359],"product_tag":[],"class_list":{"0":"post-48585","1":"product","2":"type-product","3":"status-publish","4":"has-post-thumbnail","6":"product_brand-ecolab_cs-lt","7":"product_cat-kuno-sveitikliai-ir-pilingai","9":"first","10":"instock","11":"taxable","12":"shipping-taxable","13":"product-type-simple"},"_links":{"self":[{"href":"https:\/\/e.kosmolat.eu\/lt\/wp-json\/wp\/v2\/product\/48585","targetHints":{"allow":["GET"]}}],"collection":[{"href":"https:\/\/e.kosmolat.eu\/lt\/wp-json\/wp\/v2\/product"}],"about":[{"href":"https:\/\/e.kosmolat.eu\/lt\/wp-json\/wp\/v2\/types\/product"}],"wp:featuredmedia":[{"embeddable":true,"href":"https:\/\/e.kosmolat.eu\/lt\/wp-json\/wp\/v2\/media\/90710"}],"wp:attachment":[{"href":"https:\/\/e.kosmolat.eu\/lt\/wp-json\/wp\/v2\/media?parent=48585"}],"wp:term":[{"taxonomy":"product_cat","embeddable":true,"href":"https:\/\/e.kosmolat.eu\/lt\/wp-json\/wp\/v2\/product_cat?post=48585"},{"taxonomy":"product_tag","embeddable":true,"href":"https:\/\/e.kosmolat.eu\/lt\/wp-json\/wp\/v2\/product_tag?post=48585"}],"curies":[{"name":"wp","href":"https:\/\/api.w.org\/{rel}","templated":true}]}}