{"id":48577,"date":"2024-04-04T04:07:05","date_gmt":"2024-04-04T04:07:05","guid":{"rendered":"https:\/\/e.kosmolat.eu\/product\/ecl-kermena-skrubis-dn-organic-avocado-250-g\/"},"modified":"2026-04-11T18:32:02","modified_gmt":"2026-04-11T18:32:02","slug":"ecl-kermena-skrubis-dn-organic-avocado-250-g","status":"publish","type":"product","link":"https:\/\/e.kosmolat.eu\/lt\/produktas\/ecl-kermena-skrubis-dn-organic-avocado-250-g\/","title":{"rendered":"ECOLATIER K\u016bno \u0161veitiklis Deep Nutrition Organic Avocado, 250 g"},"content":{"rendered":"<p>K\u016bno &scaron;veitiklis turi anticeliulitin\u012f poveik\u012f, taip pat daro od\u0105 stangresn\u0119 ir elastingesn\u0119.<\/p>\n<p>&Scaron;alto spaudimo avokad\u0173 aliejus turi vitamin\u0173 ir antioksidant\u0173, skatina kolageno gamyb\u0105, atkuria odos barjerines funkcijas. Praturtintas vitaminais B, D, E, F ir polineso\u010diosiomis riebiosiomis r\u016bg&scaron;timis. Veiksmingai maitina ir mink&scaron;tina od\u0105, pa&scaron;alina i&scaron;saus\u0117jim\u0105.<\/p>\n<p><strong>Aktyv\u016bs ingredientai:<\/strong><\/p>\n<ul>\n<li><strong>Cukrus<\/strong> &scaron;velniai nu&scaron;vei\u010dia od\u0105, praturtindamas j\u0105 mineralais ir mikroelementais.<\/li>\n<li><strong>Kakavos sviestas<\/strong> dr\u0117kina, mink&scaron;tina ir atkuria od\u0105, didina jos elastingum\u0105 ir stangrum\u0105.<\/li>\n<\/ul>\n<p><strong>Naudojimas: <\/strong>tepkite ant dr\u0117gnos odos, &scaron;velniai masa\u017euokite ir nuplaukite &scaron;iltu vandeniu. Tik i&scaron;oriniam naudojimui.<br \/>\n&nbsp;<\/p>\n","protected":false},"excerpt":{"rendered":"<p>K\u016bno &scaron;veitiklis turi anticeliulitin\u012f poveik\u012f, taip pat daro od\u0105 stangresn\u0119 ir elastingesn\u0119. &Scaron;alto spaudimo avokad\u0173 aliejus turi vitamin\u0173 ir antioksidant\u0173, skatina kolageno gamyb\u0105, atkuria odos barjerines funkcijas. Praturtintas vitaminais B, D, E, F ir polineso\u010diosiomis riebiosiomis r\u016bg&scaron;timis. Veiksmingai maitina ir mink&scaron;tina od\u0105, pa&scaron;alina i&scaron;saus\u0117jim\u0105. Aktyv\u016bs ingredientai: Cukrus &scaron;velniai nu&scaron;vei\u010dia od\u0105, praturtindamas j\u0105 mineralais ir mikroelementais. [&#8230;]\n","protected":false},"featured_media":90706,"template":"","meta":[],"product_cat":[1359],"product_tag":[],"class_list":{"0":"post-48577","1":"product","2":"type-product","3":"status-publish","4":"has-post-thumbnail","6":"product_brand-ecolab_cs-lt","7":"product_cat-kuno-sveitikliai-ir-pilingai","9":"first","10":"instock","11":"taxable","12":"shipping-taxable","13":"product-type-simple"},"_links":{"self":[{"href":"https:\/\/e.kosmolat.eu\/lt\/wp-json\/wp\/v2\/product\/48577","targetHints":{"allow":["GET"]}}],"collection":[{"href":"https:\/\/e.kosmolat.eu\/lt\/wp-json\/wp\/v2\/product"}],"about":[{"href":"https:\/\/e.kosmolat.eu\/lt\/wp-json\/wp\/v2\/types\/product"}],"wp:featuredmedia":[{"embeddable":true,"href":"https:\/\/e.kosmolat.eu\/lt\/wp-json\/wp\/v2\/media\/90706"}],"wp:attachment":[{"href":"https:\/\/e.kosmolat.eu\/lt\/wp-json\/wp\/v2\/media?parent=48577"}],"wp:term":[{"taxonomy":"product_cat","embeddable":true,"href":"https:\/\/e.kosmolat.eu\/lt\/wp-json\/wp\/v2\/product_cat?post=48577"},{"taxonomy":"product_tag","embeddable":true,"href":"https:\/\/e.kosmolat.eu\/lt\/wp-json\/wp\/v2\/product_tag?post=48577"}],"curies":[{"name":"wp","href":"https:\/\/api.w.org\/{rel}","templated":true}]}}