{"id":48569,"date":"2024-04-04T04:06:35","date_gmt":"2024-04-04T04:06:35","guid":{"rendered":"https:\/\/e.kosmolat.eu\/product\/ecl-kermena-losjons-dn-organic-avocado-250-ml\/"},"modified":"2026-04-11T18:31:46","modified_gmt":"2026-04-11T18:31:46","slug":"ecl-kermena-losjons-dn-organic-avocado-250-ml","status":"publish","type":"product","link":"https:\/\/e.kosmolat.eu\/lt\/produktas\/ecl-kermena-losjons-dn-organic-avocado-250-ml\/","title":{"rendered":"ECOLATIER K\u016bno losjonas Deep Nutrition Organic Avocado, 250 ml"},"content":{"rendered":"<p>Giliai \u012fsiskverbia \u012f odos sluoksnius, prisotina j\u0105 nat\u016braliais ir organiniais &nbsp;ingredientais, gerina odos elastingum\u0105 ir stangrum\u0105. Oda tampa &scaron;ilkin\u0117, lygi, sveika ir dr\u0117kinama. Tinka visiems odos tipams. Tinka veganams.<\/p>\n<p><strong>Ingredientai:<\/strong> Organinis &scaron;alto spaudimo avokad\u0173 aliejus turi vitamin\u0173 ir antioksidant\u0173, skatina kolageno gamyb\u0105, atkuria odos barjerines funkcijas. Praturtintas vitaminais B, D, E, F ir polineso\u010diosiomis riebal\u0173 r\u016bg&scaron;timis. Veiksmingai maitina ir mink&scaron;tina od\u0105, pa&scaron;alina i&scaron;saus\u0117jim\u0105.<\/p>\n<p><strong>Aktyv\u016bs ingredientai:<\/strong><\/p>\n<ul>\n<li><strong>Alyvuogi\u0173 aliejus<\/strong> turi subalansuot\u0105 vitamin\u0173 ir riebi\u0173j\u0173 r\u016bg&scaron;\u010di\u0173 sud\u0117t\u012f, kurios maitina od\u0105 ir l\u0117tina sen\u0117jim\u0105, tod\u0117l oda tampa &scaron;velni.<\/li>\n<li><strong>Keramidai<\/strong> intensyviai dr\u0117kina, stiprina ir atkuria apsaugin\u012f odos barjer\u0105, b\u016btin\u0105 sveikai, blizgiai odai.<\/li>\n<li><strong>Kinro\u017ei\u0173 ekstraktas <\/strong>dr\u0117kina ir mink&scaron;tina od\u0105.<\/li>\n<\/ul>\n<p><strong>Naudojimas:<\/strong> tepkite ant &scaron;varios odos po du&scaron;o arba kai tik jau\u010diate poreik\u012f dr\u0117kinti. Tik i&scaron;oriniam naudojimui.<br \/>\n&nbsp;<\/p>\n","protected":false},"excerpt":{"rendered":"<p>Giliai \u012fsiskverbia \u012f odos sluoksnius, prisotina j\u0105 nat\u016braliais ir organiniais &nbsp;ingredientais, gerina odos elastingum\u0105 ir stangrum\u0105. Oda tampa &scaron;ilkin\u0117, lygi, sveika ir dr\u0117kinama. Tinka visiems odos tipams. Tinka veganams. Ingredientai: Organinis &scaron;alto spaudimo avokad\u0173 aliejus turi vitamin\u0173 ir antioksidant\u0173, skatina kolageno gamyb\u0105, atkuria odos barjerines funkcijas. Praturtintas vitaminais B, D, E, F ir polineso\u010diosiomis riebal\u0173 [&#8230;]\n","protected":false},"featured_media":90702,"template":"","meta":[],"product_cat":[1390],"product_tag":[],"class_list":{"0":"post-48569","1":"product","2":"type-product","3":"status-publish","4":"has-post-thumbnail","6":"product_brand-ecolab_cs-lt","7":"product_cat-kremai-aliejai-kuno-pienelis","9":"first","10":"instock","11":"taxable","12":"shipping-taxable","13":"product-type-simple"},"_links":{"self":[{"href":"https:\/\/e.kosmolat.eu\/lt\/wp-json\/wp\/v2\/product\/48569","targetHints":{"allow":["GET"]}}],"collection":[{"href":"https:\/\/e.kosmolat.eu\/lt\/wp-json\/wp\/v2\/product"}],"about":[{"href":"https:\/\/e.kosmolat.eu\/lt\/wp-json\/wp\/v2\/types\/product"}],"wp:featuredmedia":[{"embeddable":true,"href":"https:\/\/e.kosmolat.eu\/lt\/wp-json\/wp\/v2\/media\/90702"}],"wp:attachment":[{"href":"https:\/\/e.kosmolat.eu\/lt\/wp-json\/wp\/v2\/media?parent=48569"}],"wp:term":[{"taxonomy":"product_cat","embeddable":true,"href":"https:\/\/e.kosmolat.eu\/lt\/wp-json\/wp\/v2\/product_cat?post=48569"},{"taxonomy":"product_tag","embeddable":true,"href":"https:\/\/e.kosmolat.eu\/lt\/wp-json\/wp\/v2\/product_tag?post=48569"}],"curies":[{"name":"wp","href":"https:\/\/api.w.org\/{rel}","templated":true}]}}