{"id":48561,"date":"2024-04-04T04:06:20","date_gmt":"2024-04-04T04:06:20","guid":{"rendered":"https:\/\/e.kosmolat.eu\/product\/ecl-kermena-sviests-lf-organic-cannabis-200-ml\/"},"modified":"2026-04-11T18:31:30","modified_gmt":"2026-04-11T18:31:30","slug":"ecl-kermena-sviests-lf-organic-cannabis-200-ml","status":"publish","type":"product","link":"https:\/\/e.kosmolat.eu\/lt\/produktas\/ecl-kermena-sviests-lf-organic-cannabis-200-ml\/","title":{"rendered":"ECOLATIER K\u016bno sviestas Lifting &#038; Firming Organic Cannabis, 200 ml"},"content":{"rendered":"<p>Maitina od\u0105, didina jos elastingum\u0105 ir stangrum\u0105. Oda tampa &scaron;ilkin\u0117, sveika ir dr\u0117kinama. Tinka visiems odos tipams.<\/p>\n<p>&Scaron;alto spaudimo kanapi\u0173 aliejuje yra daug omega riebal\u0173 r\u016bg&scaron;\u010di\u0173 ir vitamin\u0173. Lengva, neriebi tekst\u016bra greitai \u012fsigeria \u012f od\u0105, neu\u017ekem&scaron;a por\u0173, prisotina l\u0105steles naudingais elementais ir palaiko sveik\u0105 odos apsaugin\u012f barjer\u0105.<\/p>\n<p><strong>Aktyv\u016bs ingredientai:<\/strong><\/p>\n<ul>\n<li><strong>Taukmed\u017ei\u0173 sviestas<\/strong> maitina ir atkuria od\u0105, suteikdamas jai aksominio &scaron;velnumo, taip pat stiprina apsaugines odos funkcijas.<\/li>\n<li><strong>Niacinamidas <\/strong>sulaiko dr\u0117gm\u0119 odoje, skatina kolageno sintez\u0119, didindamas jos elastingum\u0105 ir stangrum\u0105.<\/li>\n<li><strong>Imbier\u0173 aliejus<\/strong> atkuria, stangrina, tonizuoja ir gerina odos tekst\u016br\u0105.<\/li>\n<\/ul>\n<p><strong>Naudojimas:<\/strong> tepkite ant &scaron;varios odos po du&scaron;o arba kai od\u0105 reikia dr\u0117kinti. Tik i&scaron;oriniam naudojimui.<br \/>\n&nbsp;<\/p>\n","protected":false},"excerpt":{"rendered":"<p>Maitina od\u0105, didina jos elastingum\u0105 ir stangrum\u0105. Oda tampa &scaron;ilkin\u0117, sveika ir dr\u0117kinama. Tinka visiems odos tipams. &Scaron;alto spaudimo kanapi\u0173 aliejuje yra daug omega riebal\u0173 r\u016bg&scaron;\u010di\u0173 ir vitamin\u0173. Lengva, neriebi tekst\u016bra greitai \u012fsigeria \u012f od\u0105, neu\u017ekem&scaron;a por\u0173, prisotina l\u0105steles naudingais elementais ir palaiko sveik\u0105 odos apsaugin\u012f barjer\u0105. Aktyv\u016bs ingredientai: Taukmed\u017ei\u0173 sviestas maitina ir atkuria od\u0105, [&#8230;]\n","protected":false},"featured_media":90698,"template":"","meta":[],"product_cat":[1390],"product_tag":[],"class_list":{"0":"post-48561","1":"product","2":"type-product","3":"status-publish","4":"has-post-thumbnail","6":"product_brand-ecolab_cs-lt","7":"product_cat-kremai-aliejai-kuno-pienelis","9":"first","10":"instock","11":"taxable","12":"shipping-taxable","13":"product-type-simple"},"_links":{"self":[{"href":"https:\/\/e.kosmolat.eu\/lt\/wp-json\/wp\/v2\/product\/48561","targetHints":{"allow":["GET"]}}],"collection":[{"href":"https:\/\/e.kosmolat.eu\/lt\/wp-json\/wp\/v2\/product"}],"about":[{"href":"https:\/\/e.kosmolat.eu\/lt\/wp-json\/wp\/v2\/types\/product"}],"wp:featuredmedia":[{"embeddable":true,"href":"https:\/\/e.kosmolat.eu\/lt\/wp-json\/wp\/v2\/media\/90698"}],"wp:attachment":[{"href":"https:\/\/e.kosmolat.eu\/lt\/wp-json\/wp\/v2\/media?parent=48561"}],"wp:term":[{"taxonomy":"product_cat","embeddable":true,"href":"https:\/\/e.kosmolat.eu\/lt\/wp-json\/wp\/v2\/product_cat?post=48561"},{"taxonomy":"product_tag","embeddable":true,"href":"https:\/\/e.kosmolat.eu\/lt\/wp-json\/wp\/v2\/product_tag?post=48561"}],"curies":[{"name":"wp","href":"https:\/\/api.w.org\/{rel}","templated":true}]}}