{"id":48553,"date":"2024-04-04T04:05:39","date_gmt":"2024-04-04T04:05:39","guid":{"rendered":"https:\/\/e.kosmolat.eu\/product\/ecl-kermena-sviests-dr-organic-argana-200-ml\/"},"modified":"2026-04-11T18:31:18","modified_gmt":"2026-04-11T18:31:18","slug":"ecl-kermena-sviests-dr-organic-argana-200-ml","status":"publish","type":"product","link":"https:\/\/e.kosmolat.eu\/lt\/produktas\/ecl-kermena-sviests-dr-organic-argana-200-ml\/","title":{"rendered":"ECOLATIER K\u016bno sviestas Deep Reviving Organic Argana, 200 ml"},"content":{"rendered":"<p>Maitina od\u0105, didina jos elastingum\u0105 ir stangrum\u0105. Oda tampa &scaron;ilkin\u0117, sveika ir dr\u0117kinama. Tinka visiems odos tipams.<\/p>\n<p>&Scaron;alto spaudimo argan\u0173 aliejus yra praturtintas neso\u010di\u0173j\u0173 riebal\u0173 r\u016bg&scaron;timis ir vitaminu E, kurie yra naudingi odos sveikatai. Aliejus greitai susigeria ir prasiskverbia \u012f od\u0105, pagerina jos elastingum\u0105 ir dr\u0117kina.<\/p>\n<p><strong>Aktyv\u016bs ingredientai:<\/strong><\/p>\n<ul>\n<li><strong>Taukmed\u017ei\u0173 sviestas<\/strong> maitina ir atkuria od\u0105, suteikdamas jai aksominio &scaron;velnumo, taip pat stiprina apsaugines odos funkcijas.<\/li>\n<li><strong>Makadamij\u0173 aliejus <\/strong>mink&scaron;tina od\u0105, praturtina j\u0105 vitaminais ir giliai dr\u0117kina.<\/li>\n<\/ul>\n<p><strong>Naudojimas:<\/strong> tepkite ant &scaron;varios odos po du&scaron;o arba kai odai reikia dr\u0117kinimo. Tik i&scaron;oriniam naudojimui.<br \/>\n&nbsp;<\/p>\n","protected":false},"excerpt":{"rendered":"<p>Maitina od\u0105, didina jos elastingum\u0105 ir stangrum\u0105. Oda tampa &scaron;ilkin\u0117, sveika ir dr\u0117kinama. Tinka visiems odos tipams. &Scaron;alto spaudimo argan\u0173 aliejus yra praturtintas neso\u010di\u0173j\u0173 riebal\u0173 r\u016bg&scaron;timis ir vitaminu E, kurie yra naudingi odos sveikatai. Aliejus greitai susigeria ir prasiskverbia \u012f od\u0105, pagerina jos elastingum\u0105 ir dr\u0117kina. Aktyv\u016bs ingredientai: Taukmed\u017ei\u0173 sviestas maitina ir atkuria od\u0105, suteikdamas [&#8230;]\n","protected":false},"featured_media":90694,"template":"","meta":[],"product_cat":[1390],"product_tag":[],"class_list":{"0":"post-48553","1":"product","2":"type-product","3":"status-publish","4":"has-post-thumbnail","6":"product_brand-ecolab_cs-lt","7":"product_cat-kremai-aliejai-kuno-pienelis","9":"first","10":"instock","11":"taxable","12":"shipping-taxable","13":"product-type-simple"},"_links":{"self":[{"href":"https:\/\/e.kosmolat.eu\/lt\/wp-json\/wp\/v2\/product\/48553","targetHints":{"allow":["GET"]}}],"collection":[{"href":"https:\/\/e.kosmolat.eu\/lt\/wp-json\/wp\/v2\/product"}],"about":[{"href":"https:\/\/e.kosmolat.eu\/lt\/wp-json\/wp\/v2\/types\/product"}],"wp:featuredmedia":[{"embeddable":true,"href":"https:\/\/e.kosmolat.eu\/lt\/wp-json\/wp\/v2\/media\/90694"}],"wp:attachment":[{"href":"https:\/\/e.kosmolat.eu\/lt\/wp-json\/wp\/v2\/media?parent=48553"}],"wp:term":[{"taxonomy":"product_cat","embeddable":true,"href":"https:\/\/e.kosmolat.eu\/lt\/wp-json\/wp\/v2\/product_cat?post=48553"},{"taxonomy":"product_tag","embeddable":true,"href":"https:\/\/e.kosmolat.eu\/lt\/wp-json\/wp\/v2\/product_tag?post=48553"}],"curies":[{"name":"wp","href":"https:\/\/api.w.org\/{rel}","templated":true}]}}