{"id":48545,"date":"2024-04-04T04:05:21","date_gmt":"2024-04-04T04:05:21","guid":{"rendered":"https:\/\/e.kosmolat.eu\/product\/ecl-baby-bernu-krems-ikdienas-kopsanai-0-100-ml\/"},"modified":"2026-04-15T10:01:23","modified_gmt":"2026-04-15T10:01:23","slug":"ecl-baby-bernu-krems-ikdienas-kopsanai-0-100-ml","status":"publish","type":"product","link":"https:\/\/e.kosmolat.eu\/lt\/produktas\/ecl-baby-bernu-krems-ikdienas-kopsanai-0-100-ml\/","title":{"rendered":"ECOLATIER BABY Kremas kasdienei prie\u017ei\u016brai 0+, 100 ml"},"content":{"rendered":"<p>Kasdienei jautrios k\u016bdiki\u0173 odos prie\u017ei\u016brai nuo gimimo. Veiksmingai dr\u0117kina saus\u0105 od\u0105, ramina od\u0105 ir pa&scaron;alina pleiskanojim\u0105 bei saugo od\u0105.<\/p>\n<ul>\n<li><strong>Alyvuogi\u0173 ekstraktas<\/strong>, kuriame yra vitamino E ir neso\u010di\u0173j\u0173 riebal\u0173 r\u016bg&scaron;\u010di\u0173, intensyviai dr\u0117kina, maitina ir mink&scaron;tina od\u0105, tod\u0117l ji tampa ne\u012fprastai &scaron;velni.<\/li>\n<li><strong>Ramun\u0117li\u0173 ekstraktas ir bisabololis<\/strong> ramina sudirgusi\u0105 od\u0105.<\/li>\n<\/ul>\n<p><strong>Naudojimas:<\/strong> tepkite ant &scaron;varios, sausos odos. Tik i&scaron;oriniam naudojimui. Laikyti vaikams nepasiekiamoje vietoje.<br \/>\n&nbsp;<\/p>\n","protected":false},"excerpt":{"rendered":"<p>Kasdienei jautrios k\u016bdiki\u0173 odos prie\u017ei\u016brai nuo gimimo. Veiksmingai dr\u0117kina saus\u0105 od\u0105, ramina od\u0105 ir pa&scaron;alina pleiskanojim\u0105 bei saugo od\u0105. Alyvuogi\u0173 ekstraktas, kuriame yra vitamino E ir neso\u010di\u0173j\u0173 riebal\u0173 r\u016bg&scaron;\u010di\u0173, intensyviai dr\u0117kina, maitina ir mink&scaron;tina od\u0105, tod\u0117l ji tampa ne\u012fprastai &scaron;velni. Ramun\u0117li\u0173 ekstraktas ir bisabololis ramina sudirgusi\u0105 od\u0105. Naudojimas: tepkite ant &scaron;varios, sausos odos. Tik i&scaron;oriniam [&#8230;]\n","protected":false},"featured_media":90690,"template":"","meta":[],"product_cat":[2181],"product_tag":[],"class_list":{"0":"post-48545","1":"product","2":"type-product","3":"status-publish","4":"has-post-thumbnail","6":"product_brand-ecolab_cs-lt","7":"product_cat-bez-kategorijas-lt","9":"first","10":"instock","11":"taxable","12":"shipping-taxable","13":"product-type-simple"},"_links":{"self":[{"href":"https:\/\/e.kosmolat.eu\/lt\/wp-json\/wp\/v2\/product\/48545","targetHints":{"allow":["GET"]}}],"collection":[{"href":"https:\/\/e.kosmolat.eu\/lt\/wp-json\/wp\/v2\/product"}],"about":[{"href":"https:\/\/e.kosmolat.eu\/lt\/wp-json\/wp\/v2\/types\/product"}],"wp:featuredmedia":[{"embeddable":true,"href":"https:\/\/e.kosmolat.eu\/lt\/wp-json\/wp\/v2\/media\/90690"}],"wp:attachment":[{"href":"https:\/\/e.kosmolat.eu\/lt\/wp-json\/wp\/v2\/media?parent=48545"}],"wp:term":[{"taxonomy":"product_cat","embeddable":true,"href":"https:\/\/e.kosmolat.eu\/lt\/wp-json\/wp\/v2\/product_cat?post=48545"},{"taxonomy":"product_tag","embeddable":true,"href":"https:\/\/e.kosmolat.eu\/lt\/wp-json\/wp\/v2\/product_tag?post=48545"}],"curies":[{"name":"wp","href":"https:\/\/api.w.org\/{rel}","templated":true}]}}