{"id":48537,"date":"2024-04-04T04:05:06","date_gmt":"2024-04-04T04:05:06","guid":{"rendered":"https:\/\/e.kosmolat.eu\/product\/ecl-baby-kerm-pienins-berniem-daily-care-3-150-ml\/"},"modified":"2025-09-20T03:12:10","modified_gmt":"2025-09-20T03:12:10","slug":"i_ecl-baby-kerm-pienins-berniem-daily-care-3-150-ml","status":"publish","type":"product","link":"https:\/\/e.kosmolat.eu\/lt\/produktas\/i_ecl-baby-kerm-pienins-berniem-daily-care-3-150-ml\/","title":{"rendered":"I_ECOLATIER BABY K\u016bno pienelis vaiki\u0161kas Daily Care 3+, 150 ml"},"content":{"rendered":"<p>Kasdienei jautrios k\u016bdikio ir mamos odos prie\u017ei\u016brai. Veiksmingai dr\u0117kina saus\u0105 od\u0105, padeda nuraminti sudirginim\u0105 ir apsaugoti od\u0105.&nbsp;Medetk\u0173 ekstraktas teigiamai veikia od\u0105, ypa\u010d jautri\u0105 ir linkusi\u0105 \u012f u\u017edegimus. Pantenolis maitina ir mink&scaron;tina od\u0105, r\u016bpinasi ir apsaugo.<\/p>\n<p><strong>Naudojimas: <\/strong>tepkite ant sausos &scaron;varios odos. Tik i&scaron;oriniam naudojimui. Laikyti vaikams nepasiekiamoje vietoje.<br \/>\n&nbsp;<\/p>\n","protected":false},"excerpt":{"rendered":"<p>Kasdienei jautrios k\u016bdikio ir mamos odos prie\u017ei\u016brai. Veiksmingai dr\u0117kina saus\u0105 od\u0105, padeda nuraminti sudirginim\u0105 ir apsaugoti od\u0105.&nbsp;Medetk\u0173 ekstraktas teigiamai veikia od\u0105, ypa\u010d jautri\u0105 ir linkusi\u0105 \u012f u\u017edegimus. Pantenolis maitina ir mink&scaron;tina od\u0105, r\u016bpinasi ir apsaugo. Naudojimas: tepkite ant sausos &scaron;varios odos. Tik i&scaron;oriniam naudojimui. Laikyti vaikams nepasiekiamoje vietoje. &nbsp;<\/p>\n","protected":false},"featured_media":90686,"template":"","meta":[],"product_cat":[2181],"product_tag":[],"class_list":{"0":"post-48537","1":"product","2":"type-product","3":"status-publish","4":"has-post-thumbnail","6":"product_brand-ecolab_cs-lt","7":"product_cat-bez-kategorijas-lt","9":"first","10":"outofstock","11":"taxable","12":"shipping-taxable","13":"product-type-simple"},"_links":{"self":[{"href":"https:\/\/e.kosmolat.eu\/lt\/wp-json\/wp\/v2\/product\/48537","targetHints":{"allow":["GET"]}}],"collection":[{"href":"https:\/\/e.kosmolat.eu\/lt\/wp-json\/wp\/v2\/product"}],"about":[{"href":"https:\/\/e.kosmolat.eu\/lt\/wp-json\/wp\/v2\/types\/product"}],"wp:featuredmedia":[{"embeddable":true,"href":"https:\/\/e.kosmolat.eu\/lt\/wp-json\/wp\/v2\/media\/90686"}],"wp:attachment":[{"href":"https:\/\/e.kosmolat.eu\/lt\/wp-json\/wp\/v2\/media?parent=48537"}],"wp:term":[{"taxonomy":"product_cat","embeddable":true,"href":"https:\/\/e.kosmolat.eu\/lt\/wp-json\/wp\/v2\/product_cat?post=48537"},{"taxonomy":"product_tag","embeddable":true,"href":"https:\/\/e.kosmolat.eu\/lt\/wp-json\/wp\/v2\/product_tag?post=48537"}],"curies":[{"name":"wp","href":"https:\/\/api.w.org\/{rel}","templated":true}]}}