{"id":48521,"date":"2024-04-04T04:04:00","date_gmt":"2024-04-04T04:04:00","guid":{"rendered":"https:\/\/e.kosmolat.eu\/product\/ecl-pretcelulita-kerm-skrubis-lf-organic-cannabis-300-g\/"},"modified":"2026-04-15T10:01:08","modified_gmt":"2026-04-15T10:01:08","slug":"ecl-pretcelulita-kerm-skrubis-lf-organic-cannabis-300-g","status":"publish","type":"product","link":"https:\/\/e.kosmolat.eu\/lt\/produktas\/ecl-pretcelulita-kerm-skrubis-lf-organic-cannabis-300-g\/","title":{"rendered":"ECOLATIER Anticeliulitinis k\u016bno \u0161veitiklis Lifting &#038; Firming Organic Cannabis, 300 g"},"content":{"rendered":"<p>K\u016bno &scaron;veitiklis turi anticeliulitin\u012f poveik\u012f, taip pat daro od\u0105 stangresn\u0119 ir elastingesn\u0119.<\/p>\n<p>&Scaron;alto spaudimo kanapi\u0173 aliejuje yra daug omega riebi\u0173j\u0173 r\u016bg&scaron;\u010di\u0173 ir vitamin\u0173. Lengva, neriebi tekst\u016bra greitai \u012fsigeria \u012f od\u0105, neu\u017ekem&scaron;a por\u0173, prisotina l\u0105steles naudingais elementais ir palaiko sveik\u0105 odos apsaugin\u012f barjer\u0105. Naudojamas k\u016bno prie\u017ei\u016brai, nes apsaugo l\u0105steles nuo at&scaron;iauri\u0173 klimato s\u0105lyg\u0173, dehidratacijos ir tar&scaron;os.<\/p>\n<p><strong>Aktyv\u016bs ingredientai:<\/strong><\/p>\n<ul>\n<li><strong>J\u016bros druska <\/strong>&scaron;velniai valo od\u0105, praturtina j\u0105 mineralais ir mikroelementais, aktyvina epidermio atstatym\u0105.<\/li>\n<li><strong>Kofeinas ir imbier\u0173<\/strong> milteliai atkuria, stangrina, tonizuoja ir pagerina odos tekst\u016br\u0105.<\/li>\n<\/ul>\n<p><strong>Naudojimas:<\/strong> Tepkite ant dr\u0117gnos odos, &scaron;velniai masa\u017euokite ir nuplaukite &scaron;iltu vandeniu. Tik i&scaron;oriniam naudojimui.<br \/>\n&nbsp;<\/p>\n","protected":false},"excerpt":{"rendered":"<p>K\u016bno &scaron;veitiklis turi anticeliulitin\u012f poveik\u012f, taip pat daro od\u0105 stangresn\u0119 ir elastingesn\u0119. &Scaron;alto spaudimo kanapi\u0173 aliejuje yra daug omega riebi\u0173j\u0173 r\u016bg&scaron;\u010di\u0173 ir vitamin\u0173. Lengva, neriebi tekst\u016bra greitai \u012fsigeria \u012f od\u0105, neu\u017ekem&scaron;a por\u0173, prisotina l\u0105steles naudingais elementais ir palaiko sveik\u0105 odos apsaugin\u012f barjer\u0105. Naudojamas k\u016bno prie\u017ei\u016brai, nes apsaugo l\u0105steles nuo at&scaron;iauri\u0173 klimato s\u0105lyg\u0173, dehidratacijos ir tar&scaron;os. [&#8230;]\n","protected":false},"featured_media":90678,"template":"","meta":[],"product_cat":[2181],"product_tag":[],"class_list":{"0":"post-48521","1":"product","2":"type-product","3":"status-publish","4":"has-post-thumbnail","6":"product_brand-ecolab_cs-lt","7":"product_cat-bez-kategorijas-lt","9":"first","10":"instock","11":"taxable","12":"shipping-taxable","13":"product-type-simple"},"_links":{"self":[{"href":"https:\/\/e.kosmolat.eu\/lt\/wp-json\/wp\/v2\/product\/48521","targetHints":{"allow":["GET"]}}],"collection":[{"href":"https:\/\/e.kosmolat.eu\/lt\/wp-json\/wp\/v2\/product"}],"about":[{"href":"https:\/\/e.kosmolat.eu\/lt\/wp-json\/wp\/v2\/types\/product"}],"wp:featuredmedia":[{"embeddable":true,"href":"https:\/\/e.kosmolat.eu\/lt\/wp-json\/wp\/v2\/media\/90678"}],"wp:attachment":[{"href":"https:\/\/e.kosmolat.eu\/lt\/wp-json\/wp\/v2\/media?parent=48521"}],"wp:term":[{"taxonomy":"product_cat","embeddable":true,"href":"https:\/\/e.kosmolat.eu\/lt\/wp-json\/wp\/v2\/product_cat?post=48521"},{"taxonomy":"product_tag","embeddable":true,"href":"https:\/\/e.kosmolat.eu\/lt\/wp-json\/wp\/v2\/product_tag?post=48521"}],"curies":[{"name":"wp","href":"https:\/\/api.w.org\/{rel}","templated":true}]}}