{"id":48505,"date":"2024-04-04T04:03:31","date_gmt":"2024-04-04T04:03:31","guid":{"rendered":"https:\/\/e.kosmolat.eu\/product\/pro-retinol-12-vitamins-krems-filleris-acu-plakstin-25-g\/"},"modified":"2025-09-20T02:38:32","modified_gmt":"2025-09-20T02:38:32","slug":"pro-retinol-12-vitamins-krems-filleris-acu-plakstin-25-g","status":"publish","type":"product","link":"https:\/\/e.kosmolat.eu\/lt\/produktas\/pro-retinol-12-vitamins-krems-filleris-acu-plakstin-25-g\/","title":{"rendered":"MODUM Pro Retinol + 12 Vitamins Aki\u0173 vok\u0173 kremas-fileris, 25 g"},"content":{"rendered":"<p>Vok\u0173 kremas ma\u017eina nuovargio ir streso po\u017eymius, giliai dr\u0117kina ir kovoja su su am\u017eiumi susijusiais padariniais. 97% nat\u016brali\u0173 ingredient\u0173. Be silikon\u0173, alkoholio ir mineralini\u0173 alyv\u0173.<\/p>\n<p><strong>Vitamin\u0173 kompleksas:<\/strong><\/p>\n<ul>\n<li><strong>Pro Retinol (A)<\/strong> i&scaron;lygina smulkias rauk&scaron;leles, didina odos elastingum\u0105, aktyvina atsinaujinimo procesus, taip pat turi od\u0105 mink&scaron;tinant\u012f poveik\u012f.<\/li>\n<li><strong>Niacinamidas (B3) <\/strong>skatina kolageno sintez\u0119, dr\u0117kina, sutraukia poras, didina odos elastingum\u0105.<\/li>\n<li><strong>Vitaminas C<\/strong> saugo od\u0105 nuo prie&scaron;laikinio sen\u0117jimo, i&scaron;lygina odos atspalv\u012f ir tekst\u016br\u0105.<\/li>\n<li><strong>Vitaminas F<\/strong> greitai pa&scaron;alina sausum\u0105, pleiskanojim\u0105, atkuria odos elastingum\u0105.<\/li>\n<li><strong>Vitaminas P<\/strong> yra stiprus antioksidantas ir turi stiprinam\u0105j\u012f poveik\u012f.<\/li>\n<li><strong>Vitaminas E<\/strong> atnaujina l\u0105steles, kovoja su laisvaisiais radikalais, gerina l\u0105steli\u0173 prisotinim\u0105 deguonimi.<\/li>\n<li><strong>Nat\u016bralus vitamin\u0173 D, B1, B2, B6, B7, B9 &scaron;altinis (miel\u0117s)<\/strong> kovoja su prie&scaron;laikiniu sen\u0117jimu ir spuogais, u\u017etikrina sveik\u0105 odos spalv\u0105.<\/li>\n<li><strong>Vitaminas B5<\/strong> dr\u0117kina, atkuria ir skatina odos atsinaujinim\u0105.<\/li>\n<\/ul>\n<p><strong>Aktyv\u016bs komponentai:<\/strong><\/p>\n<ul>\n<li><strong>Hialurono r\u016bg&scaron;tis<\/strong> dr\u0117kina, gerina odos stangrum\u0105 ir elastingum\u0105, tod\u0117l ji tampa lygesn\u0117 ir labiau &scaron;vytinti.<\/li>\n<li><strong>Kokos\u0173 aliejus<\/strong> dr\u0117kina, maitina, saugo od\u0105 nuo neigiamo aplinkos poveikio.<\/li>\n<li><strong>Kofeinas <\/strong>ma\u017eina tamsius ratilus, nuovargio ir streso po\u017eymius, didina odos tonus\u0105 ir turgor\u0105.<\/li>\n<\/ul>\n<p>Sud\u0117tyje yra vitamino A. Prie&scaron; naudojant atsi\u017evelgti \u012f paros doze.<\/p>\n<p><strong>Naudojimas:<\/strong> lengvais glostymo judesiais pir&scaron;t\u0173 galiukais tepkite krem\u0105 aplink akis.<\/p>\n<p>Laikyti nuo +5 &deg;C iki +25 &deg;C temperat\u016broje.<br \/>\n&nbsp;<\/p>\n","protected":false},"excerpt":{"rendered":"<p>Vok\u0173 kremas ma\u017eina nuovargio ir streso po\u017eymius, giliai dr\u0117kina ir kovoja su su am\u017eiumi susijusiais padariniais. 97% nat\u016brali\u0173 ingredient\u0173. Be silikon\u0173, alkoholio ir mineralini\u0173 alyv\u0173. Vitamin\u0173 kompleksas: Pro Retinol (A) i&scaron;lygina smulkias rauk&scaron;leles, didina odos elastingum\u0105, aktyvina atsinaujinimo procesus, taip pat turi od\u0105 mink&scaron;tinant\u012f poveik\u012f. Niacinamidas (B3) skatina kolageno sintez\u0119, dr\u0117kina, sutraukia poras, didina odos [&#8230;]\n","protected":false},"featured_media":90158,"template":"","meta":[],"product_cat":[1590],"product_tag":[],"class_list":{"0":"post-48505","1":"product","2":"type-product","3":"status-publish","4":"has-post-thumbnail","6":"product_brand-modum_by-lt","7":"product_cat-paakiu-kremai","9":"first","10":"outofstock","11":"taxable","12":"shipping-taxable","13":"product-type-simple"},"_links":{"self":[{"href":"https:\/\/e.kosmolat.eu\/lt\/wp-json\/wp\/v2\/product\/48505","targetHints":{"allow":["GET"]}}],"collection":[{"href":"https:\/\/e.kosmolat.eu\/lt\/wp-json\/wp\/v2\/product"}],"about":[{"href":"https:\/\/e.kosmolat.eu\/lt\/wp-json\/wp\/v2\/types\/product"}],"wp:featuredmedia":[{"embeddable":true,"href":"https:\/\/e.kosmolat.eu\/lt\/wp-json\/wp\/v2\/media\/90158"}],"wp:attachment":[{"href":"https:\/\/e.kosmolat.eu\/lt\/wp-json\/wp\/v2\/media?parent=48505"}],"wp:term":[{"taxonomy":"product_cat","embeddable":true,"href":"https:\/\/e.kosmolat.eu\/lt\/wp-json\/wp\/v2\/product_cat?post=48505"},{"taxonomy":"product_tag","embeddable":true,"href":"https:\/\/e.kosmolat.eu\/lt\/wp-json\/wp\/v2\/product_tag?post=48505"}],"curies":[{"name":"wp","href":"https:\/\/api.w.org\/{rel}","templated":true}]}}