{"id":48497,"date":"2024-04-04T04:03:18","date_gmt":"2024-04-04T04:03:18","guid":{"rendered":"https:\/\/e.kosmolat.eu\/product\/modo-sejas-krems-ar-niacinamidu-5-50-g\/"},"modified":"2025-09-20T02:38:17","modified_gmt":"2025-09-20T02:38:17","slug":"modo-sejas-krems-ar-niacinamidu-5-50-g","status":"publish","type":"product","link":"https:\/\/e.kosmolat.eu\/lt\/produktas\/modo-sejas-krems-ar-niacinamidu-5-50-g\/","title":{"rendered":"MODO Veido kremas su Niacinamidu 5%, 50 g"},"content":{"rendered":"<p>Vitaminas B3 apsaugo nuo dr\u0117gm\u0117s praradimo, skatindamas keramid\u0173 sintez\u0119. Reguliuoja sebumo gamyb\u0105 ir ma\u017eina poras. Suma\u017eina rauk&scaron;li\u0173 atsiradim\u0105, skatindama kolageno gamyb\u0105. Ma\u017eina odos pigmentacij\u0105. Apsaugo nuo u\u017eter&scaron;imo.<\/p>\n<p><strong>Aktyv\u016bs ingredientai:<\/strong><\/p>\n<ul>\n<li>Kokos\u0173 aliejus<\/li>\n<li>Niacinamidas<\/li>\n<li>\u017dalios kavos ekstraktas<\/li>\n<li>Granat\u0173 ekstraktas<\/li>\n<\/ul>\n<p>Laikyti nuo +5 &deg;C iki +25 &deg;C temperat\u016broje.<br \/>\n&nbsp;<\/p>\n","protected":false},"excerpt":{"rendered":"<p>Vitaminas B3 apsaugo nuo dr\u0117gm\u0117s praradimo, skatindamas keramid\u0173 sintez\u0119. Reguliuoja sebumo gamyb\u0105 ir ma\u017eina poras. Suma\u017eina rauk&scaron;li\u0173 atsiradim\u0105, skatindama kolageno gamyb\u0105. Ma\u017eina odos pigmentacij\u0105. Apsaugo nuo u\u017eter&scaron;imo. Aktyv\u016bs ingredientai: Kokos\u0173 aliejus Niacinamidas \u017dalios kavos ekstraktas Granat\u0173 ekstraktas Laikyti nuo +5 &deg;C iki +25 &deg;C temperat\u016broje. &nbsp;<\/p>\n","protected":false},"featured_media":90154,"template":"","meta":[],"product_cat":[1322],"product_tag":[],"class_list":{"0":"post-48497","1":"product","2":"type-product","3":"status-publish","4":"has-post-thumbnail","6":"product_brand-modum_by-lt","7":"product_cat-veido-kremai","9":"first","10":"outofstock","11":"taxable","12":"shipping-taxable","13":"product-type-simple"},"_links":{"self":[{"href":"https:\/\/e.kosmolat.eu\/lt\/wp-json\/wp\/v2\/product\/48497","targetHints":{"allow":["GET"]}}],"collection":[{"href":"https:\/\/e.kosmolat.eu\/lt\/wp-json\/wp\/v2\/product"}],"about":[{"href":"https:\/\/e.kosmolat.eu\/lt\/wp-json\/wp\/v2\/types\/product"}],"wp:featuredmedia":[{"embeddable":true,"href":"https:\/\/e.kosmolat.eu\/lt\/wp-json\/wp\/v2\/media\/90154"}],"wp:attachment":[{"href":"https:\/\/e.kosmolat.eu\/lt\/wp-json\/wp\/v2\/media?parent=48497"}],"wp:term":[{"taxonomy":"product_cat","embeddable":true,"href":"https:\/\/e.kosmolat.eu\/lt\/wp-json\/wp\/v2\/product_cat?post=48497"},{"taxonomy":"product_tag","embeddable":true,"href":"https:\/\/e.kosmolat.eu\/lt\/wp-json\/wp\/v2\/product_tag?post=48497"}],"curies":[{"name":"wp","href":"https:\/\/api.w.org\/{rel}","templated":true}]}}