{"id":48403,"date":"2024-04-03T04:00:26","date_gmt":"2024-04-03T04:00:26","guid":{"rendered":"https:\/\/e.kosmolat.eu\/product\/i_effect-trojnoj-higienisks-lidzeklis-pec-skusanas-180-ml\/"},"modified":"2025-07-08T15:24:57","modified_gmt":"2025-07-08T15:24:57","slug":"i_effect-trojnoj-higienisks-lidzeklis-pec-skusanas-180-ml","status":"publish","type":"product","link":"https:\/\/e.kosmolat.eu\/lt\/produktas\/i_effect-trojnoj-higienisks-lidzeklis-pec-skusanas-180-ml\/","title":{"rendered":"I_EFFECT Trojnoj Higienin\u0117 priemon\u0117  po skutimosi, 180 ml"},"content":{"rendered":"<p>Losjonas veidui po skutimosi.<br \/>\nAromatizuoja, gaivina, mal\u0161ina dirginim\u0105.<\/p>\n<p>Naudojimas: nedidel\u012f kiek\u012f losjono u\u017etepkite ant deln\u0173 ir i\u0161 karto po skutimosi tolygiai paskirstykite ant odos.<br \/>\nVengti patekimo \u012f akis..<br \/>\nEtilo alkoholio t\u016brin\u0117 dalis yra 31,0 t\u016brio proc. &plusmn; 1.<br \/>\nLaikymo temperat\u016bra nuo +5&deg;\u0421 iki +25&deg;\u0421.<br \/>\nPagaminimo data\/partijos numeris\/galiojimo data: ant buteliuko<br \/>\n&nbsp;<\/p>\n","protected":false},"excerpt":{"rendered":"<p>Losjonas veidui po skutimosi. Aromatizuoja, gaivina, mal\u0161ina dirginim\u0105. Naudojimas: nedidel\u012f kiek\u012f losjono u\u017etepkite ant deln\u0173 ir i\u0161 karto po skutimosi tolygiai paskirstykite ant odos. Vengti patekimo \u012f akis.. Etilo alkoholio t\u016brin\u0117 dalis yra 31,0 t\u016brio proc. &plusmn; 1. Laikymo temperat\u016bra nuo +5&deg;\u0421 iki +25&deg;\u0421. Pagaminimo data\/partijos numeris\/galiojimo data: ant buteliuko &nbsp;<\/p>\n","protected":false},"featured_media":48405,"template":"","meta":[],"product_cat":[1317],"product_tag":[],"class_list":{"0":"post-48403","1":"product","2":"type-product","3":"status-publish","4":"has-post-thumbnail","6":"product_brand-effekt_ua-lt","7":"product_cat-odekolonai-ir-losjonai","9":"first","10":"outofstock","11":"taxable","12":"shipping-taxable","13":"product-type-simple"},"_links":{"self":[{"href":"https:\/\/e.kosmolat.eu\/lt\/wp-json\/wp\/v2\/product\/48403","targetHints":{"allow":["GET"]}}],"collection":[{"href":"https:\/\/e.kosmolat.eu\/lt\/wp-json\/wp\/v2\/product"}],"about":[{"href":"https:\/\/e.kosmolat.eu\/lt\/wp-json\/wp\/v2\/types\/product"}],"wp:featuredmedia":[{"embeddable":true,"href":"https:\/\/e.kosmolat.eu\/lt\/wp-json\/wp\/v2\/media\/48405"}],"wp:attachment":[{"href":"https:\/\/e.kosmolat.eu\/lt\/wp-json\/wp\/v2\/media?parent=48403"}],"wp:term":[{"taxonomy":"product_cat","embeddable":true,"href":"https:\/\/e.kosmolat.eu\/lt\/wp-json\/wp\/v2\/product_cat?post=48403"},{"taxonomy":"product_tag","embeddable":true,"href":"https:\/\/e.kosmolat.eu\/lt\/wp-json\/wp\/v2\/product_tag?post=48403"}],"curies":[{"name":"wp","href":"https:\/\/api.w.org\/{rel}","templated":true}]}}