{"id":48393,"date":"2024-04-01T04:55:34","date_gmt":"2024-04-01T04:55:34","guid":{"rendered":"https:\/\/e.kosmolat.eu\/product\/viorica-essentielle-spilvena-sprejs-100-ml\/"},"modified":"2026-04-10T05:54:33","modified_gmt":"2026-04-10T05:54:33","slug":"viorica-essentielle-spilvena-sprejs-100-ml","status":"publish","type":"product","link":"https:\/\/e.kosmolat.eu\/lt\/produktas\/viorica-essentielle-spilvena-sprejs-100-ml\/","title":{"rendered":"VIORICA ESSENTIELLE Pur\u0161kiklis pagalv\u0117ms, 100 ml"},"content":{"rendered":"<p>Kruop&scaron;\u010diai sukurtas levand\u0173, ramun\u0117li\u0173, rozmarin\u0173, pelargonij\u0173, &scaron;alavij\u0173, \u010diobreli\u0173 ir eukalipt\u0173 eterini\u0173 aliej\u0173 derinys, pasi\u017eymintis aromaterapin\u0117mis savyb\u0117mis.&nbsp;Kovoja su nerimu ir stresu, padeda lengviau u\u017emigti, skatina sveik\u0105 mieg\u0105.&nbsp;<\/p>\n<p><strong>Naudojimas: <\/strong>pur&scaron;kite ant pagalv\u0117s ir patalyn\u0117s 5-10 minu\u010di\u0173 prie&scaron; mieg\u0105. Nebandyta su gyv\u016bnais.&nbsp;<\/p>\n<p>Laikyti t&deg; nuo +5&deg;\u0421 iki +25&deg;\u0421, saugoti nuo tiesiogini\u0173 saul\u0117s spinduli\u0173.&nbsp;<br \/>\n&nbsp;<\/p>\n","protected":false},"excerpt":{"rendered":"<p>Kruop&scaron;\u010diai sukurtas levand\u0173, ramun\u0117li\u0173, rozmarin\u0173, pelargonij\u0173, &scaron;alavij\u0173, \u010diobreli\u0173 ir eukalipt\u0173 eterini\u0173 aliej\u0173 derinys, pasi\u017eymintis aromaterapin\u0117mis savyb\u0117mis.&nbsp;Kovoja su nerimu ir stresu, padeda lengviau u\u017emigti, skatina sveik\u0105 mieg\u0105.&nbsp; Naudojimas: pur&scaron;kite ant pagalv\u0117s ir patalyn\u0117s 5-10 minu\u010di\u0173 prie&scaron; mieg\u0105. Nebandyta su gyv\u016bnais.&nbsp; Laikyti t&deg; nuo +5&deg;\u0421 iki +25&deg;\u0421, saugoti nuo tiesiogini\u0173 saul\u0117s spinduli\u0173.&nbsp; &nbsp;<\/p>\n","protected":false},"featured_media":91938,"template":"","meta":[],"product_cat":[1524],"product_tag":[],"class_list":{"0":"post-48393","1":"product","2":"type-product","3":"status-publish","4":"has-post-thumbnail","6":"product_brand-viorica-cosmeplant_bg-lt","7":"product_cat-oro-gaivikliai-namu-kvapikliai","9":"first","10":"instock","11":"taxable","12":"shipping-taxable","13":"product-type-simple"},"_links":{"self":[{"href":"https:\/\/e.kosmolat.eu\/lt\/wp-json\/wp\/v2\/product\/48393","targetHints":{"allow":["GET"]}}],"collection":[{"href":"https:\/\/e.kosmolat.eu\/lt\/wp-json\/wp\/v2\/product"}],"about":[{"href":"https:\/\/e.kosmolat.eu\/lt\/wp-json\/wp\/v2\/types\/product"}],"wp:featuredmedia":[{"embeddable":true,"href":"https:\/\/e.kosmolat.eu\/lt\/wp-json\/wp\/v2\/media\/91938"}],"wp:attachment":[{"href":"https:\/\/e.kosmolat.eu\/lt\/wp-json\/wp\/v2\/media?parent=48393"}],"wp:term":[{"taxonomy":"product_cat","embeddable":true,"href":"https:\/\/e.kosmolat.eu\/lt\/wp-json\/wp\/v2\/product_cat?post=48393"},{"taxonomy":"product_tag","embeddable":true,"href":"https:\/\/e.kosmolat.eu\/lt\/wp-json\/wp\/v2\/product_tag?post=48393"}],"curies":[{"name":"wp","href":"https:\/\/api.w.org\/{rel}","templated":true}]}}