{"id":48385,"date":"2024-04-01T04:55:13","date_gmt":"2024-04-01T04:55:13","guid":{"rendered":"https:\/\/e.kosmolat.eu\/product\/cosmeplant-viriesu-losjons-pec-skus-klasiskais-100-ml\/"},"modified":"2026-04-10T05:54:19","modified_gmt":"2026-04-10T05:54:19","slug":"cosmeplant-viriesu-losjons-pec-skus-klasiskais-100-ml","status":"publish","type":"product","link":"https:\/\/e.kosmolat.eu\/lt\/produktas\/cosmeplant-viriesu-losjons-pec-skus-klasiskais-100-ml\/","title":{"rendered":"COSMEPLANT Vyri\u0161kas losjonas po skutimosi Classic, 100 ml"},"content":{"rendered":"<p>Produktas su \u0105\u017euol\u0173 \u017eiev\u0117s ir moldavi&scaron;k\u0173 bazilik\u0173 ekstraktais, skirtas tonizuoti vyr\u0173 od\u0105. Kruop&scaron;\u010diai pri\u017ei\u016bri vyr\u0173 od\u0105, suteikdama jai lygi\u0105 ir gerai pri\u017ei\u016brim\u0105 i&scaron;vaizd\u0105. Sodrus klasikinis aromatas leid\u017eia jaustis gaiviai ir patogiai.<\/p>\n<p><strong>Naudojimas:&nbsp;<\/strong>u\u017etepkite pakankam\u0105 kiek\u012f losjono ant veido ir kaklo i&scaron; karto po skutimosi.Laikyti t&deg; nuo +5&deg;\u0421 iki +25&deg;\u0421, saugoti nuo tiesiogini\u0173 saul\u0117s spinduli\u0173.&nbsp;<\/p>\n<p><strong>Geriausias: <\/strong>36 m\u0117nesiai nuo pagaminimo datos.&nbsp;<\/p>\n","protected":false},"excerpt":{"rendered":"<p>Produktas su \u0105\u017euol\u0173 \u017eiev\u0117s ir moldavi&scaron;k\u0173 bazilik\u0173 ekstraktais, skirtas tonizuoti vyr\u0173 od\u0105. Kruop&scaron;\u010diai pri\u017ei\u016bri vyr\u0173 od\u0105, suteikdama jai lygi\u0105 ir gerai pri\u017ei\u016brim\u0105 i&scaron;vaizd\u0105. Sodrus klasikinis aromatas leid\u017eia jaustis gaiviai ir patogiai. Naudojimas:&nbsp;u\u017etepkite pakankam\u0105 kiek\u012f losjono ant veido ir kaklo i&scaron; karto po skutimosi.Laikyti t&deg; nuo +5&deg;\u0421 iki +25&deg;\u0421, saugoti nuo tiesiogini\u0173 saul\u0117s spinduli\u0173.&nbsp; Geriausias: 36 [&#8230;]\n","protected":false},"featured_media":91934,"template":"","meta":[],"product_cat":[1682],"product_tag":[],"class_list":{"0":"post-48385","1":"product","2":"type-product","3":"status-publish","4":"has-post-thumbnail","6":"product_brand-viorica-cosmeplant_bg-lt","7":"product_cat-kosmetika-skutimuisi","9":"first","10":"instock","11":"taxable","12":"shipping-taxable","13":"product-type-simple"},"_links":{"self":[{"href":"https:\/\/e.kosmolat.eu\/lt\/wp-json\/wp\/v2\/product\/48385","targetHints":{"allow":["GET"]}}],"collection":[{"href":"https:\/\/e.kosmolat.eu\/lt\/wp-json\/wp\/v2\/product"}],"about":[{"href":"https:\/\/e.kosmolat.eu\/lt\/wp-json\/wp\/v2\/types\/product"}],"wp:featuredmedia":[{"embeddable":true,"href":"https:\/\/e.kosmolat.eu\/lt\/wp-json\/wp\/v2\/media\/91934"}],"wp:attachment":[{"href":"https:\/\/e.kosmolat.eu\/lt\/wp-json\/wp\/v2\/media?parent=48385"}],"wp:term":[{"taxonomy":"product_cat","embeddable":true,"href":"https:\/\/e.kosmolat.eu\/lt\/wp-json\/wp\/v2\/product_cat?post=48385"},{"taxonomy":"product_tag","embeddable":true,"href":"https:\/\/e.kosmolat.eu\/lt\/wp-json\/wp\/v2\/product_tag?post=48385"}],"curies":[{"name":"wp","href":"https:\/\/api.w.org\/{rel}","templated":true}]}}